{"id":1820,"date":"2015-10-26T18:22:08","date_gmt":"2015-10-26T17:22:08","guid":{"rendered":"https:\/\/www.solidrenner.com\/fr\/solid-filler-legante-per-parquet\/"},"modified":"2020-03-18T15:53:29","modified_gmt":"2020-03-18T14:53:29","slug":"solid-filler-legante-per-parquet","status":"publish","type":"page","link":"https:\/\/www.solidrenner.com\/fr\/solid-filler-legante-per-parquet\/","title":{"rendered":"SOLID &#8211; FILLER"},"content":{"rendered":"<div class=\"wpb-content-wrapper\">[vc_row fullwidth=&#8221;true&#8221; background_style=&#8221;full&#8221; el_class=&#8221;headerproduct&#8221;][vc_column width=&#8221;1\/2&#8243; offset=&#8221;vc_col-xs-12&#8243; css=&#8221;.vc_custom_1445759629453{padding-top: 190px !important;}&#8221;][vc_single_image image=&#8221;4765&#8243; img_size=&#8221;full&#8221; alignment=&#8221;center&#8221;][\/vc_column][vc_column width=&#8221;1\/2&#8243;][vc_single_image image=&#8221;4634&#8243; img_size=&#8221;full&#8221; alignment=&#8221;center&#8221;][\/vc_column][\/vc_row][vc_row][vc_column width=&#8221;1\/2&#8243;][vc_custom_heading text=&#8221;LA R\u00c9SINE \u00c0 MASTIC&#8221; font_container=&#8221;tag:h2|font_size:40|text_align:left|color:%2378b833&#8243; google_fonts=&#8221;font_family:Raleway%3A100%2C200%2C300%2Cregular%2C500%2C600%2C700%2C800%2C900|font_style:800%20bold%20regular%3A800%3Anormal&#8221;][vc_custom_heading text=&#8221;Le liant pour la pr\u00e9paration du mastic \u00e0 s\u00e9chage rapide.&#8221; font_container=&#8221;tag:h3|font_size:18|text_align:left|color:%23777777|line_height:1.5&#8243; google_fonts=&#8221;font_family:Raleway%3A100%2C200%2C300%2Cregular%2C500%2C600%2C700%2C800%2C900|font_style:400%20regular%3A400%3Anormal&#8221;][vc_raw_html]JTNDZGl2JTIwc3R5bGUlM0QlMjJiYWNrZ3JvdW5kJTNBJTIwdXJsJTI4JTI3JTJGd3AtY29udGVudCUyRnVwbG9hZHMlMkYyMDIwJTJGMDMlMkZoaXRlY2guanBnJTI3JTI5JTNCJTIwYmFja2dyb3VuZC1zaXplJTNBY29udGFpbiUzQiUyMGJhY2tncm91bmQtcG9zaXRpb24lM0FjZW50ZXIlMjB0b3AlM0IlMjBiYWNrZ3JvdW5kLXJlcGVhdCUzQW5vLXJlcGVhdCUzQiUyMGhlaWdodCUzQTEwMHB4JTNCJTIwd2lkdGglM0ElMjAxNi42NjY2NjY2NyUyNSUzQiUyMGZsb2F0JTNBbGVmdCUyMiUzRSUzQyUyRmRpdiUzRSUwQSUwQSUwQSUzQ2RpdiUyMHN0eWxlJTNEJTIyY2xlYXIlM0ElMjBib3RoJTIyJTNFJTNDJTJGZGl2JTNFJTIw[\/vc_raw_html][vc_btn title=&#8221;T\u00c9L\u00c9CHARGEZ LA FICHE DU PRODUIT&#8221; style=&#8221;outline&#8221; shape=&#8221;square&#8221; color=&#8221;green&#8221; i_icon_fontawesome=&#8221;fa fa-file-pdf-o&#8221; add_icon=&#8221;true&#8221; link=&#8221;url:http%3A%2F%2Fsolidrenner.com%2Fwp-content%2Fuploads%2Fpdf%2Fprod%2Ffr_prod_solid_filler.pdf||target:%20_blank|&#8221; css=&#8221;.vc_custom_1583334957799{margin-bottom: 30px !important;}&#8221;][vc_btn title=&#8221;T\u00c9L\u00c9CHARGEZ LA FICHE TECNIQUE&#8221; style=&#8221;outline&#8221; shape=&#8221;square&#8221; color=&#8221;green&#8221; i_icon_fontawesome=&#8221;fa fa-file-pdf-o&#8221; add_icon=&#8221;true&#8221; link=&#8221;url:http%3A%2F%2Fsolidrenner.com%2Fwp-content%2Fuploads%2Fpdf%2Ftech%2Ffr_tech_solid_filler.pdf||target:%20_blank|&#8221; css=&#8221;.vc_custom_1583334970070{margin-bottom: 30px !important;}&#8221;][\/vc_column][vc_column width=&#8221;1\/2&#8243;][\/vc_column][\/vc_row][vc_row css=&#8221;.vc_custom_1445874591287{padding-top: 30px !important;}&#8221;][vc_column][vc_custom_heading text=&#8221;LES PRODUITS AUXILIAIRES&#8221; font_container=&#8221;tag:h2|font_size:40|text_align:left|color:%2378b833&#8243; google_fonts=&#8221;font_family:Raleway%3A100%2C200%2C300%2Cregular%2C500%2C600%2C700%2C800%2C900|font_style:800%20bold%20regular%3A800%3Anormal&#8221;][vc_separator color=&#8221;custom&#8221; style=&#8221;dashed&#8221; border_width=&#8221;2&#8243; accent_color=&#8221;#78b833&#8243;][\/vc_column][\/vc_row][vc_row][vc_column width=&#8221;1\/4&#8243;][vc_single_image image=&#8221;4633&#8243; img_size=&#8221;full&#8221; alignment=&#8221;center&#8221; onclick=&#8221;custom_link&#8221; css_animation=&#8221;top-to-bottom&#8221; link=&#8221;\/fr\/solid-2k-catalizzatore-per-parquet\/&#8221; css=&#8221;.vc_custom_1584543080333{margin-bottom: 20px !important;}&#8221;][vc_custom_heading text=&#8221;<strong>SOLID<\/strong>2K&#8221; font_container=&#8221;tag:h3|font_size:22|text_align:center|color:%2380bd01&#8243; google_fonts=&#8221;font_family:Raleway%3A100%2C200%2C300%2Cregular%2C500%2C600%2C700%2C800%2C900|font_style:400%20regular%3A400%3Anormal&#8221;][vc_btn title=&#8221;&#8221; style=&#8221;classic&#8221; shape=&#8221;round&#8221; color=&#8221;green&#8221; align=&#8221;center&#8221; i_type=&#8221;entypo&#8221; i_icon_entypo=&#8221;entypo-icon entypo-icon-right-open-big&#8221; add_icon=&#8221;true&#8221; link=&#8221;url:%2Ffr%2Fsolid-2k-catalizzatore-per-parquet%2F|||&#8221; css=&#8221;.vc_custom_1582648625093{margin-bottom: 30px !important;}&#8221;][\/vc_column][vc_column width=&#8221;1\/4&#8243;][vc_single_image image=&#8221;4634&#8243; img_size=&#8221;full&#8221; alignment=&#8221;center&#8221; onclick=&#8221;custom_link&#8221; css_animation=&#8221;top-to-bottom&#8221; link=&#8221;\/fr\/solid-filler&#8221; css=&#8221;.vc_custom_1584543089929{margin-bottom: 20px !important;}&#8221;][vc_custom_heading text=&#8221;<strong>SOLID<\/strong>FILLER&#8221; font_container=&#8221;tag:h3|font_size:22|text_align:center|color:%23e31f24&#8243; google_fonts=&#8221;font_family:Raleway%3A100%2C200%2C300%2Cregular%2C500%2C600%2C700%2C800%2C900|font_style:400%20regular%3A400%3Anormal&#8221;][vc_btn title=&#8221;&#8221; style=&#8221;classic&#8221; shape=&#8221;round&#8221; color=&#8221;green&#8221; align=&#8221;center&#8221; i_type=&#8221;entypo&#8221; i_icon_entypo=&#8221;entypo-icon entypo-icon-right-open-big&#8221; add_icon=&#8221;true&#8221; link=&#8221;url:http%3A%2F%2Fsolidrenner.com%2Ffr%2Fsolid-filler||&#8221; css=&#8221;.vc_custom_1475567092030{margin-bottom: 30px !important;}&#8221;][\/vc_column][vc_column width=&#8221;1\/4&#8243;][vc_single_image image=&#8221;4635&#8243; img_size=&#8221;full&#8221; alignment=&#8221;center&#8221; onclick=&#8221;custom_link&#8221; css_animation=&#8221;top-to-bottom&#8221; link=&#8221;\/fr\/solid-longlife&#8221; css=&#8221;.vc_custom_1584543101347{margin-bottom: 20px !important;}&#8221;][vc_custom_heading text=&#8221;<strong>SOLID<\/strong>LONGLIFE&#8221; font_container=&#8221;tag:h3|font_size:22|text_align:center|color:%230078bf&#8221; google_fonts=&#8221;font_family:Raleway%3A100%2C200%2C300%2Cregular%2C500%2C600%2C700%2C800%2C900|font_style:300%20light%20regular%3A300%3Anormal&#8221;][vc_btn title=&#8221;&#8221; style=&#8221;classic&#8221; shape=&#8221;round&#8221; color=&#8221;green&#8221; align=&#8221;center&#8221; i_type=&#8221;entypo&#8221; i_icon_entypo=&#8221;entypo-icon entypo-icon-right-open-big&#8221; add_icon=&#8221;true&#8221; link=&#8221;url:http%3A%2F%2Fsolidrenner.com%2Ffr%2Fsolid-longlife||&#8221; css=&#8221;.vc_custom_1475567101193{margin-bottom: 30px !important;}&#8221;][\/vc_column][vc_column width=&#8221;1\/4&#8243;][vc_single_image image=&#8221;2615&#8243; img_size=&#8221;full&#8221; alignment=&#8221;center&#8221; onclick=&#8221;custom_link&#8221; css_animation=&#8221;top-to-bottom&#8221; link=&#8221;\/fr\/solid-remove\/&#8221; css=&#8221;.vc_custom_1582644237128{margin-bottom: 20px !important;}&#8221;][vc_custom_heading text=&#8221;<strong>SOLID<\/strong>REMOVE&#8221; font_container=&#8221;tag:h3|font_size:22|text_align:center|color:%23e31f24&#8243; google_fonts=&#8221;font_family:Raleway%3A100%2C200%2C300%2Cregular%2C500%2C600%2C700%2C800%2C900|font_style:400%20regular%3A400%3Anormal&#8221;][vc_btn title=&#8221;&#8221; style=&#8221;classic&#8221; shape=&#8221;round&#8221; color=&#8221;green&#8221; align=&#8221;center&#8221; i_type=&#8221;entypo&#8221; i_icon_entypo=&#8221;entypo-icon entypo-icon-right-open-big&#8221; add_icon=&#8221;true&#8221; link=&#8221;url:http%3A%2F%2Fsolidrenner.com%2Ffr%2Fsolid-remove|||&#8221; css=&#8221;.vc_custom_1520439911818{margin-bottom: 30px !important;}&#8221;][\/vc_column][\/vc_row][vc_row css=&#8221;.vc_custom_1445874581731{padding-top: 30px !important;}&#8221;][vc_column][vc_btn title=&#8221;VISUALISER LA GAMME COMPL\u00c8TE&#8221; style=&#8221;outline&#8221; shape=&#8221;square&#8221; color=&#8221;green&#8221; align=&#8221;center&#8221; button_block=&#8221;true&#8221; link=&#8221;url:%2Ffr%2Fparquet-vernici-gamma%2F|||&#8221; css=&#8221;.vc_custom_1582644390927{margin-bottom: 30px !important;}&#8221;][\/vc_column][\/vc_row]\n<\/div>","protected":false},"excerpt":{"rendered":"<p>[vc_row fullwidth=&#8221;true&#8221; background_style=&#8221;full&#8221; el_class=&#8221;headerproduct&#8221;][vc_column width=&#8221;1\/2&#8243; offset=&#8221;vc_col-xs-12&#8243; css=&#8221;.vc_custom_1445759629453{padding-top: 190px !important;}&#8221;][vc_single_image image=&#8221;4765&#8243; img_size=&#8221;full&#8221; alignment=&#8221;center&#8221;][\/vc_column][vc_column width=&#8221;1\/2&#8243;][vc_single_image image=&#8221;4634&#8243; img_size=&#8221;full&#8221; alignment=&#8221;center&#8221;][\/vc_column][\/vc_row][vc_row][vc_column width=&#8221;1\/2&#8243;][vc_custom_heading text=&#8221;LA R\u00c9SINE \u00c0 MASTIC&#8221; font_container=&#8221;tag:h2|font_size:40|text_align:left|color:%2378b833&#8243; google_fonts=&#8221;font_family:Raleway%3A100%2C200%2C300%2Cregular%2C500%2C600%2C700%2C800%2C900|font_style:800%20bold%20regular%3A800%3Anormal&#8221;][vc_custom_heading text=&#8221;Le liant pour la pr\u00e9paration du mastic \u00e0 s\u00e9chage rapide.&#8221; font_container=&#8221;tag:h3|font_size:18|text_align:left|color:%23777777|line_height:1.5&#8243; google_fonts=&#8221;font_family:Raleway%3A100%2C200%2C300%2Cregular%2C500%2C600%2C700%2C800%2C900|font_style:400%20regular%3A400%3Anormal&#8221;][vc_raw_html]JTNDZGl2JTIwc3R5bGUlM0QlMjJiYWNrZ3JvdW5kJTNBJTIwdXJsJTI4JTI3JTJGd3AtY29udGVudCUyRnVwbG9hZHMlMkYyMDIwJTJGMDMlMkZoaXRlY2guanBnJTI3JTI5JTNCJTIwYmFja2dyb3VuZC1zaXplJTNBY29udGFpbiUzQiUyMGJhY2tncm91bmQtcG9zaXRpb24lM0FjZW50ZXIlMjB0b3AlM0IlMjBiYWNrZ3JvdW5kLXJlcGVhdCUzQW5vLXJlcGVhdCUzQiUyMGhlaWdodCUzQTEwMHB4JTNCJTIwd2lkdGglM0ElMjAxNi42NjY2NjY2NyUyNSUzQiUyMGZsb2F0JTNBbGVmdCUyMiUzRSUzQyUyRmRpdiUzRSUwQSUwQSUwQSUzQ2RpdiUyMHN0eWxlJTNEJTIyY2xlYXIlM0ElMjBib3RoJTIyJTNFJTNDJTJGZGl2JTNFJTIw[\/vc_raw_html][vc_btn title=&#8221;T\u00c9L\u00c9CHARGEZ LA FICHE DU PRODUIT&#8221; style=&#8221;outline&#8221; shape=&#8221;square&#8221; color=&#8221;green&#8221; i_icon_fontawesome=&#8221;fa fa-file-pdf-o&#8221; add_icon=&#8221;true&#8221; link=&#8221;url:http%3A%2F%2Fsolidrenner.com%2Fwp-content%2Fuploads%2Fpdf%2Fprod%2Ffr_prod_solid_filler.pdf||target:%20_blank|&#8221; css=&#8221;.vc_custom_1583334957799{margin-bottom: 30px !important;}&#8221;][vc_btn title=&#8221;T\u00c9L\u00c9CHARGEZ LA FICHE TECNIQUE&#8221; style=&#8221;outline&#8221; [&hellip;]<\/p>\n","protected":false},"author":1,"featured_media":0,"parent":0,"menu_order":0,"comment_status":"closed","ping_status":"open","template":"","meta":{"footnotes":""},"class_list":["post-1820","page","type-page","status-publish","hentry"],"yoast_head":"<!-- This site is optimized with the Yoast SEO plugin v26.6 - https:\/\/yoast.com\/wordpress\/plugins\/seo\/ -->\n<title>SOLID - FILLER - Solid Renner<\/title>\n<meta name=\"description\" content=\"Solid Filler - Il legante per parquet per la preparazione dello stucco a rapida essiccazione\" \/>\n<meta name=\"robots\" content=\"index, follow, max-snippet:-1, max-image-preview:large, max-video-preview:-1\" \/>\n<link rel=\"canonical\" href=\"https:\/\/www.solidrenner.com\/legante-parquet\/\" \/>\n<meta property=\"og:locale\" content=\"fr_FR\" \/>\n<meta property=\"og:type\" content=\"article\" \/>\n<meta property=\"og:title\" content=\"SOLID - FILLER - Solid Renner\" \/>\n<meta property=\"og:description\" content=\"Solid Filler - Il legante per parquet per la preparazione dello stucco a rapida essiccazione\" \/>\n<meta property=\"og:url\" content=\"https:\/\/www.solidrenner.com\/legante-parquet\/\" \/>\n<meta property=\"og:site_name\" content=\"Solid Renner\" \/>\n<meta property=\"article:modified_time\" content=\"2020-03-18T14:53:29+00:00\" \/>\n<meta name=\"twitter:card\" content=\"summary_large_image\" \/>\n<meta name=\"twitter:label1\" content=\"Est. reading time\" \/>\n\t<meta name=\"twitter:data1\" content=\"4 minutes\" \/>\n<script type=\"application\/ld+json\" class=\"yoast-schema-graph\">{\"@context\":\"https:\/\/schema.org\",\"@graph\":[{\"@type\":\"WebPage\",\"@id\":\"https:\/\/www.solidrenner.com\/legante-parquet\/\",\"url\":\"https:\/\/www.solidrenner.com\/legante-parquet\/\",\"name\":\"SOLID - FILLER - Solid Renner\",\"isPartOf\":{\"@id\":\"https:\/\/www.solidrenner.com\/#website\"},\"datePublished\":\"2015-10-26T17:22:08+00:00\",\"dateModified\":\"2020-03-18T14:53:29+00:00\",\"description\":\"Solid Filler - Il legante per parquet per la preparazione dello stucco a rapida essiccazione\",\"breadcrumb\":{\"@id\":\"https:\/\/www.solidrenner.com\/legante-parquet\/#breadcrumb\"},\"inLanguage\":\"fr-FR\",\"potentialAction\":[{\"@type\":\"ReadAction\",\"target\":[\"https:\/\/www.solidrenner.com\/legante-parquet\/\"]}]},{\"@type\":\"BreadcrumbList\",\"@id\":\"https:\/\/www.solidrenner.com\/legante-parquet\/#breadcrumb\",\"itemListElement\":[{\"@type\":\"ListItem\",\"position\":1,\"name\":\"Home\",\"item\":\"https:\/\/www.solidrenner.com\/fr\/\"},{\"@type\":\"ListItem\",\"position\":2,\"name\":\"SOLID &#8211; FILLER\"}]},{\"@type\":\"WebSite\",\"@id\":\"https:\/\/www.solidrenner.com\/#website\",\"url\":\"https:\/\/www.solidrenner.com\/\",\"name\":\"Solid Renner\",\"description\":\"Le vernici per il parquet di Renner Italia\",\"potentialAction\":[{\"@type\":\"SearchAction\",\"target\":{\"@type\":\"EntryPoint\",\"urlTemplate\":\"https:\/\/www.solidrenner.com\/?s={search_term_string}\"},\"query-input\":{\"@type\":\"PropertyValueSpecification\",\"valueRequired\":true,\"valueName\":\"search_term_string\"}}],\"inLanguage\":\"fr-FR\"}]}<\/script>\n<!-- \/ Yoast SEO plugin. -->","yoast_head_json":{"title":"SOLID - FILLER - Solid Renner","description":"Solid Filler - Il legante per parquet per la preparazione dello stucco a rapida essiccazione","robots":{"index":"index","follow":"follow","max-snippet":"max-snippet:-1","max-image-preview":"max-image-preview:large","max-video-preview":"max-video-preview:-1"},"canonical":"https:\/\/www.solidrenner.com\/legante-parquet\/","og_locale":"fr_FR","og_type":"article","og_title":"SOLID - FILLER - Solid Renner","og_description":"Solid Filler - Il legante per parquet per la preparazione dello stucco a rapida essiccazione","og_url":"https:\/\/www.solidrenner.com\/legante-parquet\/","og_site_name":"Solid Renner","article_modified_time":"2020-03-18T14:53:29+00:00","twitter_card":"summary_large_image","twitter_misc":{"Est. reading time":"4 minutes"},"schema":{"@context":"https:\/\/schema.org","@graph":[{"@type":"WebPage","@id":"https:\/\/www.solidrenner.com\/legante-parquet\/","url":"https:\/\/www.solidrenner.com\/legante-parquet\/","name":"SOLID - FILLER - Solid Renner","isPartOf":{"@id":"https:\/\/www.solidrenner.com\/#website"},"datePublished":"2015-10-26T17:22:08+00:00","dateModified":"2020-03-18T14:53:29+00:00","description":"Solid Filler - Il legante per parquet per la preparazione dello stucco a rapida essiccazione","breadcrumb":{"@id":"https:\/\/www.solidrenner.com\/legante-parquet\/#breadcrumb"},"inLanguage":"fr-FR","potentialAction":[{"@type":"ReadAction","target":["https:\/\/www.solidrenner.com\/legante-parquet\/"]}]},{"@type":"BreadcrumbList","@id":"https:\/\/www.solidrenner.com\/legante-parquet\/#breadcrumb","itemListElement":[{"@type":"ListItem","position":1,"name":"Home","item":"https:\/\/www.solidrenner.com\/fr\/"},{"@type":"ListItem","position":2,"name":"SOLID &#8211; FILLER"}]},{"@type":"WebSite","@id":"https:\/\/www.solidrenner.com\/#website","url":"https:\/\/www.solidrenner.com\/","name":"Solid Renner","description":"Le vernici per il parquet di Renner Italia","potentialAction":[{"@type":"SearchAction","target":{"@type":"EntryPoint","urlTemplate":"https:\/\/www.solidrenner.com\/?s={search_term_string}"},"query-input":{"@type":"PropertyValueSpecification","valueRequired":true,"valueName":"search_term_string"}}],"inLanguage":"fr-FR"}]}},"_links":{"self":[{"href":"https:\/\/www.solidrenner.com\/fr\/wp-json\/wp\/v2\/pages\/1820","targetHints":{"allow":["GET"]}}],"collection":[{"href":"https:\/\/www.solidrenner.com\/fr\/wp-json\/wp\/v2\/pages"}],"about":[{"href":"https:\/\/www.solidrenner.com\/fr\/wp-json\/wp\/v2\/types\/page"}],"author":[{"embeddable":true,"href":"https:\/\/www.solidrenner.com\/fr\/wp-json\/wp\/v2\/users\/1"}],"replies":[{"embeddable":true,"href":"https:\/\/www.solidrenner.com\/fr\/wp-json\/wp\/v2\/comments?post=1820"}],"version-history":[{"count":14,"href":"https:\/\/www.solidrenner.com\/fr\/wp-json\/wp\/v2\/pages\/1820\/revisions"}],"predecessor-version":[{"id":4766,"href":"https:\/\/www.solidrenner.com\/fr\/wp-json\/wp\/v2\/pages\/1820\/revisions\/4766"}],"wp:attachment":[{"href":"https:\/\/www.solidrenner.com\/fr\/wp-json\/wp\/v2\/media?parent=1820"}],"curies":[{"name":"wp","href":"https:\/\/api.w.org\/{rel}","templated":true}]}}