{"id":1814,"date":"2016-09-23T11:41:57","date_gmt":"2016-09-23T09:41:57","guid":{"rendered":"https:\/\/www.solidrenner.com\/fr\/?page_id=1814"},"modified":"2020-03-18T11:57:26","modified_gmt":"2020-03-18T10:57:26","slug":"primer-parquet","status":"publish","type":"page","link":"https:\/\/www.solidrenner.com\/fr\/primer-parquet\/","title":{"rendered":"SOLID &#8211; BASE"},"content":{"rendered":"<div class=\"wpb-content-wrapper\">[vc_row fullwidth=&#8221;true&#8221; background_style=&#8221;full&#8221; el_class=&#8221;headerproduct&#8221;][vc_column width=&#8221;1\/2&#8243; offset=&#8221;vc_col-xs-12&#8243; css=&#8221;.vc_custom_1445759629453{padding-top: 190px !important;}&#8221;][vc_single_image image=&#8221;4650&#8243; img_size=&#8221;full&#8221; alignment=&#8221;center&#8221;][\/vc_column][vc_column width=&#8221;1\/2&#8243;][vc_single_image image=&#8221;4624&#8243; img_size=&#8221;full&#8221; alignment=&#8221;center&#8221;][\/vc_column][\/vc_row][vc_row][vc_column width=&#8221;1\/2&#8243;][vc_custom_heading text=&#8221;LE PRIMAIRE&#8221; font_container=&#8221;tag:h2|font_size:40|text_align:left|color:%2378b833&#8243; google_fonts=&#8221;font_family:Raleway%3A100%2C200%2C300%2Cregular%2C500%2C600%2C700%2C800%2C900|font_style:800%20bold%20regular%3A800%3Anormal&#8221;][vc_custom_heading text=&#8221;Le primaire hydro avec des excellentes caract\u00e9ristiques<br \/>\nde mouillabilit\u00e9, qui ravive le bois&#8221; font_container=&#8221;tag:h3|font_size:18|text_align:left|color:%23777777|line_height:1.5&#8243; google_fonts=&#8221;font_family:Raleway%3A100%2C200%2C300%2Cregular%2C500%2C600%2C700%2C800%2C900|font_style:400%20regular%3A400%3Anormal&#8221;][vc_raw_html]JTNDZGl2JTIwc3R5bGUlM0QlMjJiYWNrZ3JvdW5kJTNBJTIwdXJsJTI4JTI3JTJGd3AtY29udGVudCUyRnVwbG9hZHMlMkYyMDIwJTJGMDMlMkZlY29mcmllbmRseS5qcGclMjclMjklM0IlMjBiYWNrZ3JvdW5kLXNpemUlM0Fjb250YWluJTNCJTIwYmFja2dyb3VuZC1wb3NpdGlvbiUzQWNlbnRlciUyMHRvcCUzQiUyMGJhY2tncm91bmQtcmVwZWF0JTNBbm8tcmVwZWF0JTNCJTIwaGVpZ2h0JTNBMTAwcHglM0IlMjB3aWR0aCUzQSUyMDE2LjY2NjY2NjY3JTI1JTNCJTIwZmxvYXQlM0FsZWZ0JTIyJTNFJTNDJTJGZGl2JTNFJTBBJTBBJTNDZGl2JTIwc3R5bGUlM0QlMjJiYWNrZ3JvdW5kJTNBJTIwdXJsJTI4JTI3JTJGd3AtY29udGVudCUyRnVwbG9hZHMlMkYyMDIwJTJGMDMlMkZoaXRlY2guanBnJTI3JTI5JTNCJTIwYmFja2dyb3VuZC1zaXplJTNBY29udGFpbiUzQiUyMGJhY2tncm91bmQtcG9zaXRpb24lM0FjZW50ZXIlMjB0b3AlM0IlMjBiYWNrZ3JvdW5kLXJlcGVhdCUzQW5vLXJlcGVhdCUzQiUyMGhlaWdodCUzQTEwMHB4JTNCJTIwd2lkdGglM0ElMjAxNi42NjY2NjY2NyUyNSUzQiUyMGZsb2F0JTNBbGVmdCUyMiUzRSUzQyUyRmRpdiUzRSUwQSUwQSUzQ2RpdiUyMHN0eWxlJTNEJTIyY2xlYXIlM0ElMjBib3RoJTIyJTNFJTNDJTJGZGl2JTNFJTIw[\/vc_raw_html][vc_btn title=&#8221;T\u00c9L\u00c9CHARGEZ LA FICHE DU PRODUIT&#8221; style=&#8221;outline&#8221; shape=&#8221;square&#8221; color=&#8221;green&#8221; i_icon_fontawesome=&#8221;fa fa-file-pdf-o&#8221; add_icon=&#8221;true&#8221; link=&#8221;url:http%3A%2F%2Fsolidrenner.com%2Fwp-content%2Fuploads%2Fpdf%2Fprod%2Ffr_prod_solid_base.pdf||target:%20_blank|&#8221; css=&#8221;.vc_custom_1583328055539{margin-bottom: 30px !important;}&#8221;][vc_btn title=&#8221;T\u00c9L\u00c9CHARGEZ LA FICHE TECNIQUE&#8221; style=&#8221;outline&#8221; shape=&#8221;square&#8221; color=&#8221;green&#8221; i_icon_fontawesome=&#8221;fa fa-file-pdf-o&#8221; add_icon=&#8221;true&#8221; link=&#8221;url:http%3A%2F%2Fsolidrenner.com%2Fwp-content%2Fuploads%2Fpdf%2Ftech%2Ffr_tech_solid_base.pdf||target:%20_blank|&#8221; css=&#8221;.vc_custom_1583328070336{margin-bottom: 30px !important;}&#8221;][\/vc_column][vc_column width=&#8221;1\/2&#8243;][vc_row_inner][vc_column_inner width=&#8221;1\/4&#8243;][vc_single_image image=&#8221;468&#8243; img_size=&#8221;full&#8221; alignment=&#8221;center&#8221;][\/vc_column_inner][vc_column_inner width=&#8221;3\/4&#8243; css=&#8221;.vc_custom_1445704477666{padding-top: 20px !important;}&#8221;][vc_custom_heading text=&#8221;Bien m\u00e9langer avant l\u2019utilisation.<br \/>\nAjouter le durcisseur Solid2K, proportion 10%&#8221; font_container=&#8221;tag:h4|font_size:14|text_align:left|color:%23777777|line_height:1.5&#8243; google_fonts=&#8221;font_family:Raleway%3A100%2C200%2C300%2Cregular%2C500%2C600%2C700%2C800%2C900|font_style:400%20regular%3A400%3Anormal&#8221;][\/vc_column_inner][\/vc_row_inner][vc_row_inner][vc_column_inner width=&#8221;1\/4&#8243;][vc_single_image image=&#8221;472&#8243; img_size=&#8221;full&#8221; alignment=&#8221;center&#8221;][\/vc_column_inner][vc_column_inner width=&#8221;3\/4&#8243; css=&#8221;.vc_custom_1445704058933{padding-top: 20px !important;}&#8221;][vc_custom_heading text=&#8221;Application avec brosse ou au rouleau.<br \/>\nVernir \u00e0 une temp\u00e9rature sup\u00e9rieure \u00e0 10\u00b0C&#8221; font_container=&#8221;tag:h4|font_size:14|text_align:left|color:%23777777|line_height:1.5&#8243; google_fonts=&#8221;font_family:Raleway%3A100%2C200%2C300%2Cregular%2C500%2C600%2C700%2C800%2C900|font_style:400%20regular%3A400%3Anormal&#8221;][\/vc_column_inner][\/vc_row_inner][vc_row_inner][vc_column_inner width=&#8221;1\/4&#8243;][vc_single_image image=&#8221;474&#8243; img_size=&#8221;full&#8221; alignment=&#8221;center&#8221;][\/vc_column_inner][vc_column_inner width=&#8221;3\/4&#8243; css=&#8221;.vc_custom_1445704058933{padding-top: 20px !important;}&#8221;][vc_custom_heading text=&#8221;Rendement par couche :<br \/>\n10-12 m<sup>2<\/sup>\/L&#8221; font_container=&#8221;tag:h4|font_size:14|text_align:left|color:%23777777|line_height:1.5&#8243; google_fonts=&#8221;font_family:Raleway%3A100%2C200%2C300%2Cregular%2C500%2C600%2C700%2C800%2C900|font_style:400%20regular%3A400%3Anormal&#8221;][\/vc_column_inner][\/vc_row_inner][vc_row_inner][vc_column_inner width=&#8221;1\/4&#8243;][vc_single_image image=&#8221;613&#8243; img_size=&#8221;full&#8221; alignment=&#8221;center&#8221;][\/vc_column_inner][vc_column_inner width=&#8221;3\/4&#8243; css=&#8221;.vc_custom_1445704058933{padding-top: 20px !important;}&#8221;][vc_custom_heading text=&#8221;Pon\u00e7abilit\u00e9 :<br \/>\n12 heures&#8221; font_container=&#8221;tag:h4|font_size:14|text_align:left|color:%23777777|line_height:1.5&#8243; google_fonts=&#8221;font_family:Raleway%3A100%2C200%2C300%2Cregular%2C500%2C600%2C700%2C800%2C900|font_style:400%20regular%3A400%3Anormal&#8221;][\/vc_column_inner][\/vc_row_inner][\/vc_column][\/vc_row][vc_row css=&#8221;.vc_custom_1445874581731{padding-top: 30px !important;}&#8221;][vc_column][vc_btn title=&#8221;VISUALISER LA GAMME COMPL\u00c8TE&#8221; style=&#8221;outline&#8221; shape=&#8221;square&#8221; color=&#8221;green&#8221; align=&#8221;center&#8221; button_block=&#8221;true&#8221; link=&#8221;url:http%3A%2F%2Fsolidrenner.com%2Ffr%2Fparquet-vernici-gamma|||&#8221; css=&#8221;.vc_custom_1582639685979{margin-bottom: 30px !important;}&#8221;][\/vc_column][\/vc_row]\n<\/div>","protected":false},"excerpt":{"rendered":"<p>[vc_row fullwidth=&#8221;true&#8221; background_style=&#8221;full&#8221; el_class=&#8221;headerproduct&#8221;][vc_column width=&#8221;1\/2&#8243; offset=&#8221;vc_col-xs-12&#8243; css=&#8221;.vc_custom_1445759629453{padding-top: 190px !important;}&#8221;][vc_single_image image=&#8221;4650&#8243; img_size=&#8221;full&#8221; alignment=&#8221;center&#8221;][\/vc_column][vc_column width=&#8221;1\/2&#8243;][vc_single_image image=&#8221;4624&#8243; img_size=&#8221;full&#8221; alignment=&#8221;center&#8221;][\/vc_column][\/vc_row][vc_row][vc_column width=&#8221;1\/2&#8243;][vc_custom_heading text=&#8221;LE PRIMAIRE&#8221; font_container=&#8221;tag:h2|font_size:40|text_align:left|color:%2378b833&#8243; google_fonts=&#8221;font_family:Raleway%3A100%2C200%2C300%2Cregular%2C500%2C600%2C700%2C800%2C900|font_style:800%20bold%20regular%3A800%3Anormal&#8221;][vc_custom_heading text=&#8221;Le primaire hydro avec des excellentes caract\u00e9ristiques de mouillabilit\u00e9, qui ravive le bois&#8221; font_container=&#8221;tag:h3|font_size:18|text_align:left|color:%23777777|line_height:1.5&#8243; google_fonts=&#8221;font_family:Raleway%3A100%2C200%2C300%2Cregular%2C500%2C600%2C700%2C800%2C900|font_style:400%20regular%3A400%3Anormal&#8221;][vc_raw_html]JTNDZGl2JTIwc3R5bGUlM0QlMjJiYWNrZ3JvdW5kJTNBJTIwdXJsJTI4JTI3JTJGd3AtY29udGVudCUyRnVwbG9hZHMlMkYyMDIwJTJGMDMlMkZlY29mcmllbmRseS5qcGclMjclMjklM0IlMjBiYWNrZ3JvdW5kLXNpemUlM0Fjb250YWluJTNCJTIwYmFja2dyb3VuZC1wb3NpdGlvbiUzQWNlbnRlciUyMHRvcCUzQiUyMGJhY2tncm91bmQtcmVwZWF0JTNBbm8tcmVwZWF0JTNCJTIwaGVpZ2h0JTNBMTAwcHglM0IlMjB3aWR0aCUzQSUyMDE2LjY2NjY2NjY3JTI1JTNCJTIwZmxvYXQlM0FsZWZ0JTIyJTNFJTNDJTJGZGl2JTNFJTBBJTBBJTNDZGl2JTIwc3R5bGUlM0QlMjJiYWNrZ3JvdW5kJTNBJTIwdXJsJTI4JTI3JTJGd3AtY29udGVudCUyRnVwbG9hZHMlMkYyMDIwJTJGMDMlMkZoaXRlY2guanBnJTI3JTI5JTNCJTIwYmFja2dyb3VuZC1zaXplJTNBY29udGFpbiUzQiUyMGJhY2tncm91bmQtcG9zaXRpb24lM0FjZW50ZXIlMjB0b3AlM0IlMjBiYWNrZ3JvdW5kLXJlcGVhdCUzQW5vLXJlcGVhdCUzQiUyMGhlaWdodCUzQTEwMHB4JTNCJTIwd2lkdGglM0ElMjAxNi42NjY2NjY2NyUyNSUzQiUyMGZsb2F0JTNBbGVmdCUyMiUzRSUzQyUyRmRpdiUzRSUwQSUwQSUzQ2RpdiUyMHN0eWxlJTNEJTIyY2xlYXIlM0ElMjBib3RoJTIyJTNFJTNDJTJGZGl2JTNFJTIw[\/vc_raw_html][vc_btn title=&#8221;T\u00c9L\u00c9CHARGEZ LA FICHE DU PRODUIT&#8221; style=&#8221;outline&#8221; shape=&#8221;square&#8221; color=&#8221;green&#8221; i_icon_fontawesome=&#8221;fa fa-file-pdf-o&#8221; add_icon=&#8221;true&#8221; link=&#8221;url:http%3A%2F%2Fsolidrenner.com%2Fwp-content%2Fuploads%2Fpdf%2Fprod%2Ffr_prod_solid_base.pdf||target:%20_blank|&#8221; css=&#8221;.vc_custom_1583328055539{margin-bottom: 30px !important;}&#8221;][vc_btn title=&#8221;T\u00c9L\u00c9CHARGEZ LA FICHE TECNIQUE&#8221; [&hellip;]<\/p>\n","protected":false},"author":1,"featured_media":0,"parent":0,"menu_order":0,"comment_status":"closed","ping_status":"open","template":"","meta":{"footnotes":""},"class_list":["post-1814","page","type-page","status-publish","hentry"],"yoast_head":"<!-- This site is optimized with the Yoast SEO plugin v26.6 - https:\/\/yoast.com\/wordpress\/plugins\/seo\/ -->\n<title>SOLID - BASE - Solid Renner<\/title>\n<meta name=\"robots\" content=\"index, follow, max-snippet:-1, max-image-preview:large, max-video-preview:-1\" \/>\n<link rel=\"canonical\" href=\"https:\/\/www.solidrenner.com\/primer-parquet\/\" \/>\n<meta property=\"og:locale\" content=\"fr_FR\" \/>\n<meta property=\"og:type\" content=\"article\" \/>\n<meta property=\"og:title\" content=\"SOLID - BASE - Solid Renner\" \/>\n<meta property=\"og:description\" content=\"[vc_row fullwidth=&#8221;true&#8221; background_style=&#8221;full&#8221; el_class=&#8221;headerproduct&#8221;][vc_column width=&#8221;1\/2&#8243; offset=&#8221;vc_col-xs-12&#8243; css=&#8221;.vc_custom_1445759629453{padding-top: 190px !important;}&#8221;][vc_single_image image=&#8221;4650&#8243; img_size=&#8221;full&#8221; alignment=&#8221;center&#8221;][\/vc_column][vc_column width=&#8221;1\/2&#8243;][vc_single_image image=&#8221;4624&#8243; img_size=&#8221;full&#8221; alignment=&#8221;center&#8221;][\/vc_column][\/vc_row][vc_row][vc_column width=&#8221;1\/2&#8243;][vc_custom_heading text=&#8221;LE PRIMAIRE&#8221; font_container=&#8221;tag:h2|font_size:40|text_align:left|color:%2378b833&#8243; google_fonts=&#8221;font_family:Raleway%3A100%2C200%2C300%2Cregular%2C500%2C600%2C700%2C800%2C900|font_style:800%20bold%20regular%3A800%3Anormal&#8221;][vc_custom_heading text=&#8221;Le primaire hydro avec des excellentes caract\u00e9ristiques de mouillabilit\u00e9, qui ravive le bois&#8221; font_container=&#8221;tag:h3|font_size:18|text_align:left|color:%23777777|line_height:1.5&#8243; google_fonts=&#8221;font_family:Raleway%3A100%2C200%2C300%2Cregular%2C500%2C600%2C700%2C800%2C900|font_style:400%20regular%3A400%3Anormal&#8221;][vc_raw_html]JTNDZGl2JTIwc3R5bGUlM0QlMjJiYWNrZ3JvdW5kJTNBJTIwdXJsJTI4JTI3JTJGd3AtY29udGVudCUyRnVwbG9hZHMlMkYyMDIwJTJGMDMlMkZlY29mcmllbmRseS5qcGclMjclMjklM0IlMjBiYWNrZ3JvdW5kLXNpemUlM0Fjb250YWluJTNCJTIwYmFja2dyb3VuZC1wb3NpdGlvbiUzQWNlbnRlciUyMHRvcCUzQiUyMGJhY2tncm91bmQtcmVwZWF0JTNBbm8tcmVwZWF0JTNCJTIwaGVpZ2h0JTNBMTAwcHglM0IlMjB3aWR0aCUzQSUyMDE2LjY2NjY2NjY3JTI1JTNCJTIwZmxvYXQlM0FsZWZ0JTIyJTNFJTNDJTJGZGl2JTNFJTBBJTBBJTNDZGl2JTIwc3R5bGUlM0QlMjJiYWNrZ3JvdW5kJTNBJTIwdXJsJTI4JTI3JTJGd3AtY29udGVudCUyRnVwbG9hZHMlMkYyMDIwJTJGMDMlMkZoaXRlY2guanBnJTI3JTI5JTNCJTIwYmFja2dyb3VuZC1zaXplJTNBY29udGFpbiUzQiUyMGJhY2tncm91bmQtcG9zaXRpb24lM0FjZW50ZXIlMjB0b3AlM0IlMjBiYWNrZ3JvdW5kLXJlcGVhdCUzQW5vLXJlcGVhdCUzQiUyMGhlaWdodCUzQTEwMHB4JTNCJTIwd2lkdGglM0ElMjAxNi42NjY2NjY2NyUyNSUzQiUyMGZsb2F0JTNBbGVmdCUyMiUzRSUzQyUyRmRpdiUzRSUwQSUwQSUzQ2RpdiUyMHN0eWxlJTNEJTIyY2xlYXIlM0ElMjBib3RoJTIyJTNFJTNDJTJGZGl2JTNFJTIw[\/vc_raw_html][vc_btn title=&#8221;T\u00c9L\u00c9CHARGEZ LA FICHE DU PRODUIT&#8221; style=&#8221;outline&#8221; shape=&#8221;square&#8221; color=&#8221;green&#8221; i_icon_fontawesome=&#8221;fa fa-file-pdf-o&#8221; add_icon=&#8221;true&#8221; link=&#8221;url:http%3A%2F%2Fsolidrenner.com%2Fwp-content%2Fuploads%2Fpdf%2Fprod%2Ffr_prod_solid_base.pdf||target:%20_blank|&#8221; css=&#8221;.vc_custom_1583328055539{margin-bottom: 30px !important;}&#8221;][vc_btn title=&#8221;T\u00c9L\u00c9CHARGEZ LA FICHE TECNIQUE&#8221; [&hellip;]\" \/>\n<meta property=\"og:url\" content=\"https:\/\/www.solidrenner.com\/primer-parquet\/\" \/>\n<meta property=\"og:site_name\" content=\"Solid Renner\" \/>\n<meta property=\"article:modified_time\" content=\"2020-03-18T10:57:26+00:00\" \/>\n<meta name=\"twitter:card\" content=\"summary_large_image\" \/>\n<meta name=\"twitter:label1\" content=\"Est. reading time\" \/>\n\t<meta name=\"twitter:data1\" content=\"3 minutes\" \/>\n<script type=\"application\/ld+json\" class=\"yoast-schema-graph\">{\"@context\":\"https:\/\/schema.org\",\"@graph\":[{\"@type\":\"WebPage\",\"@id\":\"https:\/\/www.solidrenner.com\/primer-parquet\/\",\"url\":\"https:\/\/www.solidrenner.com\/primer-parquet\/\",\"name\":\"SOLID - BASE - Solid Renner\",\"isPartOf\":{\"@id\":\"https:\/\/www.solidrenner.com\/#website\"},\"datePublished\":\"2016-09-23T09:41:57+00:00\",\"dateModified\":\"2020-03-18T10:57:26+00:00\",\"breadcrumb\":{\"@id\":\"https:\/\/www.solidrenner.com\/primer-parquet\/#breadcrumb\"},\"inLanguage\":\"fr-FR\",\"potentialAction\":[{\"@type\":\"ReadAction\",\"target\":[\"https:\/\/www.solidrenner.com\/primer-parquet\/\"]}]},{\"@type\":\"BreadcrumbList\",\"@id\":\"https:\/\/www.solidrenner.com\/primer-parquet\/#breadcrumb\",\"itemListElement\":[{\"@type\":\"ListItem\",\"position\":1,\"name\":\"Home\",\"item\":\"https:\/\/www.solidrenner.com\/fr\/\"},{\"@type\":\"ListItem\",\"position\":2,\"name\":\"SOLID &#8211; BASE\"}]},{\"@type\":\"WebSite\",\"@id\":\"https:\/\/www.solidrenner.com\/#website\",\"url\":\"https:\/\/www.solidrenner.com\/\",\"name\":\"Solid Renner\",\"description\":\"Le vernici per il parquet di Renner Italia\",\"potentialAction\":[{\"@type\":\"SearchAction\",\"target\":{\"@type\":\"EntryPoint\",\"urlTemplate\":\"https:\/\/www.solidrenner.com\/?s={search_term_string}\"},\"query-input\":{\"@type\":\"PropertyValueSpecification\",\"valueRequired\":true,\"valueName\":\"search_term_string\"}}],\"inLanguage\":\"fr-FR\"}]}<\/script>\n<!-- \/ Yoast SEO plugin. -->","yoast_head_json":{"title":"SOLID - BASE - Solid Renner","robots":{"index":"index","follow":"follow","max-snippet":"max-snippet:-1","max-image-preview":"max-image-preview:large","max-video-preview":"max-video-preview:-1"},"canonical":"https:\/\/www.solidrenner.com\/primer-parquet\/","og_locale":"fr_FR","og_type":"article","og_title":"SOLID - BASE - Solid Renner","og_description":"[vc_row fullwidth=&#8221;true&#8221; background_style=&#8221;full&#8221; el_class=&#8221;headerproduct&#8221;][vc_column width=&#8221;1\/2&#8243; offset=&#8221;vc_col-xs-12&#8243; css=&#8221;.vc_custom_1445759629453{padding-top: 190px !important;}&#8221;][vc_single_image image=&#8221;4650&#8243; img_size=&#8221;full&#8221; alignment=&#8221;center&#8221;][\/vc_column][vc_column width=&#8221;1\/2&#8243;][vc_single_image image=&#8221;4624&#8243; img_size=&#8221;full&#8221; alignment=&#8221;center&#8221;][\/vc_column][\/vc_row][vc_row][vc_column width=&#8221;1\/2&#8243;][vc_custom_heading text=&#8221;LE PRIMAIRE&#8221; font_container=&#8221;tag:h2|font_size:40|text_align:left|color:%2378b833&#8243; google_fonts=&#8221;font_family:Raleway%3A100%2C200%2C300%2Cregular%2C500%2C600%2C700%2C800%2C900|font_style:800%20bold%20regular%3A800%3Anormal&#8221;][vc_custom_heading text=&#8221;Le primaire hydro avec des excellentes caract\u00e9ristiques de mouillabilit\u00e9, qui ravive le bois&#8221; font_container=&#8221;tag:h3|font_size:18|text_align:left|color:%23777777|line_height:1.5&#8243; google_fonts=&#8221;font_family:Raleway%3A100%2C200%2C300%2Cregular%2C500%2C600%2C700%2C800%2C900|font_style:400%20regular%3A400%3Anormal&#8221;][vc_raw_html]JTNDZGl2JTIwc3R5bGUlM0QlMjJiYWNrZ3JvdW5kJTNBJTIwdXJsJTI4JTI3JTJGd3AtY29udGVudCUyRnVwbG9hZHMlMkYyMDIwJTJGMDMlMkZlY29mcmllbmRseS5qcGclMjclMjklM0IlMjBiYWNrZ3JvdW5kLXNpemUlM0Fjb250YWluJTNCJTIwYmFja2dyb3VuZC1wb3NpdGlvbiUzQWNlbnRlciUyMHRvcCUzQiUyMGJhY2tncm91bmQtcmVwZWF0JTNBbm8tcmVwZWF0JTNCJTIwaGVpZ2h0JTNBMTAwcHglM0IlMjB3aWR0aCUzQSUyMDE2LjY2NjY2NjY3JTI1JTNCJTIwZmxvYXQlM0FsZWZ0JTIyJTNFJTNDJTJGZGl2JTNFJTBBJTBBJTNDZGl2JTIwc3R5bGUlM0QlMjJiYWNrZ3JvdW5kJTNBJTIwdXJsJTI4JTI3JTJGd3AtY29udGVudCUyRnVwbG9hZHMlMkYyMDIwJTJGMDMlMkZoaXRlY2guanBnJTI3JTI5JTNCJTIwYmFja2dyb3VuZC1zaXplJTNBY29udGFpbiUzQiUyMGJhY2tncm91bmQtcG9zaXRpb24lM0FjZW50ZXIlMjB0b3AlM0IlMjBiYWNrZ3JvdW5kLXJlcGVhdCUzQW5vLXJlcGVhdCUzQiUyMGhlaWdodCUzQTEwMHB4JTNCJTIwd2lkdGglM0ElMjAxNi42NjY2NjY2NyUyNSUzQiUyMGZsb2F0JTNBbGVmdCUyMiUzRSUzQyUyRmRpdiUzRSUwQSUwQSUzQ2RpdiUyMHN0eWxlJTNEJTIyY2xlYXIlM0ElMjBib3RoJTIyJTNFJTNDJTJGZGl2JTNFJTIw[\/vc_raw_html][vc_btn title=&#8221;T\u00c9L\u00c9CHARGEZ LA FICHE DU PRODUIT&#8221; style=&#8221;outline&#8221; shape=&#8221;square&#8221; color=&#8221;green&#8221; i_icon_fontawesome=&#8221;fa fa-file-pdf-o&#8221; add_icon=&#8221;true&#8221; link=&#8221;url:http%3A%2F%2Fsolidrenner.com%2Fwp-content%2Fuploads%2Fpdf%2Fprod%2Ffr_prod_solid_base.pdf||target:%20_blank|&#8221; css=&#8221;.vc_custom_1583328055539{margin-bottom: 30px !important;}&#8221;][vc_btn title=&#8221;T\u00c9L\u00c9CHARGEZ LA FICHE TECNIQUE&#8221; [&hellip;]","og_url":"https:\/\/www.solidrenner.com\/primer-parquet\/","og_site_name":"Solid Renner","article_modified_time":"2020-03-18T10:57:26+00:00","twitter_card":"summary_large_image","twitter_misc":{"Est. reading time":"3 minutes"},"schema":{"@context":"https:\/\/schema.org","@graph":[{"@type":"WebPage","@id":"https:\/\/www.solidrenner.com\/primer-parquet\/","url":"https:\/\/www.solidrenner.com\/primer-parquet\/","name":"SOLID - BASE - Solid Renner","isPartOf":{"@id":"https:\/\/www.solidrenner.com\/#website"},"datePublished":"2016-09-23T09:41:57+00:00","dateModified":"2020-03-18T10:57:26+00:00","breadcrumb":{"@id":"https:\/\/www.solidrenner.com\/primer-parquet\/#breadcrumb"},"inLanguage":"fr-FR","potentialAction":[{"@type":"ReadAction","target":["https:\/\/www.solidrenner.com\/primer-parquet\/"]}]},{"@type":"BreadcrumbList","@id":"https:\/\/www.solidrenner.com\/primer-parquet\/#breadcrumb","itemListElement":[{"@type":"ListItem","position":1,"name":"Home","item":"https:\/\/www.solidrenner.com\/fr\/"},{"@type":"ListItem","position":2,"name":"SOLID &#8211; BASE"}]},{"@type":"WebSite","@id":"https:\/\/www.solidrenner.com\/#website","url":"https:\/\/www.solidrenner.com\/","name":"Solid Renner","description":"Le vernici per il parquet di Renner Italia","potentialAction":[{"@type":"SearchAction","target":{"@type":"EntryPoint","urlTemplate":"https:\/\/www.solidrenner.com\/?s={search_term_string}"},"query-input":{"@type":"PropertyValueSpecification","valueRequired":true,"valueName":"search_term_string"}}],"inLanguage":"fr-FR"}]}},"_links":{"self":[{"href":"https:\/\/www.solidrenner.com\/fr\/wp-json\/wp\/v2\/pages\/1814","targetHints":{"allow":["GET"]}}],"collection":[{"href":"https:\/\/www.solidrenner.com\/fr\/wp-json\/wp\/v2\/pages"}],"about":[{"href":"https:\/\/www.solidrenner.com\/fr\/wp-json\/wp\/v2\/types\/page"}],"author":[{"embeddable":true,"href":"https:\/\/www.solidrenner.com\/fr\/wp-json\/wp\/v2\/users\/1"}],"replies":[{"embeddable":true,"href":"https:\/\/www.solidrenner.com\/fr\/wp-json\/wp\/v2\/comments?post=1814"}],"version-history":[{"count":9,"href":"https:\/\/www.solidrenner.com\/fr\/wp-json\/wp\/v2\/pages\/1814\/revisions"}],"predecessor-version":[{"id":4651,"href":"https:\/\/www.solidrenner.com\/fr\/wp-json\/wp\/v2\/pages\/1814\/revisions\/4651"}],"wp:attachment":[{"href":"https:\/\/www.solidrenner.com\/fr\/wp-json\/wp\/v2\/media?parent=1814"}],"curies":[{"name":"wp","href":"https:\/\/api.w.org\/{rel}","templated":true}]}}