{"id":1752,"date":"2015-10-27T13:08:14","date_gmt":"2015-10-27T12:08:14","guid":{"rendered":"https:\/\/www.solidrenner.com\/fr\/storia-renner-italia\/"},"modified":"2020-03-17T16:02:37","modified_gmt":"2020-03-17T15:02:37","slug":"storia-renner-italia","status":"publish","type":"page","link":"https:\/\/www.solidrenner.com\/fr\/storia-renner-italia\/","title":{"rendered":"NOTRE HISTOIRE"},"content":{"rendered":"<div class=\"wpb-content-wrapper\">[vc_row fullwidth=&#8221;true&#8221; background_style=&#8221;full&#8221; el_class=&#8221;backgroundtop&#8221;][vc_column offset=&#8221;vc_col-xs-12&#8243; css=&#8221;.vc_custom_1445938100913{padding-top: 200px !important;}&#8221;][vc_custom_heading text=&#8221;L&#8217;HISTOIRE DE RENNER ITALIA&#8221; font_container=&#8221;tag:h1|text_align:center|color:%23ffffff&#8221; google_fonts=&#8221;font_family:Raleway%3A100%2C200%2C300%2Cregular%2C500%2C600%2C700%2C800%2C900|font_style:800%20bold%20regular%3A800%3Anormal&#8221; el_class=&#8221;semheading&#8221;][vc_custom_heading text=&#8221;Le long chemin de nos vernis&#8221; font_container=&#8221;tag:h4|font_size:22|text_align:center|color:%23ffffff&#8221; google_fonts=&#8221;font_family:Raleway%3A100%2C200%2C300%2Cregular%2C500%2C600%2C700%2C800%2C900|font_style:600%20bold%20regular%3A600%3Anormal&#8221; el_class=&#8221;semsubheading&#8221; css=&#8221;.vc_custom_1474619672379{padding-bottom: 160px !important;}&#8221;][vc_row_inner el_class=&#8221;prevnext&#8221;][vc_column_inner width=&#8221;1\/3&#8243;][vc_btn title=&#8221;ALLEZ \u00c0 LA PAGE <strong>RENNER ITALIA<\/strong>&#8221; style=&#8221;flat&#8221; shape=&#8221;square&#8221; color=&#8221;green&#8221; align=&#8221;center&#8221; i_type=&#8221;entypo&#8221; i_icon_entypo=&#8221;entypo-icon entypo-icon-left-open-big&#8221; button_block=&#8221;true&#8221; add_icon=&#8221;true&#8221; link=&#8221;url:http%3A%2F%2Fsolidrenner.com%2Ffr%2Frenner-italia%2F||&#8221; el_class=&#8221;buttonsolid&#8221;][\/vc_column_inner][vc_column_inner width=&#8221;1\/3&#8243;][\/vc_column_inner][vc_column_inner width=&#8221;1\/3&#8243;][vc_btn title=&#8221;ALLEZ \u00c0 LA PAGE <strong>LES BONS VERNIS<\/strong>&#8221; style=&#8221;flat&#8221; shape=&#8221;square&#8221; color=&#8221;green&#8221; align=&#8221;center&#8221; i_align=&#8221;right&#8221; i_type=&#8221;entypo&#8221; i_icon_entypo=&#8221;entypo-icon entypo-icon-right-open-big&#8221; button_block=&#8221;true&#8221; add_icon=&#8221;true&#8221; link=&#8221;url:http%3A%2F%2Fsolidrenner.com%2Ffr%2Fla-buona-vernice%2F||&#8221; el_class=&#8221;buttonsolid&#8221;][\/vc_column_inner][\/vc_row_inner][\/vc_column][\/vc_row][vc_row css=&#8221;.vc_custom_1445874591287{padding-top: 30px !important;}&#8221;][vc_column width=&#8221;5\/6&#8243; css=&#8221;.vc_custom_1445941782096{padding-top: 40px !important;}&#8221;][vc_custom_heading text=&#8221;LES ORIGINES&#8221; font_container=&#8221;tag:h2|font_size:30|text_align:left|color:%23595959|line_height:1&#8243; google_fonts=&#8221;font_family:Raleway%3A100%2C200%2C300%2Cregular%2C500%2C600%2C700%2C800%2C900|font_style:800%20bold%20regular%3A800%3Anormal&#8221;][vc_column_text]En juillet 2003, Lindo Aldrovandi (le PDG de Renner Italia) f\u00fbt licenci\u00e9 par la multinationale qui venait d\u2019acheter l\u2019entreprise o\u00f9 il travaillait bien que sous sa direction les ventes \u00e9taient en hausse. Il avait attaqu\u00e9 les march\u00e9s \u00e9trangers et \u00e0 l\u2019aide des meilleurs chercheurs chimistes travaillant dans cette soci\u00e9t\u00e9 il avait lanc\u00e9 sur le march\u00e9 les formulations \u00e0 base aqueuse\u00a0: un choix r\u00e9volutionnaire puisque jusqu\u2019\u00e0 ce moment-l\u00e0, les vernis pour bois \u00e9taient seulement \u00e0 base solvant.[\/vc_column_text][\/vc_column][vc_column width=&#8221;1\/6&#8243;][\/vc_column][\/vc_row][vc_row css=&#8221;.vc_custom_1445874591287{padding-top: 30px !important;}&#8221;][vc_column width=&#8221;1\/6&#8243;][\/vc_column][vc_column width=&#8221;5\/6&#8243; css=&#8221;.vc_custom_1445941782096{padding-top: 40px !important;}&#8221;][vc_custom_heading text=&#8221;LA CHUTE&#8221; font_container=&#8221;tag:h2|font_size:30|text_align:left|color:%23595959|line_height:1&#8243; google_fonts=&#8221;font_family:Raleway%3A100%2C200%2C300%2Cregular%2C500%2C600%2C700%2C800%2C900|font_style:800%20bold%20regular%3A800%3Anormal&#8221;][vc_column_text]Un succ\u00e8s insuffisant pour les nouveaux propri\u00e9taires am\u00e9ricains. Sa fonction de Pdg fut affaiblie jusqu\u2019\u00e0 ce qu\u2019il ne re\u00e7oive la lettre de licenciement. Ce f\u00fbt un moment difficile. Mais l\u2019entrepreneur ne capitule pas. Il veut red\u00e9marrer.[\/vc_column_text][\/vc_column][\/vc_row][vc_row css=&#8221;.vc_custom_1445874591287{padding-top: 30px !important;}&#8221;][vc_column width=&#8221;5\/6&#8243; css=&#8221;.vc_custom_1445941782096{padding-top: 40px !important;}&#8221;][vc_custom_heading text=&#8221;LA RENAISSANCE&#8221; font_container=&#8221;tag:h2|font_size:30|text_align:left|color:%23595959|line_height:1&#8243; google_fonts=&#8221;font_family:Raleway%3A100%2C200%2C300%2Cregular%2C500%2C600%2C700%2C800%2C900|font_style:800%20bold%20regular%3A800%3Anormal&#8221;][vc_column_text]Un mois apr\u00e8s, il signa un accord avec les h\u00e9ritiers de Giancarlo Cocchi (le fondateur de l\u2019ancienne soci\u00e9t\u00e9 dans laquelle Aldrovandi travaillait) et Alexandre Cenacchi (l\u2019actionnaire majoritaire de Renner Sayerlack, la soci\u00e9t\u00e9 br\u00e9silienne de vernis pour bois, leader du march\u00e9 sud-am\u00e9ricain).<\/p>\n<p>Renner Italia a vu le jour \u00e0 la suite de cet accord entre la famille Cocchi et Alexandre Cenacchi. \u00c0 la t\u00eate de cette entreprise\u00a0: Lindo Aldrovandi.[\/vc_column_text][\/vc_column][vc_column width=&#8221;1\/6&#8243;][\/vc_column][\/vc_row][vc_row css=&#8221;.vc_custom_1445874591287{padding-top: 30px !important;}&#8221;][vc_column width=&#8221;1\/6&#8243;][\/vc_column][vc_column width=&#8221;5\/6&#8243; css=&#8221;.vc_custom_1445941782096{padding-top: 40px !important;}&#8221;][vc_custom_heading text=&#8221;LES COMPAGNONS DE VOYAGE&#8221; font_container=&#8221;tag:h2|font_size:30|text_align:left|color:%23595959|line_height:1&#8243; google_fonts=&#8221;font_family:Raleway%3A100%2C200%2C300%2Cregular%2C500%2C600%2C700%2C800%2C900|font_style:800%20bold%20regular%3A800%3Anormal&#8221;][vc_column_text]En automne 2003, un groupe d\u2019anciens collaborateurs d\u2019Aldrovandi d\u00e9cida de d\u00e9missionner et de le suivre dans son nouveau projet. Les chimistes du laboratoire \u00e0 l\u2019eau furent les premiers \u00e0 suivre Aldrovandi. Renner Italia f\u00fbt inaugur\u00e9e en janvier 2004, seulement cinq mois apr\u00e8s la r\u00e9ception de la lettre de licenciement.<\/p>\n<p>De plus en plus d\u2019employ\u00e9s de la vieille soci\u00e9t\u00e9 d\u00e9missionn\u00e8rent pour aller contribuer au d\u00e9veloppement de Renner Italia.<\/p>\n<p>En 2011, 2012 et 2014 Databank \u2013 Cerved Group, un institut prestigieux d\u2019information d\u2019entreprise, donna \u00e0 Renner Italia le prix \u00ab\u00a0Company to Watch\u00a0\u00bb dans la cat\u00e9gorie des vernis industriels. [\/vc_column_text][\/vc_column][\/vc_row][vc_row css=&#8221;.vc_custom_1445874591287{padding-top: 30px !important;}&#8221;][vc_column width=&#8221;5\/6&#8243; css=&#8221;.vc_custom_1445941782096{padding-top: 40px !important;}&#8221;][vc_custom_heading text=&#8221;LES DIX PREMI\u00c8RES ANN\u00c9ES&#8221; font_container=&#8221;tag:h2|font_size:30|text_align:left|color:%23595959|line_height:1&#8243; google_fonts=&#8221;font_family:Raleway%3A100%2C200%2C300%2Cregular%2C500%2C600%2C700%2C800%2C900|font_style:800%20bold%20regular%3A800%3Anormal&#8221;][vc_column_text]Au cours de ces dix premi\u00e8res ann\u00e9es, Renner Italia absorbe l\u2019esprit de Lindo Aldrovandi. Beaucoup le suivent, non seulement les employ\u00e9s, mais aussi les clients.<\/p>\n<p>D\u00e8s 2009, Renner Italia fait la diff\u00e9rence dans les relations industrielles, la responsabilit\u00e9 sociale et le traitement de ses employ\u00e9s.<\/p>\n<p>En effet, d\u00e8s le d\u00e9but Lindo Aldrovandi a voulu instaurer le 14\u00e8me mois de paie et une partie des revenus de l&#8217;entreprise a \u00e9t\u00e9 distribu\u00e9 aux travailleurs. \u00c0 partir de 2012, 50% des \u00e9conomies sur la consommation d\u2019\u00e9nergie ont \u00e9t\u00e9 distribu\u00e9s dans le salaire des employ\u00e9es.<\/p>\n<p>La r\u00e9duction du gaspillage a permis \u00e0 Renner de donner un bonus aux employ\u00e9s de 2.150\u20ac en 2013, de 3.500 \u20ac en 2014 et de 2.750\u20ac en 2015.<\/p>\n<p>En 2012, l\u2019initiative \u00ab\u00a0Uno stipendio in pi\u00f9 contro la crisi\u00bb (<em>une mensualit\u00e9 en plus contre la crise<\/em>) a obtenu le prix \u00ab\u00a0Premio Impresa Ambiente\u00bb (Prix entreprise \u2013environnement) du Ministero Italiano\u00a0dell\u2019ambiente e della tutela del Territorio e del Mare (<em>Minist\u00e8re de l&#8217;\u00e9cologie, du d\u00e9veloppement durable et de l&#8217;\u00e9nergie<\/em>) et de la Chambre de Commerce de Rome.[\/vc_column_text][\/vc_column][vc_column width=&#8221;1\/6&#8243;][\/vc_column][\/vc_row][vc_row css=&#8221;.vc_custom_1445874591287{padding-top: 30px !important;}&#8221;][vc_column width=&#8221;1\/6&#8243;][\/vc_column][vc_column width=&#8221;5\/6&#8243; css=&#8221;.vc_custom_1445941782096{padding-top: 40px !important;}&#8221;][vc_custom_heading text=&#8221;RENNER ITALIA ET LINDO ALDROVANDI&#8221; font_container=&#8221;tag:h2|font_size:30|text_align:left|color:%23595959|line_height:1&#8243; google_fonts=&#8221;font_family:Raleway%3A100%2C200%2C300%2Cregular%2C500%2C600%2C700%2C800%2C900|font_style:800%20bold%20regular%3A800%3Anormal&#8221;][vc_column_text]L\u2019histoire de Renner Italia c\u2019est l\u2019histoire de Lindo Aldrovandi. C\u2019est un entrepreneur n\u00e9 dans un territoire industrieux, le territoire de Bologne, et a grandi avec les valeurs d\u2019un bon esprit italien.<\/p>\n<p>Fils d\u2019un gendarme-partisan et d\u2019une femme au foyer, cet entrepreneur a montr\u00e9 qu\u2019il \u00e9tait capable de se relever apr\u00e8s une chute et d\u2019apprendre de cette exp\u00e9rience.<\/p>\n<p>En outre, il a \u00e9t\u00e9 capable de cr\u00e9er une entreprise socialement responsable, avec des grandes valeurs \u00e9thiques et une gestion transparente.[\/vc_column_text][\/vc_column][\/vc_row]\n<\/div>","protected":false},"excerpt":{"rendered":"<p>[vc_row fullwidth=&#8221;true&#8221; background_style=&#8221;full&#8221; el_class=&#8221;backgroundtop&#8221;][vc_column offset=&#8221;vc_col-xs-12&#8243; css=&#8221;.vc_custom_1445938100913{padding-top: 200px !important;}&#8221;][vc_custom_heading text=&#8221;L&#8217;HISTOIRE DE RENNER ITALIA&#8221; font_container=&#8221;tag:h1|text_align:center|color:%23ffffff&#8221; google_fonts=&#8221;font_family:Raleway%3A100%2C200%2C300%2Cregular%2C500%2C600%2C700%2C800%2C900|font_style:800%20bold%20regular%3A800%3Anormal&#8221; el_class=&#8221;semheading&#8221;][vc_custom_heading text=&#8221;Le long chemin de nos vernis&#8221; font_container=&#8221;tag:h4|font_size:22|text_align:center|color:%23ffffff&#8221; google_fonts=&#8221;font_family:Raleway%3A100%2C200%2C300%2Cregular%2C500%2C600%2C700%2C800%2C900|font_style:600%20bold%20regular%3A600%3Anormal&#8221; el_class=&#8221;semsubheading&#8221; css=&#8221;.vc_custom_1474619672379{padding-bottom: 160px !important;}&#8221;][vc_row_inner el_class=&#8221;prevnext&#8221;][vc_column_inner width=&#8221;1\/3&#8243;][vc_btn title=&#8221;ALLEZ \u00c0 LA PAGE RENNER ITALIA&#8221; style=&#8221;flat&#8221; shape=&#8221;square&#8221; color=&#8221;green&#8221; align=&#8221;center&#8221; i_type=&#8221;entypo&#8221; i_icon_entypo=&#8221;entypo-icon entypo-icon-left-open-big&#8221; button_block=&#8221;true&#8221; add_icon=&#8221;true&#8221; link=&#8221;url:http%3A%2F%2Fsolidrenner.com%2Ffr%2Frenner-italia%2F||&#8221; el_class=&#8221;buttonsolid&#8221;][\/vc_column_inner][vc_column_inner width=&#8221;1\/3&#8243;][\/vc_column_inner][vc_column_inner width=&#8221;1\/3&#8243;][vc_btn title=&#8221;ALLEZ \u00c0 LA PAGE LES BONS VERNIS&#8221; [&hellip;]<\/p>\n","protected":false},"author":1,"featured_media":0,"parent":0,"menu_order":0,"comment_status":"closed","ping_status":"open","template":"","meta":{"footnotes":""},"class_list":["post-1752","page","type-page","status-publish","hentry"],"yoast_head":"<!-- This site is optimized with the Yoast SEO plugin v26.6 - https:\/\/yoast.com\/wordpress\/plugins\/seo\/ -->\n<title>LA NOSTRA STORIA - Vernici Parquet Solid Renner<\/title>\n<meta name=\"description\" content=\"La storia di Renner Italia \u00e8 la storia di un imprenditore nato nella laboriosa provincia emiliana e nutrito da un sistema di valori dell\u2019italianit\u00e0 migliore\" \/>\n<meta name=\"robots\" content=\"index, follow, max-snippet:-1, max-image-preview:large, max-video-preview:-1\" \/>\n<link rel=\"canonical\" href=\"https:\/\/www.solidrenner.com\/fr\/storia-renner-italia\/\" \/>\n<meta property=\"og:locale\" content=\"fr_FR\" \/>\n<meta property=\"og:type\" content=\"article\" \/>\n<meta property=\"og:title\" content=\"LA NOSTRA STORIA - Vernici Parquet Solid Renner\" \/>\n<meta property=\"og:description\" content=\"La storia di Renner Italia \u00e8 la storia di un imprenditore nato nella laboriosa provincia emiliana e nutrito da un sistema di valori dell\u2019italianit\u00e0 migliore\" \/>\n<meta property=\"og:url\" content=\"https:\/\/www.solidrenner.com\/fr\/storia-renner-italia\/\" \/>\n<meta property=\"og:site_name\" content=\"Solid Renner\" \/>\n<meta property=\"article:modified_time\" content=\"2020-03-17T15:02:37+00:00\" \/>\n<meta name=\"twitter:card\" content=\"summary_large_image\" \/>\n<meta name=\"twitter:label1\" content=\"Est. reading time\" \/>\n\t<meta name=\"twitter:data1\" content=\"6 minutes\" \/>\n<script type=\"application\/ld+json\" class=\"yoast-schema-graph\">{\"@context\":\"https:\/\/schema.org\",\"@graph\":[{\"@type\":\"WebPage\",\"@id\":\"https:\/\/www.solidrenner.com\/fr\/storia-renner-italia\/\",\"url\":\"https:\/\/www.solidrenner.com\/fr\/storia-renner-italia\/\",\"name\":\"LA NOSTRA STORIA - Vernici Parquet Solid Renner\",\"isPartOf\":{\"@id\":\"https:\/\/www.solidrenner.com\/#website\"},\"datePublished\":\"2015-10-27T12:08:14+00:00\",\"dateModified\":\"2020-03-17T15:02:37+00:00\",\"description\":\"La storia di Renner Italia \u00e8 la storia di un imprenditore nato nella laboriosa provincia emiliana e nutrito da un sistema di valori dell\u2019italianit\u00e0 migliore\",\"breadcrumb\":{\"@id\":\"https:\/\/www.solidrenner.com\/fr\/storia-renner-italia\/#breadcrumb\"},\"inLanguage\":\"fr-FR\",\"potentialAction\":[{\"@type\":\"ReadAction\",\"target\":[\"https:\/\/www.solidrenner.com\/fr\/storia-renner-italia\/\"]}]},{\"@type\":\"BreadcrumbList\",\"@id\":\"https:\/\/www.solidrenner.com\/fr\/storia-renner-italia\/#breadcrumb\",\"itemListElement\":[{\"@type\":\"ListItem\",\"position\":1,\"name\":\"Home\",\"item\":\"https:\/\/www.solidrenner.com\/fr\/\"},{\"@type\":\"ListItem\",\"position\":2,\"name\":\"NOTRE HISTOIRE\"}]},{\"@type\":\"WebSite\",\"@id\":\"https:\/\/www.solidrenner.com\/#website\",\"url\":\"https:\/\/www.solidrenner.com\/\",\"name\":\"Solid Renner\",\"description\":\"Le vernici per il parquet di Renner Italia\",\"potentialAction\":[{\"@type\":\"SearchAction\",\"target\":{\"@type\":\"EntryPoint\",\"urlTemplate\":\"https:\/\/www.solidrenner.com\/?s={search_term_string}\"},\"query-input\":{\"@type\":\"PropertyValueSpecification\",\"valueRequired\":true,\"valueName\":\"search_term_string\"}}],\"inLanguage\":\"fr-FR\"}]}<\/script>\n<!-- \/ Yoast SEO plugin. -->","yoast_head_json":{"title":"LA NOSTRA STORIA - Vernici Parquet Solid Renner","description":"La storia di Renner Italia \u00e8 la storia di un imprenditore nato nella laboriosa provincia emiliana e nutrito da un sistema di valori dell\u2019italianit\u00e0 migliore","robots":{"index":"index","follow":"follow","max-snippet":"max-snippet:-1","max-image-preview":"max-image-preview:large","max-video-preview":"max-video-preview:-1"},"canonical":"https:\/\/www.solidrenner.com\/fr\/storia-renner-italia\/","og_locale":"fr_FR","og_type":"article","og_title":"LA NOSTRA STORIA - Vernici Parquet Solid Renner","og_description":"La storia di Renner Italia \u00e8 la storia di un imprenditore nato nella laboriosa provincia emiliana e nutrito da un sistema di valori dell\u2019italianit\u00e0 migliore","og_url":"https:\/\/www.solidrenner.com\/fr\/storia-renner-italia\/","og_site_name":"Solid Renner","article_modified_time":"2020-03-17T15:02:37+00:00","twitter_card":"summary_large_image","twitter_misc":{"Est. reading time":"6 minutes"},"schema":{"@context":"https:\/\/schema.org","@graph":[{"@type":"WebPage","@id":"https:\/\/www.solidrenner.com\/fr\/storia-renner-italia\/","url":"https:\/\/www.solidrenner.com\/fr\/storia-renner-italia\/","name":"LA NOSTRA STORIA - Vernici Parquet Solid Renner","isPartOf":{"@id":"https:\/\/www.solidrenner.com\/#website"},"datePublished":"2015-10-27T12:08:14+00:00","dateModified":"2020-03-17T15:02:37+00:00","description":"La storia di Renner Italia \u00e8 la storia di un imprenditore nato nella laboriosa provincia emiliana e nutrito da un sistema di valori dell\u2019italianit\u00e0 migliore","breadcrumb":{"@id":"https:\/\/www.solidrenner.com\/fr\/storia-renner-italia\/#breadcrumb"},"inLanguage":"fr-FR","potentialAction":[{"@type":"ReadAction","target":["https:\/\/www.solidrenner.com\/fr\/storia-renner-italia\/"]}]},{"@type":"BreadcrumbList","@id":"https:\/\/www.solidrenner.com\/fr\/storia-renner-italia\/#breadcrumb","itemListElement":[{"@type":"ListItem","position":1,"name":"Home","item":"https:\/\/www.solidrenner.com\/fr\/"},{"@type":"ListItem","position":2,"name":"NOTRE HISTOIRE"}]},{"@type":"WebSite","@id":"https:\/\/www.solidrenner.com\/#website","url":"https:\/\/www.solidrenner.com\/","name":"Solid Renner","description":"Le vernici per il parquet di Renner Italia","potentialAction":[{"@type":"SearchAction","target":{"@type":"EntryPoint","urlTemplate":"https:\/\/www.solidrenner.com\/?s={search_term_string}"},"query-input":{"@type":"PropertyValueSpecification","valueRequired":true,"valueName":"search_term_string"}}],"inLanguage":"fr-FR"}]}},"_links":{"self":[{"href":"https:\/\/www.solidrenner.com\/fr\/wp-json\/wp\/v2\/pages\/1752","targetHints":{"allow":["GET"]}}],"collection":[{"href":"https:\/\/www.solidrenner.com\/fr\/wp-json\/wp\/v2\/pages"}],"about":[{"href":"https:\/\/www.solidrenner.com\/fr\/wp-json\/wp\/v2\/types\/page"}],"author":[{"embeddable":true,"href":"https:\/\/www.solidrenner.com\/fr\/wp-json\/wp\/v2\/users\/1"}],"replies":[{"embeddable":true,"href":"https:\/\/www.solidrenner.com\/fr\/wp-json\/wp\/v2\/comments?post=1752"}],"version-history":[{"count":7,"href":"https:\/\/www.solidrenner.com\/fr\/wp-json\/wp\/v2\/pages\/1752\/revisions"}],"predecessor-version":[{"id":4540,"href":"https:\/\/www.solidrenner.com\/fr\/wp-json\/wp\/v2\/pages\/1752\/revisions\/4540"}],"wp:attachment":[{"href":"https:\/\/www.solidrenner.com\/fr\/wp-json\/wp\/v2\/media?parent=1752"}],"curies":[{"name":"wp","href":"https:\/\/api.w.org\/{rel}","templated":true}]}}