{"id":1750,"date":"2015-10-27T12:56:30","date_gmt":"2015-10-27T11:56:30","guid":{"rendered":"https:\/\/www.solidrenner.com\/fr\/renner-italia\/"},"modified":"2020-03-17T16:01:25","modified_gmt":"2020-03-17T15:01:25","slug":"renner-italia","status":"publish","type":"page","link":"https:\/\/www.solidrenner.com\/fr\/renner-italia\/","title":{"rendered":"RENNER ITALIA"},"content":{"rendered":"<div class=\"wpb-content-wrapper\">[vc_row fullwidth=&#8221;true&#8221; background_style=&#8221;full&#8221; el_class=&#8221;backgroundtop&#8221;][vc_column offset=&#8221;vc_col-xs-12&#8243; css=&#8221;.vc_custom_1445938100913{padding-top: 200px !important;}&#8221;][vc_custom_heading text=&#8221;RENNER ITALIA&#8221; font_container=&#8221;tag:h1|text_align:center|color:%23ffffff&#8221; google_fonts=&#8221;font_family:Raleway%3A100%2C200%2C300%2Cregular%2C500%2C600%2C700%2C800%2C900|font_style:800%20bold%20regular%3A800%3Anormal&#8221; el_class=&#8221;semheading&#8221;][vc_custom_heading text=&#8221;Les vernis haute-technologie pour le bois&#8221; font_container=&#8221;tag:h4|font_size:22|text_align:center|color:%23ffffff&#8221; google_fonts=&#8221;font_family:Raleway%3A100%2C200%2C300%2Cregular%2C500%2C600%2C700%2C800%2C900|font_style:600%20bold%20regular%3A600%3Anormal&#8221; el_class=&#8221;semsubheading&#8221; css=&#8221;.vc_custom_1474619781553{padding-bottom: 160px !important;}&#8221;][vc_row_inner el_class=&#8221;prevnext&#8221;][vc_column_inner width=&#8221;1\/3&#8243;][vc_btn title=&#8221;ALLEZ \u00c0 LA PAGE <strong>LES BONS VERNIS<\/strong>&#8221; style=&#8221;flat&#8221; shape=&#8221;square&#8221; color=&#8221;green&#8221; align=&#8221;center&#8221; i_type=&#8221;entypo&#8221; i_icon_entypo=&#8221;entypo-icon entypo-icon-left-open-big&#8221; button_block=&#8221;true&#8221; add_icon=&#8221;true&#8221; link=&#8221;url:http%3A%2F%2Fsolidrenner.com%2Ffr%2Fla-buona-vernice%2F||&#8221; el_class=&#8221;buttonsolid&#8221;][\/vc_column_inner][vc_column_inner width=&#8221;1\/3&#8243;][\/vc_column_inner][vc_column_inner width=&#8221;1\/3&#8243;][vc_btn title=&#8221;ALLEZ \u00c0 LA PAGE <strong>NOTRE HISTOIRE<\/strong>&#8221; style=&#8221;flat&#8221; shape=&#8221;square&#8221; color=&#8221;green&#8221; align=&#8221;center&#8221; i_align=&#8221;right&#8221; i_type=&#8221;entypo&#8221; i_icon_entypo=&#8221;entypo-icon entypo-icon-right-open-big&#8221; button_block=&#8221;true&#8221; add_icon=&#8221;true&#8221; link=&#8221;url:http%3A%2F%2Fsolidrenner.com%2Ffr%2Fla-nostra-storia%2F||&#8221; el_class=&#8221;buttonsolid&#8221;][\/vc_column_inner][\/vc_row_inner][\/vc_column][\/vc_row][vc_row css=&#8221;.vc_custom_1445874591287{padding-top: 30px !important;}&#8221;][vc_column][vc_column_text css=&#8221;.vc_custom_1584457283727{margin-bottom: 0px !important;}&#8221;]Les vernis pour bois Solid sont produits par Renner Italia, soci\u00e9t\u00e9 multinationale install\u00e9e \u00e0 Minerbio (Bologne).<\/p>\n<p>Renner Italia est une soci\u00e9t\u00e9 qui produit des vernis de haute qualit\u00e9. Elle est en croissance rapide mais n&#8217;oublie jamais le respect pour l\u2019environnement.<\/p>\n<p>Renner Italia fait partie du groupe Renner Herrmann.<\/p>\n<p>Presque 100 ans apr\u00e8s sa fondation, Renner Herrmann montre des dimensions internationales et des int\u00e9r\u00eats industriels diversifi\u00e9s.<\/p>\n<p>Renner Herrmann S.A. f\u00fbt fond\u00e9e au Br\u00e9sil, \u00e0 Porto Alegre, son si\u00e8ge actuel.<\/p>\n<p>Au d\u00e9but le groupe commen\u00e7a \u00e0 travailler \u00e0 la formulation et \u00e0 la production de vernis pour bois et, aujourd\u2019hui, c\u2019est encore l\u2019activit\u00e9 principale du groupe.<\/p>\n<p>Aujourd\u2019hui, Renner Herrmann S.A. est r\u00e9put\u00e9 pour sa cr\u00e9dibilit\u00e9 et sa solidit\u00e9 dans des secteurs tr\u00e8s diversifi\u00e9s, tels que l\u2019emballage m\u00e9tallique, la reforestation, les d\u00e9riv\u00e9s du lait, les meubles et le bois, et compte 2000 employ\u00e9s dans le monde entier.<\/p>\n<p>Avec 10 sites industriels r\u00e9partis dans 6 pays et \u00e0 travers des agences de distribution pr\u00e9sentes dans 65 nations, les entreprises de Renner Herrmann S.A. se distinguent non seulement par l\u2019ind\u00e9niable qualit\u00e9 de leurs produits, mais aussi par leur p\u00e9rennit\u00e9 \u00e9cologique.<\/p>\n<p>D\u00e9couvrez les produits de Renner Italia[\/vc_column_text][\/vc_column][\/vc_row][vc_row][vc_column width=&#8221;1\/3&#8243;][vc_single_image image=&#8221;733&#8243; img_size=&#8221;full&#8221; alignment=&#8221;center&#8221; onclick=&#8221;custom_link&#8221; img_link_target=&#8221;_blank&#8221; css_animation=&#8221;top-to-bottom&#8221; link=&#8221;http:\/\/renneritalia.com\/&#8221; el_class=&#8221;logolink&#8221;][\/vc_column][vc_column width=&#8221;1\/3&#8243;][vc_single_image image=&#8221;735&#8243; img_size=&#8221;full&#8221; alignment=&#8221;center&#8221; onclick=&#8221;custom_link&#8221; img_link_target=&#8221;_blank&#8221; css_animation=&#8221;top-to-bottom&#8221; link=&#8221;http:\/\/vernicifirewall.it\/&#8221; el_class=&#8221;logolink&#8221;][\/vc_column][vc_column width=&#8221;1\/3&#8243;][vc_single_image image=&#8221;736&#8243; img_size=&#8221;full&#8221; alignment=&#8221;center&#8221; onclick=&#8221;custom_link&#8221; img_link_target=&#8221;_blank&#8221; css_animation=&#8221;top-to-bottom&#8221; link=&#8221;http:\/\/vernicirioverde.it\/&#8221; el_class=&#8221;logolink&#8221;][\/vc_column][\/vc_row]\n<\/div>","protected":false},"excerpt":{"rendered":"<p>[vc_row fullwidth=&#8221;true&#8221; background_style=&#8221;full&#8221; el_class=&#8221;backgroundtop&#8221;][vc_column offset=&#8221;vc_col-xs-12&#8243; css=&#8221;.vc_custom_1445938100913{padding-top: 200px !important;}&#8221;][vc_custom_heading text=&#8221;RENNER ITALIA&#8221; font_container=&#8221;tag:h1|text_align:center|color:%23ffffff&#8221; google_fonts=&#8221;font_family:Raleway%3A100%2C200%2C300%2Cregular%2C500%2C600%2C700%2C800%2C900|font_style:800%20bold%20regular%3A800%3Anormal&#8221; el_class=&#8221;semheading&#8221;][vc_custom_heading text=&#8221;Les vernis haute-technologie pour le bois&#8221; font_container=&#8221;tag:h4|font_size:22|text_align:center|color:%23ffffff&#8221; google_fonts=&#8221;font_family:Raleway%3A100%2C200%2C300%2Cregular%2C500%2C600%2C700%2C800%2C900|font_style:600%20bold%20regular%3A600%3Anormal&#8221; el_class=&#8221;semsubheading&#8221; css=&#8221;.vc_custom_1474619781553{padding-bottom: 160px !important;}&#8221;][vc_row_inner el_class=&#8221;prevnext&#8221;][vc_column_inner width=&#8221;1\/3&#8243;][vc_btn title=&#8221;ALLEZ \u00c0 LA PAGE LES BONS VERNIS&#8221; style=&#8221;flat&#8221; shape=&#8221;square&#8221; color=&#8221;green&#8221; align=&#8221;center&#8221; i_type=&#8221;entypo&#8221; i_icon_entypo=&#8221;entypo-icon entypo-icon-left-open-big&#8221; button_block=&#8221;true&#8221; add_icon=&#8221;true&#8221; link=&#8221;url:http%3A%2F%2Fsolidrenner.com%2Ffr%2Fla-buona-vernice%2F||&#8221; el_class=&#8221;buttonsolid&#8221;][\/vc_column_inner][vc_column_inner width=&#8221;1\/3&#8243;][\/vc_column_inner][vc_column_inner width=&#8221;1\/3&#8243;][vc_btn title=&#8221;ALLEZ \u00c0 LA PAGE NOTRE HISTOIRE&#8221; style=&#8221;flat&#8221; shape=&#8221;square&#8221; [&hellip;]<\/p>\n","protected":false},"author":1,"featured_media":0,"parent":0,"menu_order":0,"comment_status":"closed","ping_status":"open","template":"","meta":{"footnotes":""},"class_list":["post-1750","page","type-page","status-publish","hentry"],"yoast_head":"<!-- This site is optimized with the Yoast SEO plugin v26.6 - https:\/\/yoast.com\/wordpress\/plugins\/seo\/ -->\n<title>RENNER ITALIA - Vernici Parquet Solid Renner<\/title>\n<meta name=\"description\" content=\"Renner Italia \u00e8 un\u2019 azienda con una profonda vocazione ambientalista che formula vernici per legno rispondendo ai requisiti della qualit\u00e0 totale\" \/>\n<meta name=\"robots\" content=\"index, follow, max-snippet:-1, max-image-preview:large, max-video-preview:-1\" \/>\n<link rel=\"canonical\" href=\"https:\/\/www.solidrenner.com\/renner-italia\/\" \/>\n<meta property=\"og:locale\" content=\"fr_FR\" \/>\n<meta property=\"og:type\" content=\"article\" \/>\n<meta property=\"og:title\" content=\"RENNER ITALIA - Vernici Parquet Solid Renner\" \/>\n<meta property=\"og:description\" content=\"Renner Italia \u00e8 un\u2019 azienda con una profonda vocazione ambientalista che formula vernici per legno rispondendo ai requisiti della qualit\u00e0 totale\" \/>\n<meta property=\"og:url\" content=\"https:\/\/www.solidrenner.com\/renner-italia\/\" \/>\n<meta property=\"og:site_name\" content=\"Solid Renner\" \/>\n<meta property=\"article:modified_time\" content=\"2020-03-17T15:01:25+00:00\" \/>\n<meta name=\"twitter:card\" content=\"summary_large_image\" \/>\n<meta name=\"twitter:label1\" content=\"Est. reading time\" \/>\n\t<meta name=\"twitter:data1\" content=\"3 minutes\" \/>\n<script type=\"application\/ld+json\" class=\"yoast-schema-graph\">{\"@context\":\"https:\/\/schema.org\",\"@graph\":[{\"@type\":\"WebPage\",\"@id\":\"https:\/\/www.solidrenner.com\/renner-italia\/\",\"url\":\"https:\/\/www.solidrenner.com\/renner-italia\/\",\"name\":\"RENNER ITALIA - Vernici Parquet Solid Renner\",\"isPartOf\":{\"@id\":\"https:\/\/www.solidrenner.com\/#website\"},\"datePublished\":\"2015-10-27T11:56:30+00:00\",\"dateModified\":\"2020-03-17T15:01:25+00:00\",\"description\":\"Renner Italia \u00e8 un\u2019 azienda con una profonda vocazione ambientalista che formula vernici per legno rispondendo ai requisiti della qualit\u00e0 totale\",\"breadcrumb\":{\"@id\":\"https:\/\/www.solidrenner.com\/renner-italia\/#breadcrumb\"},\"inLanguage\":\"fr-FR\",\"potentialAction\":[{\"@type\":\"ReadAction\",\"target\":[\"https:\/\/www.solidrenner.com\/renner-italia\/\"]}]},{\"@type\":\"BreadcrumbList\",\"@id\":\"https:\/\/www.solidrenner.com\/renner-italia\/#breadcrumb\",\"itemListElement\":[{\"@type\":\"ListItem\",\"position\":1,\"name\":\"Home\",\"item\":\"https:\/\/www.solidrenner.com\/fr\/\"},{\"@type\":\"ListItem\",\"position\":2,\"name\":\"RENNER ITALIA\"}]},{\"@type\":\"WebSite\",\"@id\":\"https:\/\/www.solidrenner.com\/#website\",\"url\":\"https:\/\/www.solidrenner.com\/\",\"name\":\"Solid Renner\",\"description\":\"Le vernici per il parquet di Renner Italia\",\"potentialAction\":[{\"@type\":\"SearchAction\",\"target\":{\"@type\":\"EntryPoint\",\"urlTemplate\":\"https:\/\/www.solidrenner.com\/?s={search_term_string}\"},\"query-input\":{\"@type\":\"PropertyValueSpecification\",\"valueRequired\":true,\"valueName\":\"search_term_string\"}}],\"inLanguage\":\"fr-FR\"}]}<\/script>\n<!-- \/ Yoast SEO plugin. -->","yoast_head_json":{"title":"RENNER ITALIA - Vernici Parquet Solid Renner","description":"Renner Italia \u00e8 un\u2019 azienda con una profonda vocazione ambientalista che formula vernici per legno rispondendo ai requisiti della qualit\u00e0 totale","robots":{"index":"index","follow":"follow","max-snippet":"max-snippet:-1","max-image-preview":"max-image-preview:large","max-video-preview":"max-video-preview:-1"},"canonical":"https:\/\/www.solidrenner.com\/renner-italia\/","og_locale":"fr_FR","og_type":"article","og_title":"RENNER ITALIA - Vernici Parquet Solid Renner","og_description":"Renner Italia \u00e8 un\u2019 azienda con una profonda vocazione ambientalista che formula vernici per legno rispondendo ai requisiti della qualit\u00e0 totale","og_url":"https:\/\/www.solidrenner.com\/renner-italia\/","og_site_name":"Solid Renner","article_modified_time":"2020-03-17T15:01:25+00:00","twitter_card":"summary_large_image","twitter_misc":{"Est. reading time":"3 minutes"},"schema":{"@context":"https:\/\/schema.org","@graph":[{"@type":"WebPage","@id":"https:\/\/www.solidrenner.com\/renner-italia\/","url":"https:\/\/www.solidrenner.com\/renner-italia\/","name":"RENNER ITALIA - Vernici Parquet Solid Renner","isPartOf":{"@id":"https:\/\/www.solidrenner.com\/#website"},"datePublished":"2015-10-27T11:56:30+00:00","dateModified":"2020-03-17T15:01:25+00:00","description":"Renner Italia \u00e8 un\u2019 azienda con una profonda vocazione ambientalista che formula vernici per legno rispondendo ai requisiti della qualit\u00e0 totale","breadcrumb":{"@id":"https:\/\/www.solidrenner.com\/renner-italia\/#breadcrumb"},"inLanguage":"fr-FR","potentialAction":[{"@type":"ReadAction","target":["https:\/\/www.solidrenner.com\/renner-italia\/"]}]},{"@type":"BreadcrumbList","@id":"https:\/\/www.solidrenner.com\/renner-italia\/#breadcrumb","itemListElement":[{"@type":"ListItem","position":1,"name":"Home","item":"https:\/\/www.solidrenner.com\/fr\/"},{"@type":"ListItem","position":2,"name":"RENNER ITALIA"}]},{"@type":"WebSite","@id":"https:\/\/www.solidrenner.com\/#website","url":"https:\/\/www.solidrenner.com\/","name":"Solid Renner","description":"Le vernici per il parquet di Renner Italia","potentialAction":[{"@type":"SearchAction","target":{"@type":"EntryPoint","urlTemplate":"https:\/\/www.solidrenner.com\/?s={search_term_string}"},"query-input":{"@type":"PropertyValueSpecification","valueRequired":true,"valueName":"search_term_string"}}],"inLanguage":"fr-FR"}]}},"_links":{"self":[{"href":"https:\/\/www.solidrenner.com\/fr\/wp-json\/wp\/v2\/pages\/1750","targetHints":{"allow":["GET"]}}],"collection":[{"href":"https:\/\/www.solidrenner.com\/fr\/wp-json\/wp\/v2\/pages"}],"about":[{"href":"https:\/\/www.solidrenner.com\/fr\/wp-json\/wp\/v2\/types\/page"}],"author":[{"embeddable":true,"href":"https:\/\/www.solidrenner.com\/fr\/wp-json\/wp\/v2\/users\/1"}],"replies":[{"embeddable":true,"href":"https:\/\/www.solidrenner.com\/fr\/wp-json\/wp\/v2\/comments?post=1750"}],"version-history":[{"count":6,"href":"https:\/\/www.solidrenner.com\/fr\/wp-json\/wp\/v2\/pages\/1750\/revisions"}],"predecessor-version":[{"id":4539,"href":"https:\/\/www.solidrenner.com\/fr\/wp-json\/wp\/v2\/pages\/1750\/revisions\/4539"}],"wp:attachment":[{"href":"https:\/\/www.solidrenner.com\/fr\/wp-json\/wp\/v2\/media?parent=1750"}],"curies":[{"name":"wp","href":"https:\/\/api.w.org\/{rel}","templated":true}]}}