{"id":1744,"date":"2015-10-27T11:55:34","date_gmt":"2015-10-27T10:55:34","guid":{"rendered":"https:\/\/www.solidrenner.com\/fr\/hi-tech-quality\/"},"modified":"2020-03-17T15:58:52","modified_gmt":"2020-03-17T14:58:52","slug":"hi-tech-quality","status":"publish","type":"page","link":"https:\/\/www.solidrenner.com\/fr\/hi-tech-quality\/","title":{"rendered":"QUALIT\u00c9 HAUTE TECHNOLOGIE"},"content":{"rendered":"<div class=\"wpb-content-wrapper\">[vc_row fullwidth=&#8221;true&#8221; background_style=&#8221;full&#8221; el_class=&#8221;backgroundtop&#8221;][vc_column offset=&#8221;vc_col-xs-12&#8243; css=&#8221;.vc_custom_1445938100913{padding-top: 200px !important;}&#8221;][vc_custom_heading text=&#8221;QUALIT\u00c9 HAUTE TECHNOLOGIE&#8221; font_container=&#8221;tag:h1|text_align:center|color:%23ffffff&#8221; google_fonts=&#8221;font_family:Raleway%3A100%2C200%2C300%2Cregular%2C500%2C600%2C700%2C800%2C900|font_style:800%20bold%20regular%3A800%3Anormal&#8221; el_class=&#8221;semheading&#8221;][vc_custom_heading text=&#8221;Une chimie fabriqu\u00e9e en Italie&#8221; font_container=&#8221;tag:h4|font_size:22|text_align:center|color:%23ffffff&#8221; google_fonts=&#8221;font_family:Raleway%3A100%2C200%2C300%2Cregular%2C500%2C600%2C700%2C800%2C900|font_style:600%20bold%20regular%3A600%3Anormal&#8221; el_class=&#8221;semsubheading&#8221;][vc_single_image image=&#8221;706&#8243; img_size=&#8221;full&#8221; alignment=&#8221;center&#8221; css_animation=&#8221;top-to-bottom&#8221; el_class=&#8221;logorennerlab&#8221;][vc_row_inner el_class=&#8221;prevnext&#8221;][vc_column_inner width=&#8221;1\/3&#8243;][vc_btn title=&#8221;ALLEZ \u00c0 LA PAGE <strong>AMI DES ENFANTS<\/strong>&#8221; style=&#8221;flat&#8221; shape=&#8221;square&#8221; color=&#8221;green&#8221; align=&#8221;center&#8221; i_type=&#8221;entypo&#8221; i_icon_entypo=&#8221;entypo-icon entypo-icon-left-open-big&#8221; button_block=&#8221;true&#8221; add_icon=&#8221;true&#8221; link=&#8221;url:http%3A%2F%2Fsolidrenner.com%2Ffr%2Fa-misura-di-bambino%2F||&#8221; el_class=&#8221;buttonsolid&#8221;][\/vc_column_inner][vc_column_inner width=&#8221;1\/3&#8243;][\/vc_column_inner][vc_column_inner width=&#8221;1\/3&#8243;][vc_btn title=&#8221;ALLEZ \u00c0 LA PAGE <strong>PROTECTION UV+<\/strong>&#8221; style=&#8221;flat&#8221; shape=&#8221;square&#8221; color=&#8221;green&#8221; align=&#8221;center&#8221; i_align=&#8221;right&#8221; i_type=&#8221;entypo&#8221; i_icon_entypo=&#8221;entypo-icon entypo-icon-right-open-big&#8221; button_block=&#8221;true&#8221; add_icon=&#8221;true&#8221; link=&#8221;url:http%3A%2F%2Fsolidrenner.com%2Ffr%2Fuv-protection%2F||&#8221; el_class=&#8221;buttonsolid&#8221;][\/vc_column_inner][\/vc_row_inner][\/vc_column][\/vc_row][vc_row css=&#8221;.vc_custom_1445874591287{padding-top: 30px !important;}&#8221;][vc_column][vc_column_text css=&#8221;.vc_custom_1584457128489{margin-bottom: 0px !important;}&#8221;]La haute qualit\u00e9 des laboratoires Renner Italia est au service des poseurs de parquet avec la gamme Solid.<\/p>\n<p>58 parmi les meilleurs chercheurs du monde travaillent dans le d\u00e9partement de recherche et d\u00e9veloppement de Renner Italia. Le d\u00e9partement est sp\u00e9cialis\u00e9 dans la d\u00e9coration et la protection de tout type de bois, \u00e0 tout degr\u00e9 d\u2019exposition et pour r\u00e9pondre \u00e0 toutes les n\u00e9cessit\u00e9s de performance ou d\u2019esth\u00e9tisme.<br \/>\nChaque jour, nos chimistes \u00e9tudient et exp\u00e9rimentent des produits innovants, sp\u00e9cialement dans le champ complexe et probl\u00e9matique des vernis \u00e0 l\u2019eau et du s\u00e9chage UV.<br \/>\nLes chimistes collaborent avec les techniciens ; de cette fa\u00e7on, ils peuvent satisfaire les clients avec des produits qui d\u00e9passent les attentes.<\/p>\n<p>La forte r\u00e9sistance de nos vernis est due \u00e0 la m\u00e9thode scientifique appliqu\u00e9e par nos chimistes.<br \/>\nLes chercheurs de Renner Italia ont toujours effectu\u00e9 des analyses minutieuses et rigoureuses.<br \/>\nChaque vernis est analys\u00e9, test\u00e9 et produit avec un objectif tr\u00e8s ambitieux\u00a0: sceller la beaut\u00e9 de nos vernis pour bois dans le temps.<br \/>\nC\u2019est pour cela que nos produits sont notre meilleure expression de beaut\u00e9, de r\u00e9sistance et de respect de l\u2019environnement.<\/p>\n<p>Renner Italia offre 6 gammes de vernis pour bois, pour satisfaire les besoins de l\u2019utilisateur final.<\/p>\n<ul>\n<li>Vernis \u00e0 l\u2019eau pour parquet Solid, cr\u00e9\u00e9 pour les poseurs (pour les nouveaux parquets ou ceux qui ont besoin de restauration).<\/li>\n<li>Vernis ignifuges \u00e0 l\u2019eau Firewall\u00a0: les vernis ignifuges qui garantissent s\u00e9curit\u00e9 et beaut\u00e9.<\/li>\n<li>Vernis \u00e0 l\u2019eau Aquaris, pour les artisans et l\u2019industrie (pour les bois d\u2019int\u00e9rieur et d\u2019ext\u00e9rieur).<\/li>\n<li>Vernis \u00e0 base solvant Synthesis, pour les professionnels et l\u2019industrie (pour les bois d\u2019int\u00e9rieur et d\u2019ext\u00e9rieur).<\/li>\n<li>Vernis Rio Verde : la gamme pour l\u2019utilisateur final et l\u2019artisan. Ces produits sont professionnels et simples \u00e0 utiliser.<\/li>\n<li>Les vernis Pure Bio Coatings : les produits\u00a0sans d\u00e9riv\u00e9s du p\u00e9trole et \u00e0 \u00e9missions z\u00e9ro<\/li>\n<\/ul>\n<p>Les autres produits de Renner Italia\u00a0:<\/p>\n<ul>\n<li>Colorants, pour toute utilisation, \u00e0 l\u2019eau et \u00e0 base solvant.<\/li>\n<li>Additifs et produits compl\u00e9mentaires \u00e0 l\u2019eau et \u00e0 base solvant.<\/li>\n<li>Diluants en polyur\u00e9thane, polyester, cellulosiques et synth\u00e9tiques.<\/li>\n<\/ul>\n<p>Renner Italia garantie la production de tout type de laque et de couleur, avec Color System, un syst\u00e8me tintom\u00e9trique analogique et digital pour les vernis \u00e0 l\u2019eau et \u00e0 base solvant.<\/p>\n<p>Gr\u00e2ce \u00e0 la haute qualit\u00e9 de ses produits, Renner Italia est devenue un centre d\u2019excellence de la chimie italienne connue dans le monde entier.[\/vc_column_text][\/vc_column][\/vc_row]\n<\/div>","protected":false},"excerpt":{"rendered":"<p>[vc_row fullwidth=&#8221;true&#8221; background_style=&#8221;full&#8221; el_class=&#8221;backgroundtop&#8221;][vc_column offset=&#8221;vc_col-xs-12&#8243; css=&#8221;.vc_custom_1445938100913{padding-top: 200px !important;}&#8221;][vc_custom_heading text=&#8221;QUALIT\u00c9 HAUTE TECHNOLOGIE&#8221; font_container=&#8221;tag:h1|text_align:center|color:%23ffffff&#8221; google_fonts=&#8221;font_family:Raleway%3A100%2C200%2C300%2Cregular%2C500%2C600%2C700%2C800%2C900|font_style:800%20bold%20regular%3A800%3Anormal&#8221; el_class=&#8221;semheading&#8221;][vc_custom_heading text=&#8221;Une chimie fabriqu\u00e9e en Italie&#8221; font_container=&#8221;tag:h4|font_size:22|text_align:center|color:%23ffffff&#8221; google_fonts=&#8221;font_family:Raleway%3A100%2C200%2C300%2Cregular%2C500%2C600%2C700%2C800%2C900|font_style:600%20bold%20regular%3A600%3Anormal&#8221; el_class=&#8221;semsubheading&#8221;][vc_single_image image=&#8221;706&#8243; img_size=&#8221;full&#8221; alignment=&#8221;center&#8221; css_animation=&#8221;top-to-bottom&#8221; el_class=&#8221;logorennerlab&#8221;][vc_row_inner el_class=&#8221;prevnext&#8221;][vc_column_inner width=&#8221;1\/3&#8243;][vc_btn title=&#8221;ALLEZ \u00c0 LA PAGE AMI DES ENFANTS&#8221; style=&#8221;flat&#8221; shape=&#8221;square&#8221; color=&#8221;green&#8221; align=&#8221;center&#8221; i_type=&#8221;entypo&#8221; i_icon_entypo=&#8221;entypo-icon entypo-icon-left-open-big&#8221; button_block=&#8221;true&#8221; add_icon=&#8221;true&#8221; link=&#8221;url:http%3A%2F%2Fsolidrenner.com%2Ffr%2Fa-misura-di-bambino%2F||&#8221; el_class=&#8221;buttonsolid&#8221;][\/vc_column_inner][vc_column_inner width=&#8221;1\/3&#8243;][\/vc_column_inner][vc_column_inner width=&#8221;1\/3&#8243;][vc_btn title=&#8221;ALLEZ \u00c0 LA PAGE PROTECTION UV+&#8221; [&hellip;]<\/p>\n","protected":false},"author":1,"featured_media":0,"parent":0,"menu_order":0,"comment_status":"closed","ping_status":"open","template":"","meta":{"footnotes":""},"class_list":["post-1744","page","type-page","status-publish","hentry"],"yoast_head":"<!-- This site is optimized with the Yoast SEO plugin v26.6 - https:\/\/yoast.com\/wordpress\/plugins\/seo\/ -->\n<title>HI-TECH QUALITY - Vernici Parquet Solid Renner<\/title>\n<meta name=\"description\" content=\"Con Solid la qualit\u00e0 hi-tech del laboratorio di Renner Italia sbarca sul pianeta-posatori\" \/>\n<meta name=\"robots\" content=\"index, follow, max-snippet:-1, max-image-preview:large, max-video-preview:-1\" \/>\n<link rel=\"canonical\" href=\"https:\/\/www.solidrenner.com\/parquet-hi-tech\/\" \/>\n<meta property=\"og:locale\" content=\"fr_FR\" \/>\n<meta property=\"og:type\" content=\"article\" \/>\n<meta property=\"og:title\" content=\"HI-TECH QUALITY - Vernici Parquet Solid Renner\" \/>\n<meta property=\"og:description\" content=\"Con Solid la qualit\u00e0 hi-tech del laboratorio di Renner Italia sbarca sul pianeta-posatori\" \/>\n<meta property=\"og:url\" content=\"https:\/\/www.solidrenner.com\/parquet-hi-tech\/\" \/>\n<meta property=\"og:site_name\" content=\"Solid Renner\" \/>\n<meta property=\"article:modified_time\" content=\"2020-03-17T14:58:52+00:00\" \/>\n<meta name=\"twitter:card\" content=\"summary_large_image\" \/>\n<meta name=\"twitter:label1\" content=\"Est. reading time\" \/>\n\t<meta name=\"twitter:data1\" content=\"3 minutes\" \/>\n<script type=\"application\/ld+json\" class=\"yoast-schema-graph\">{\"@context\":\"https:\/\/schema.org\",\"@graph\":[{\"@type\":\"WebPage\",\"@id\":\"https:\/\/www.solidrenner.com\/parquet-hi-tech\/\",\"url\":\"https:\/\/www.solidrenner.com\/parquet-hi-tech\/\",\"name\":\"HI-TECH QUALITY - Vernici Parquet Solid Renner\",\"isPartOf\":{\"@id\":\"https:\/\/www.solidrenner.com\/#website\"},\"datePublished\":\"2015-10-27T10:55:34+00:00\",\"dateModified\":\"2020-03-17T14:58:52+00:00\",\"description\":\"Con Solid la qualit\u00e0 hi-tech del laboratorio di Renner Italia sbarca sul pianeta-posatori\",\"breadcrumb\":{\"@id\":\"https:\/\/www.solidrenner.com\/parquet-hi-tech\/#breadcrumb\"},\"inLanguage\":\"fr-FR\",\"potentialAction\":[{\"@type\":\"ReadAction\",\"target\":[\"https:\/\/www.solidrenner.com\/parquet-hi-tech\/\"]}]},{\"@type\":\"BreadcrumbList\",\"@id\":\"https:\/\/www.solidrenner.com\/parquet-hi-tech\/#breadcrumb\",\"itemListElement\":[{\"@type\":\"ListItem\",\"position\":1,\"name\":\"Home\",\"item\":\"https:\/\/www.solidrenner.com\/fr\/\"},{\"@type\":\"ListItem\",\"position\":2,\"name\":\"QUALIT\u00c9 HAUTE TECHNOLOGIE\"}]},{\"@type\":\"WebSite\",\"@id\":\"https:\/\/www.solidrenner.com\/#website\",\"url\":\"https:\/\/www.solidrenner.com\/\",\"name\":\"Solid Renner\",\"description\":\"Le vernici per il parquet di Renner Italia\",\"potentialAction\":[{\"@type\":\"SearchAction\",\"target\":{\"@type\":\"EntryPoint\",\"urlTemplate\":\"https:\/\/www.solidrenner.com\/?s={search_term_string}\"},\"query-input\":{\"@type\":\"PropertyValueSpecification\",\"valueRequired\":true,\"valueName\":\"search_term_string\"}}],\"inLanguage\":\"fr-FR\"}]}<\/script>\n<!-- \/ Yoast SEO plugin. -->","yoast_head_json":{"title":"HI-TECH QUALITY - Vernici Parquet Solid Renner","description":"Con Solid la qualit\u00e0 hi-tech del laboratorio di Renner Italia sbarca sul pianeta-posatori","robots":{"index":"index","follow":"follow","max-snippet":"max-snippet:-1","max-image-preview":"max-image-preview:large","max-video-preview":"max-video-preview:-1"},"canonical":"https:\/\/www.solidrenner.com\/parquet-hi-tech\/","og_locale":"fr_FR","og_type":"article","og_title":"HI-TECH QUALITY - Vernici Parquet Solid Renner","og_description":"Con Solid la qualit\u00e0 hi-tech del laboratorio di Renner Italia sbarca sul pianeta-posatori","og_url":"https:\/\/www.solidrenner.com\/parquet-hi-tech\/","og_site_name":"Solid Renner","article_modified_time":"2020-03-17T14:58:52+00:00","twitter_card":"summary_large_image","twitter_misc":{"Est. reading time":"3 minutes"},"schema":{"@context":"https:\/\/schema.org","@graph":[{"@type":"WebPage","@id":"https:\/\/www.solidrenner.com\/parquet-hi-tech\/","url":"https:\/\/www.solidrenner.com\/parquet-hi-tech\/","name":"HI-TECH QUALITY - Vernici Parquet Solid Renner","isPartOf":{"@id":"https:\/\/www.solidrenner.com\/#website"},"datePublished":"2015-10-27T10:55:34+00:00","dateModified":"2020-03-17T14:58:52+00:00","description":"Con Solid la qualit\u00e0 hi-tech del laboratorio di Renner Italia sbarca sul pianeta-posatori","breadcrumb":{"@id":"https:\/\/www.solidrenner.com\/parquet-hi-tech\/#breadcrumb"},"inLanguage":"fr-FR","potentialAction":[{"@type":"ReadAction","target":["https:\/\/www.solidrenner.com\/parquet-hi-tech\/"]}]},{"@type":"BreadcrumbList","@id":"https:\/\/www.solidrenner.com\/parquet-hi-tech\/#breadcrumb","itemListElement":[{"@type":"ListItem","position":1,"name":"Home","item":"https:\/\/www.solidrenner.com\/fr\/"},{"@type":"ListItem","position":2,"name":"QUALIT\u00c9 HAUTE TECHNOLOGIE"}]},{"@type":"WebSite","@id":"https:\/\/www.solidrenner.com\/#website","url":"https:\/\/www.solidrenner.com\/","name":"Solid Renner","description":"Le vernici per il parquet di Renner Italia","potentialAction":[{"@type":"SearchAction","target":{"@type":"EntryPoint","urlTemplate":"https:\/\/www.solidrenner.com\/?s={search_term_string}"},"query-input":{"@type":"PropertyValueSpecification","valueRequired":true,"valueName":"search_term_string"}}],"inLanguage":"fr-FR"}]}},"_links":{"self":[{"href":"https:\/\/www.solidrenner.com\/fr\/wp-json\/wp\/v2\/pages\/1744","targetHints":{"allow":["GET"]}}],"collection":[{"href":"https:\/\/www.solidrenner.com\/fr\/wp-json\/wp\/v2\/pages"}],"about":[{"href":"https:\/\/www.solidrenner.com\/fr\/wp-json\/wp\/v2\/types\/page"}],"author":[{"embeddable":true,"href":"https:\/\/www.solidrenner.com\/fr\/wp-json\/wp\/v2\/users\/1"}],"replies":[{"embeddable":true,"href":"https:\/\/www.solidrenner.com\/fr\/wp-json\/wp\/v2\/comments?post=1744"}],"version-history":[{"count":5,"href":"https:\/\/www.solidrenner.com\/fr\/wp-json\/wp\/v2\/pages\/1744\/revisions"}],"predecessor-version":[{"id":4535,"href":"https:\/\/www.solidrenner.com\/fr\/wp-json\/wp\/v2\/pages\/1744\/revisions\/4535"}],"wp:attachment":[{"href":"https:\/\/www.solidrenner.com\/fr\/wp-json\/wp\/v2\/media?parent=1744"}],"curies":[{"name":"wp","href":"https:\/\/api.w.org\/{rel}","templated":true}]}}