{"id":1739,"date":"2015-10-27T11:37:28","date_gmt":"2015-10-27T10:37:28","guid":{"rendered":"https:\/\/www.solidrenner.com\/fr\/vernici-per-pavimenti-100-per-cento-puliti\/"},"modified":"2018-03-07T21:52:47","modified_gmt":"2018-03-07T20:52:47","slug":"vernici-per-pavimenti-100-per-cento-puliti","status":"publish","type":"page","link":"https:\/\/www.solidrenner.com\/fr\/vernici-per-pavimenti-100-per-cento-puliti\/","title":{"rendered":"100% PROPRE"},"content":{"rendered":"<div class=\"wpb-content-wrapper\">[vc_row fullwidth=&#8221;true&#8221; background_style=&#8221;full&#8221; el_class=&#8221;backgroundtop&#8221;][vc_column offset=&#8221;vc_col-xs-12&#8243; css=&#8221;.vc_custom_1445938100913{padding-top: 200px !important;}&#8221;][vc_custom_heading text=&#8221;100% PROPRE&#8221; font_container=&#8221;tag:h1|text_align:center|color:%23ffffff&#8221; google_fonts=&#8221;font_family:Raleway%3A100%2C200%2C300%2Cregular%2C500%2C600%2C700%2C800%2C900|font_style:800%20bold%20regular%3A800%3Anormal&#8221; el_class=&#8221;semheading&#8221;][vc_custom_heading text=&#8221;La philosophie \u00e9colo de Renner Italia&#8221; font_container=&#8221;tag:h4|font_size:22|text_align:center|color:%23ffffff&#8221; google_fonts=&#8221;font_family:Raleway%3A100%2C200%2C300%2Cregular%2C500%2C600%2C700%2C800%2C900|font_style:600%20bold%20regular%3A600%3Anormal&#8221; el_class=&#8221;semsubheading&#8221;][vc_single_image image=&#8221;659&#8243; img_size=&#8221;full&#8221; alignment=&#8221;center&#8221; css_animation=&#8221;top-to-bottom&#8221; el_class=&#8221;logorennerlab&#8221;][vc_row_inner el_class=&#8221;prevnext&#8221;][vc_column_inner width=&#8221;1\/3&#8243;][vc_btn title=&#8221;ALLEZ \u00c0 LA PAGE <strong>RENNERLAB \u00c9COLOGIQUE<\/strong>&#8221; style=&#8221;flat&#8221; shape=&#8221;square&#8221; color=&#8221;green&#8221; align=&#8221;center&#8221; i_type=&#8221;entypo&#8221; i_icon_entypo=&#8221;entypo-icon entypo-icon-left-open-big&#8221; button_block=&#8221;true&#8221; add_icon=&#8221;true&#8221; link=&#8221;url:http%3A%2F%2Fsolidrenner.com%2Ffr%2Frennerlab-ecofriendly%2F||&#8221; el_class=&#8221;buttonsolid&#8221;][\/vc_column_inner][vc_column_inner width=&#8221;1\/3&#8243;][\/vc_column_inner][vc_column_inner width=&#8221;1\/3&#8243;][vc_btn title=&#8221;ALLEZ \u00c0 LA PAGE <strong>AMI DES ENFANTS<\/strong>&#8221; style=&#8221;flat&#8221; shape=&#8221;square&#8221; color=&#8221;green&#8221; align=&#8221;center&#8221; i_align=&#8221;right&#8221; i_type=&#8221;entypo&#8221; i_icon_entypo=&#8221;entypo-icon entypo-icon-right-open-big&#8221; button_block=&#8221;true&#8221; add_icon=&#8221;true&#8221; link=&#8221;url:http%3A%2F%2Fsolidrenner.com%2Ffr%2Fa-misura-di-bambino%2F||&#8221; el_class=&#8221;buttonsolid&#8221;][\/vc_column_inner][\/vc_row_inner][\/vc_column][\/vc_row][vc_row css=&#8221;.vc_custom_1445874591287{padding-top: 30px !important;}&#8221;][vc_column css=&#8221;.vc_custom_1520455961500{padding-top: 30px !important;padding-bottom: 30px !important;}&#8221;][vc_column_text]Le projet Rennerlab \u2013 Eco Friendly s\u2019\u00e9loigne des vieux proc\u00e8s de production. En fait, les vernis de Renner Italia sont produits seulement avec des \u00e9nergies renouvelables.<br \/>\nSolid est produit dans des usines qui fonctionnent \u00e0 l\u2019\u00e9nergie solaire, \u00e9olienne, hydraulique et gr\u00e2ce aux centrales \u00e0 biomasse.<br \/>\nDans ce cas aussi, l\u2019objectif de Renner Italia est de r\u00e9duire la pollution du syst\u00e8me \u00e9nerg\u00e9tique et de pr\u00e9server l\u2019environnement.<\/p>\n<p>Depuis toujours, Renner Italia poursuit une politique bonne pour l\u2019environnement.<\/p>\n<p>Renner Italia a toujours encourag\u00e9 la recherche dans le domaine des produits \u00e0 l\u2019eau. Ces produits \u00e0 bas compos\u00e9s organiques volatiles sont tr\u00e8s performants, r\u00e9sistants et beaux. L\u2019\u00e9nonc\u00e9 de la mission de Renner Italia dit qu\u2019 \u00ab\u00a0on est dans l\u2019obligation de pr\u00e9server notre \u00e9cosyst\u00e8me\u00a0\u00bb du moment qu\u2019 \u00ab\u00a0on est \u00e9tonn\u00e9 par la beaut\u00e9 qui nous entoure et on veut la d\u00e9fendre\u00a0\u00bb.<\/p>\n<p>A Minerbio (Bologne) le syst\u00e8me de croissance industrielle de Renner Italia fonctionne seulement \u00e0 travers le respect pour la nature. Un parcours vert dans le respect de notre territoire.<\/p>\n<p>Il y a quelques ann\u00e9es, le Ministero dell\u2019Ambiente e della Tutela del Territorio e del Mare (Minist\u00e8re de l&#8217;\u00e9cologie, du d\u00e9veloppement durable et de l&#8217;\u00e9nergie) italien a donn\u00e9 \u00e0 l\u2019entreprise un prix pour son projet \u00ab\u00a0Il risparmio energetico in busta paga \u00bb (L\u2019\u00e9pargne \u00e9nerg\u00e9tique dans le bulletin de paie). La soci\u00e9t\u00e9 a gagn\u00e9 le prix \u00ab\u00a0Premio Impresa Ambiente 2012\u00a0\u00bb (Prix entreprise-environnement), un prix que le Gouvernement italien d\u00e9cerne aux entreprises qui soutiennent un d\u00e9veloppement durable, le respect pour l\u2019environnement et la responsabilit\u00e9 sociale.<\/p>\n<p>Renner Italia a \u00e9t\u00e9 la premi\u00e8re dans la cat\u00e9gorie \u00ab\u00a0Meilleure gestion\u00a0\u00bb pour avoir \u00ab\u00a0r\u00e9alis\u00e9 un projet promouvant l\u2019\u00e9conomie \u00e9nerg\u00e9tique. 50% de ces \u00e9pargnes est distribu\u00e9 directement aux employ\u00e9s\u00a0\u00bb.[\/vc_column_text][\/vc_column][\/vc_row]\n<\/div>","protected":false},"excerpt":{"rendered":"<p>[vc_row fullwidth=&#8221;true&#8221; background_style=&#8221;full&#8221; el_class=&#8221;backgroundtop&#8221;][vc_column offset=&#8221;vc_col-xs-12&#8243; css=&#8221;.vc_custom_1445938100913{padding-top: 200px !important;}&#8221;][vc_custom_heading text=&#8221;100% PROPRE&#8221; font_container=&#8221;tag:h1|text_align:center|color:%23ffffff&#8221; google_fonts=&#8221;font_family:Raleway%3A100%2C200%2C300%2Cregular%2C500%2C600%2C700%2C800%2C900|font_style:800%20bold%20regular%3A800%3Anormal&#8221; el_class=&#8221;semheading&#8221;][vc_custom_heading text=&#8221;La philosophie \u00e9colo de Renner Italia&#8221; font_container=&#8221;tag:h4|font_size:22|text_align:center|color:%23ffffff&#8221; google_fonts=&#8221;font_family:Raleway%3A100%2C200%2C300%2Cregular%2C500%2C600%2C700%2C800%2C900|font_style:600%20bold%20regular%3A600%3Anormal&#8221; el_class=&#8221;semsubheading&#8221;][vc_single_image image=&#8221;659&#8243; img_size=&#8221;full&#8221; alignment=&#8221;center&#8221; css_animation=&#8221;top-to-bottom&#8221; el_class=&#8221;logorennerlab&#8221;][vc_row_inner el_class=&#8221;prevnext&#8221;][vc_column_inner width=&#8221;1\/3&#8243;][vc_btn title=&#8221;ALLEZ \u00c0 LA PAGE RENNERLAB \u00c9COLOGIQUE&#8221; style=&#8221;flat&#8221; shape=&#8221;square&#8221; color=&#8221;green&#8221; align=&#8221;center&#8221; i_type=&#8221;entypo&#8221; i_icon_entypo=&#8221;entypo-icon entypo-icon-left-open-big&#8221; button_block=&#8221;true&#8221; add_icon=&#8221;true&#8221; link=&#8221;url:http%3A%2F%2Fsolidrenner.com%2Ffr%2Frennerlab-ecofriendly%2F||&#8221; el_class=&#8221;buttonsolid&#8221;][\/vc_column_inner][vc_column_inner width=&#8221;1\/3&#8243;][\/vc_column_inner][vc_column_inner width=&#8221;1\/3&#8243;][vc_btn title=&#8221;ALLEZ \u00c0 LA PAGE AMI DES ENFANTS&#8221; [&hellip;]<\/p>\n","protected":false},"author":1,"featured_media":0,"parent":0,"menu_order":0,"comment_status":"closed","ping_status":"open","template":"","meta":{"footnotes":""},"class_list":["post-1739","page","type-page","status-publish","hentry"],"yoast_head":"<!-- This site is optimized with the Yoast SEO plugin v26.6 - https:\/\/yoast.com\/wordpress\/plugins\/seo\/ -->\n<title>100 PER CENTO PULITI - Vernici Parquet Solid Renner<\/title>\n<meta name=\"description\" content=\"La produzione delle vernici Renner Italia e delle vernici per pavimenti in legno Solid \u00e8 sostenuta da energia elettrica proveniente da fonti rinnovabili.\" \/>\n<meta name=\"robots\" content=\"index, follow, max-snippet:-1, max-image-preview:large, max-video-preview:-1\" \/>\n<link rel=\"canonical\" href=\"https:\/\/www.solidrenner.com\/fr\/vernici-per-pavimenti-100-per-cento-puliti\/\" \/>\n<meta property=\"og:locale\" content=\"fr_FR\" \/>\n<meta property=\"og:type\" content=\"article\" \/>\n<meta property=\"og:title\" content=\"100 PER CENTO PULITI - Vernici Parquet Solid Renner\" \/>\n<meta property=\"og:description\" content=\"La produzione delle vernici Renner Italia e delle vernici per pavimenti in legno Solid \u00e8 sostenuta da energia elettrica proveniente da fonti rinnovabili.\" \/>\n<meta property=\"og:url\" content=\"https:\/\/www.solidrenner.com\/fr\/vernici-per-pavimenti-100-per-cento-puliti\/\" \/>\n<meta property=\"og:site_name\" content=\"Solid Renner\" \/>\n<meta property=\"article:modified_time\" content=\"2018-03-07T20:52:47+00:00\" \/>\n<meta name=\"twitter:card\" content=\"summary_large_image\" \/>\n<meta name=\"twitter:label1\" content=\"Est. reading time\" \/>\n\t<meta name=\"twitter:data1\" content=\"3 minutes\" \/>\n<script type=\"application\/ld+json\" class=\"yoast-schema-graph\">{\"@context\":\"https:\/\/schema.org\",\"@graph\":[{\"@type\":\"WebPage\",\"@id\":\"https:\/\/www.solidrenner.com\/fr\/vernici-per-pavimenti-100-per-cento-puliti\/\",\"url\":\"https:\/\/www.solidrenner.com\/fr\/vernici-per-pavimenti-100-per-cento-puliti\/\",\"name\":\"100 PER CENTO PULITI - Vernici Parquet Solid Renner\",\"isPartOf\":{\"@id\":\"https:\/\/www.solidrenner.com\/#website\"},\"datePublished\":\"2015-10-27T10:37:28+00:00\",\"dateModified\":\"2018-03-07T20:52:47+00:00\",\"description\":\"La produzione delle vernici Renner Italia e delle vernici per pavimenti in legno Solid \u00e8 sostenuta da energia elettrica proveniente da fonti rinnovabili.\",\"breadcrumb\":{\"@id\":\"https:\/\/www.solidrenner.com\/fr\/vernici-per-pavimenti-100-per-cento-puliti\/#breadcrumb\"},\"inLanguage\":\"fr-FR\",\"potentialAction\":[{\"@type\":\"ReadAction\",\"target\":[\"https:\/\/www.solidrenner.com\/fr\/vernici-per-pavimenti-100-per-cento-puliti\/\"]}]},{\"@type\":\"BreadcrumbList\",\"@id\":\"https:\/\/www.solidrenner.com\/fr\/vernici-per-pavimenti-100-per-cento-puliti\/#breadcrumb\",\"itemListElement\":[{\"@type\":\"ListItem\",\"position\":1,\"name\":\"Home\",\"item\":\"https:\/\/www.solidrenner.com\/fr\/\"},{\"@type\":\"ListItem\",\"position\":2,\"name\":\"100% PROPRE\"}]},{\"@type\":\"WebSite\",\"@id\":\"https:\/\/www.solidrenner.com\/#website\",\"url\":\"https:\/\/www.solidrenner.com\/\",\"name\":\"Solid Renner\",\"description\":\"Le vernici per il parquet di Renner Italia\",\"potentialAction\":[{\"@type\":\"SearchAction\",\"target\":{\"@type\":\"EntryPoint\",\"urlTemplate\":\"https:\/\/www.solidrenner.com\/?s={search_term_string}\"},\"query-input\":{\"@type\":\"PropertyValueSpecification\",\"valueRequired\":true,\"valueName\":\"search_term_string\"}}],\"inLanguage\":\"fr-FR\"}]}<\/script>\n<!-- \/ Yoast SEO plugin. -->","yoast_head_json":{"title":"100 PER CENTO PULITI - Vernici Parquet Solid Renner","description":"La produzione delle vernici Renner Italia e delle vernici per pavimenti in legno Solid \u00e8 sostenuta da energia elettrica proveniente da fonti rinnovabili.","robots":{"index":"index","follow":"follow","max-snippet":"max-snippet:-1","max-image-preview":"max-image-preview:large","max-video-preview":"max-video-preview:-1"},"canonical":"https:\/\/www.solidrenner.com\/fr\/vernici-per-pavimenti-100-per-cento-puliti\/","og_locale":"fr_FR","og_type":"article","og_title":"100 PER CENTO PULITI - Vernici Parquet Solid Renner","og_description":"La produzione delle vernici Renner Italia e delle vernici per pavimenti in legno Solid \u00e8 sostenuta da energia elettrica proveniente da fonti rinnovabili.","og_url":"https:\/\/www.solidrenner.com\/fr\/vernici-per-pavimenti-100-per-cento-puliti\/","og_site_name":"Solid Renner","article_modified_time":"2018-03-07T20:52:47+00:00","twitter_card":"summary_large_image","twitter_misc":{"Est. reading time":"3 minutes"},"schema":{"@context":"https:\/\/schema.org","@graph":[{"@type":"WebPage","@id":"https:\/\/www.solidrenner.com\/fr\/vernici-per-pavimenti-100-per-cento-puliti\/","url":"https:\/\/www.solidrenner.com\/fr\/vernici-per-pavimenti-100-per-cento-puliti\/","name":"100 PER CENTO PULITI - Vernici Parquet Solid Renner","isPartOf":{"@id":"https:\/\/www.solidrenner.com\/#website"},"datePublished":"2015-10-27T10:37:28+00:00","dateModified":"2018-03-07T20:52:47+00:00","description":"La produzione delle vernici Renner Italia e delle vernici per pavimenti in legno Solid \u00e8 sostenuta da energia elettrica proveniente da fonti rinnovabili.","breadcrumb":{"@id":"https:\/\/www.solidrenner.com\/fr\/vernici-per-pavimenti-100-per-cento-puliti\/#breadcrumb"},"inLanguage":"fr-FR","potentialAction":[{"@type":"ReadAction","target":["https:\/\/www.solidrenner.com\/fr\/vernici-per-pavimenti-100-per-cento-puliti\/"]}]},{"@type":"BreadcrumbList","@id":"https:\/\/www.solidrenner.com\/fr\/vernici-per-pavimenti-100-per-cento-puliti\/#breadcrumb","itemListElement":[{"@type":"ListItem","position":1,"name":"Home","item":"https:\/\/www.solidrenner.com\/fr\/"},{"@type":"ListItem","position":2,"name":"100% PROPRE"}]},{"@type":"WebSite","@id":"https:\/\/www.solidrenner.com\/#website","url":"https:\/\/www.solidrenner.com\/","name":"Solid Renner","description":"Le vernici per il parquet di Renner Italia","potentialAction":[{"@type":"SearchAction","target":{"@type":"EntryPoint","urlTemplate":"https:\/\/www.solidrenner.com\/?s={search_term_string}"},"query-input":{"@type":"PropertyValueSpecification","valueRequired":true,"valueName":"search_term_string"}}],"inLanguage":"fr-FR"}]}},"_links":{"self":[{"href":"https:\/\/www.solidrenner.com\/fr\/wp-json\/wp\/v2\/pages\/1739","targetHints":{"allow":["GET"]}}],"collection":[{"href":"https:\/\/www.solidrenner.com\/fr\/wp-json\/wp\/v2\/pages"}],"about":[{"href":"https:\/\/www.solidrenner.com\/fr\/wp-json\/wp\/v2\/types\/page"}],"author":[{"embeddable":true,"href":"https:\/\/www.solidrenner.com\/fr\/wp-json\/wp\/v2\/users\/1"}],"replies":[{"embeddable":true,"href":"https:\/\/www.solidrenner.com\/fr\/wp-json\/wp\/v2\/comments?post=1739"}],"version-history":[{"count":7,"href":"https:\/\/www.solidrenner.com\/fr\/wp-json\/wp\/v2\/pages\/1739\/revisions"}],"predecessor-version":[{"id":2636,"href":"https:\/\/www.solidrenner.com\/fr\/wp-json\/wp\/v2\/pages\/1739\/revisions\/2636"}],"wp:attachment":[{"href":"https:\/\/www.solidrenner.com\/fr\/wp-json\/wp\/v2\/media?parent=1739"}],"curies":[{"name":"wp","href":"https:\/\/api.w.org\/{rel}","templated":true}]}}