{"id":1736,"date":"2015-10-27T09:32:11","date_gmt":"2015-10-27T08:32:11","guid":{"rendered":"https:\/\/www.solidrenner.com\/fr\/rennerlab-ecofriendly\/"},"modified":"2018-03-07T21:40:04","modified_gmt":"2018-03-07T20:40:04","slug":"rennerlab-ecofriendly","status":"publish","type":"page","link":"https:\/\/www.solidrenner.com\/fr\/rennerlab-ecofriendly\/","title":{"rendered":"RENNERLAB \u00c9COLOGIQUE"},"content":{"rendered":"<div class=\"wpb-content-wrapper\">[vc_row fullwidth=&#8221;true&#8221; background_style=&#8221;full&#8221; el_class=&#8221;backgroundtop&#8221;][vc_column offset=&#8221;vc_col-xs-12&#8243; css=&#8221;.vc_custom_1445938100913{padding-top: 200px !important;}&#8221;][vc_custom_heading text=&#8221;SOLID, AMI DE L&#8217;ENVIRONNEMENT&#8221; font_container=&#8221;tag:h1|text_align:center|color:%23ffffff&#8221; google_fonts=&#8221;font_family:Raleway%3A100%2C200%2C300%2Cregular%2C500%2C600%2C700%2C800%2C900|font_style:800%20bold%20regular%3A800%3Anormal&#8221; el_class=&#8221;semheading&#8221;][vc_custom_heading text=&#8221;La philosophie \u00e9colo de Renner Italia&#8221; font_container=&#8221;tag:h4|font_size:22|text_align:center|color:%23ffffff&#8221; google_fonts=&#8221;font_family:Raleway%3A100%2C200%2C300%2Cregular%2C500%2C600%2C700%2C800%2C900|font_style:600%20bold%20regular%3A600%3Anormal&#8221; el_class=&#8221;semsubheading&#8221;][vc_single_image image=&#8221;659&#8243; img_size=&#8221;full&#8221; alignment=&#8221;center&#8221; css_animation=&#8221;top-to-bottom&#8221; el_class=&#8221;logorennerlab&#8221;][vc_row_inner el_class=&#8221;prevnext&#8221;][vc_column_inner width=&#8221;1\/3&#8243;][vc_btn title=&#8221;ALLEZ \u00c0 LA PAGE <strong>GAMME<\/strong>&#8221; style=&#8221;flat&#8221; shape=&#8221;square&#8221; color=&#8221;green&#8221; align=&#8221;center&#8221; i_type=&#8221;entypo&#8221; i_icon_entypo=&#8221;entypo-icon entypo-icon-left-open-big&#8221; button_block=&#8221;true&#8221; add_icon=&#8221;true&#8221; link=&#8221;url:http%3A%2F%2Fsolidrenner.com%2Ffr%2Fgamma%2F||&#8221; el_class=&#8221;buttonsolid&#8221;][\/vc_column_inner][vc_column_inner width=&#8221;1\/3&#8243;][\/vc_column_inner][vc_column_inner width=&#8221;1\/3&#8243;][vc_btn title=&#8221;ALLEZ \u00c0 LA PAGE <strong>100% PROPRE<\/strong>&#8221; style=&#8221;flat&#8221; shape=&#8221;square&#8221; color=&#8221;green&#8221; align=&#8221;center&#8221; i_align=&#8221;right&#8221; i_type=&#8221;entypo&#8221; i_icon_entypo=&#8221;entypo-icon entypo-icon-right-open-big&#8221; button_block=&#8221;true&#8221; add_icon=&#8221;true&#8221; link=&#8221;url:http%3A%2F%2Fsolidrenner.com%2Ffr%2Fvernici-per-pavimenti-100-per-cento-puliti%2F||&#8221; el_class=&#8221;buttonsolid&#8221;][\/vc_column_inner][\/vc_row_inner][\/vc_column][\/vc_row][vc_row css=&#8221;.vc_custom_1445874591287{padding-top: 30px !important;}&#8221;][vc_column css=&#8221;.vc_custom_1520455185924{padding-top: 30px !important;padding-bottom: 30px !important;}&#8221;][vc_column_text css=&#8221;.vc_custom_1520455177891{margin-bottom: 0px !important;}&#8221;]Solid est la gamme de vernis amie des poseurs de parquet. Les vernis \u00e0 l\u2019eau de Solid sont r\u00e9alis\u00e9s dans le respect des \u00eatres humains: du technicien et de ceux qui ont choisi le bois dans leurs habitations.<\/p>\n<p>Nos chimistes sont attentifs au r\u00f4le central de l\u2019industrie dans le contr\u00f4le des changements climatiques. Pour ces raisons, ils ont \u00e9limin\u00e9 95% des \u00e9missions toxiques et tous les produits pour la d\u00e9coration et la protection du bois sont compl\u00e8tement non toxiques.<\/p>\n<p>La technologie verte de la gamme Solid a \u00e9t\u00e9 inspir\u00e9e par le projet Rennerlab \u2013 Eco Friendly. Le projet Rennerlab \u2013 Eco Friendly a le but de cr\u00e9er un environnement sain pour tous ceux qui ont choisi le bois dans leurs maisons.<br \/>\nLes objectifs de Rennerlab \u2013 Eco Friendly sont\u00a0:<\/p>\n<ul>\n<li>z\u00e9ro \u00e9mission<\/li>\n<li>\u00e9limination des composants dangereux<\/li>\n<li>une meilleure qualit\u00e9 de l\u2019air d\u2019int\u00e9rieur<\/li>\n<li>la cr\u00e9ation d\u2019espaces habitables et sans risque<\/li>\n<li>la participation \u00e0 des programmes d\u2019\u00e9conomie d\u2019\u00e9nergie<\/li>\n<\/ul>\n<p>Avec une activit\u00e9 de communication simple et efficace, Rennerlab \u2013 Eco Friendly veut aider le client dans le choix des produits chimiques et dans la s\u00e9lection des produits \u00e0 l\u2019eau conform\u00e9ment aux n\u00e9cessit\u00e9s de l\u2019environnement.[\/vc_column_text][\/vc_column][\/vc_row]\n<\/div>","protected":false},"excerpt":{"rendered":"<p>[vc_row fullwidth=&#8221;true&#8221; background_style=&#8221;full&#8221; el_class=&#8221;backgroundtop&#8221;][vc_column offset=&#8221;vc_col-xs-12&#8243; css=&#8221;.vc_custom_1445938100913{padding-top: 200px !important;}&#8221;][vc_custom_heading text=&#8221;SOLID, AMI DE L&#8217;ENVIRONNEMENT&#8221; font_container=&#8221;tag:h1|text_align:center|color:%23ffffff&#8221; google_fonts=&#8221;font_family:Raleway%3A100%2C200%2C300%2Cregular%2C500%2C600%2C700%2C800%2C900|font_style:800%20bold%20regular%3A800%3Anormal&#8221; el_class=&#8221;semheading&#8221;][vc_custom_heading text=&#8221;La philosophie \u00e9colo de Renner Italia&#8221; font_container=&#8221;tag:h4|font_size:22|text_align:center|color:%23ffffff&#8221; google_fonts=&#8221;font_family:Raleway%3A100%2C200%2C300%2Cregular%2C500%2C600%2C700%2C800%2C900|font_style:600%20bold%20regular%3A600%3Anormal&#8221; el_class=&#8221;semsubheading&#8221;][vc_single_image image=&#8221;659&#8243; img_size=&#8221;full&#8221; alignment=&#8221;center&#8221; css_animation=&#8221;top-to-bottom&#8221; el_class=&#8221;logorennerlab&#8221;][vc_row_inner el_class=&#8221;prevnext&#8221;][vc_column_inner width=&#8221;1\/3&#8243;][vc_btn title=&#8221;ALLEZ \u00c0 LA PAGE GAMME&#8221; style=&#8221;flat&#8221; shape=&#8221;square&#8221; color=&#8221;green&#8221; align=&#8221;center&#8221; i_type=&#8221;entypo&#8221; i_icon_entypo=&#8221;entypo-icon entypo-icon-left-open-big&#8221; button_block=&#8221;true&#8221; add_icon=&#8221;true&#8221; link=&#8221;url:http%3A%2F%2Fsolidrenner.com%2Ffr%2Fgamma%2F||&#8221; el_class=&#8221;buttonsolid&#8221;][\/vc_column_inner][vc_column_inner width=&#8221;1\/3&#8243;][\/vc_column_inner][vc_column_inner width=&#8221;1\/3&#8243;][vc_btn title=&#8221;ALLEZ \u00c0 LA PAGE 100% PROPRE&#8221; [&hellip;]<\/p>\n","protected":false},"author":1,"featured_media":0,"parent":0,"menu_order":0,"comment_status":"closed","ping_status":"open","template":"","meta":{"footnotes":""},"class_list":["post-1736","page","type-page","status-publish","hentry"],"yoast_head":"<!-- This site is optimized with the Yoast SEO plugin v26.6 - https:\/\/yoast.com\/wordpress\/plugins\/seo\/ -->\n<title>RENNERLAB ECOFRIENDLY - Vernici Parquet Solid Renner<\/title>\n<meta name=\"description\" content=\"Il progetto Rennerlab \u2013 Eco Friendly ha l\u2019ambizione di costruire un contesto salubre per chi sceglie il legno quale elemento costitutivo dei propri luoghi\" \/>\n<meta name=\"robots\" content=\"index, follow, max-snippet:-1, max-image-preview:large, max-video-preview:-1\" \/>\n<link rel=\"canonical\" href=\"https:\/\/www.solidrenner.com\/rennerlab-ecofriendly\/\" \/>\n<meta property=\"og:locale\" content=\"fr_FR\" \/>\n<meta property=\"og:type\" content=\"article\" \/>\n<meta property=\"og:title\" content=\"RENNERLAB ECOFRIENDLY - Vernici Parquet Solid Renner\" \/>\n<meta property=\"og:description\" content=\"Il progetto Rennerlab \u2013 Eco Friendly ha l\u2019ambizione di costruire un contesto salubre per chi sceglie il legno quale elemento costitutivo dei propri luoghi\" \/>\n<meta property=\"og:url\" content=\"https:\/\/www.solidrenner.com\/rennerlab-ecofriendly\/\" \/>\n<meta property=\"og:site_name\" content=\"Solid Renner\" \/>\n<meta property=\"article:modified_time\" content=\"2018-03-07T20:40:04+00:00\" \/>\n<meta name=\"twitter:card\" content=\"summary_large_image\" \/>\n<meta name=\"twitter:label1\" content=\"Est. reading time\" \/>\n\t<meta name=\"twitter:data1\" content=\"2 minutes\" \/>\n<script type=\"application\/ld+json\" class=\"yoast-schema-graph\">{\"@context\":\"https:\/\/schema.org\",\"@graph\":[{\"@type\":\"WebPage\",\"@id\":\"https:\/\/www.solidrenner.com\/rennerlab-ecofriendly\/\",\"url\":\"https:\/\/www.solidrenner.com\/rennerlab-ecofriendly\/\",\"name\":\"RENNERLAB ECOFRIENDLY - Vernici Parquet Solid Renner\",\"isPartOf\":{\"@id\":\"https:\/\/www.solidrenner.com\/#website\"},\"datePublished\":\"2015-10-27T08:32:11+00:00\",\"dateModified\":\"2018-03-07T20:40:04+00:00\",\"description\":\"Il progetto Rennerlab \u2013 Eco Friendly ha l\u2019ambizione di costruire un contesto salubre per chi sceglie il legno quale elemento costitutivo dei propri luoghi\",\"breadcrumb\":{\"@id\":\"https:\/\/www.solidrenner.com\/rennerlab-ecofriendly\/#breadcrumb\"},\"inLanguage\":\"fr-FR\",\"potentialAction\":[{\"@type\":\"ReadAction\",\"target\":[\"https:\/\/www.solidrenner.com\/rennerlab-ecofriendly\/\"]}]},{\"@type\":\"BreadcrumbList\",\"@id\":\"https:\/\/www.solidrenner.com\/rennerlab-ecofriendly\/#breadcrumb\",\"itemListElement\":[{\"@type\":\"ListItem\",\"position\":1,\"name\":\"Home\",\"item\":\"https:\/\/www.solidrenner.com\/fr\/\"},{\"@type\":\"ListItem\",\"position\":2,\"name\":\"RENNERLAB \u00c9COLOGIQUE\"}]},{\"@type\":\"WebSite\",\"@id\":\"https:\/\/www.solidrenner.com\/#website\",\"url\":\"https:\/\/www.solidrenner.com\/\",\"name\":\"Solid Renner\",\"description\":\"Le vernici per il parquet di Renner Italia\",\"potentialAction\":[{\"@type\":\"SearchAction\",\"target\":{\"@type\":\"EntryPoint\",\"urlTemplate\":\"https:\/\/www.solidrenner.com\/?s={search_term_string}\"},\"query-input\":{\"@type\":\"PropertyValueSpecification\",\"valueRequired\":true,\"valueName\":\"search_term_string\"}}],\"inLanguage\":\"fr-FR\"}]}<\/script>\n<!-- \/ Yoast SEO plugin. -->","yoast_head_json":{"title":"RENNERLAB ECOFRIENDLY - Vernici Parquet Solid Renner","description":"Il progetto Rennerlab \u2013 Eco Friendly ha l\u2019ambizione di costruire un contesto salubre per chi sceglie il legno quale elemento costitutivo dei propri luoghi","robots":{"index":"index","follow":"follow","max-snippet":"max-snippet:-1","max-image-preview":"max-image-preview:large","max-video-preview":"max-video-preview:-1"},"canonical":"https:\/\/www.solidrenner.com\/rennerlab-ecofriendly\/","og_locale":"fr_FR","og_type":"article","og_title":"RENNERLAB ECOFRIENDLY - Vernici Parquet Solid Renner","og_description":"Il progetto Rennerlab \u2013 Eco Friendly ha l\u2019ambizione di costruire un contesto salubre per chi sceglie il legno quale elemento costitutivo dei propri luoghi","og_url":"https:\/\/www.solidrenner.com\/rennerlab-ecofriendly\/","og_site_name":"Solid Renner","article_modified_time":"2018-03-07T20:40:04+00:00","twitter_card":"summary_large_image","twitter_misc":{"Est. reading time":"2 minutes"},"schema":{"@context":"https:\/\/schema.org","@graph":[{"@type":"WebPage","@id":"https:\/\/www.solidrenner.com\/rennerlab-ecofriendly\/","url":"https:\/\/www.solidrenner.com\/rennerlab-ecofriendly\/","name":"RENNERLAB ECOFRIENDLY - Vernici Parquet Solid Renner","isPartOf":{"@id":"https:\/\/www.solidrenner.com\/#website"},"datePublished":"2015-10-27T08:32:11+00:00","dateModified":"2018-03-07T20:40:04+00:00","description":"Il progetto Rennerlab \u2013 Eco Friendly ha l\u2019ambizione di costruire un contesto salubre per chi sceglie il legno quale elemento costitutivo dei propri luoghi","breadcrumb":{"@id":"https:\/\/www.solidrenner.com\/rennerlab-ecofriendly\/#breadcrumb"},"inLanguage":"fr-FR","potentialAction":[{"@type":"ReadAction","target":["https:\/\/www.solidrenner.com\/rennerlab-ecofriendly\/"]}]},{"@type":"BreadcrumbList","@id":"https:\/\/www.solidrenner.com\/rennerlab-ecofriendly\/#breadcrumb","itemListElement":[{"@type":"ListItem","position":1,"name":"Home","item":"https:\/\/www.solidrenner.com\/fr\/"},{"@type":"ListItem","position":2,"name":"RENNERLAB \u00c9COLOGIQUE"}]},{"@type":"WebSite","@id":"https:\/\/www.solidrenner.com\/#website","url":"https:\/\/www.solidrenner.com\/","name":"Solid Renner","description":"Le vernici per il parquet di Renner Italia","potentialAction":[{"@type":"SearchAction","target":{"@type":"EntryPoint","urlTemplate":"https:\/\/www.solidrenner.com\/?s={search_term_string}"},"query-input":{"@type":"PropertyValueSpecification","valueRequired":true,"valueName":"search_term_string"}}],"inLanguage":"fr-FR"}]}},"_links":{"self":[{"href":"https:\/\/www.solidrenner.com\/fr\/wp-json\/wp\/v2\/pages\/1736","targetHints":{"allow":["GET"]}}],"collection":[{"href":"https:\/\/www.solidrenner.com\/fr\/wp-json\/wp\/v2\/pages"}],"about":[{"href":"https:\/\/www.solidrenner.com\/fr\/wp-json\/wp\/v2\/types\/page"}],"author":[{"embeddable":true,"href":"https:\/\/www.solidrenner.com\/fr\/wp-json\/wp\/v2\/users\/1"}],"replies":[{"embeddable":true,"href":"https:\/\/www.solidrenner.com\/fr\/wp-json\/wp\/v2\/comments?post=1736"}],"version-history":[{"count":5,"href":"https:\/\/www.solidrenner.com\/fr\/wp-json\/wp\/v2\/pages\/1736\/revisions"}],"predecessor-version":[{"id":2630,"href":"https:\/\/www.solidrenner.com\/fr\/wp-json\/wp\/v2\/pages\/1736\/revisions\/2630"}],"wp:attachment":[{"href":"https:\/\/www.solidrenner.com\/fr\/wp-json\/wp\/v2\/media?parent=1736"}],"curies":[{"name":"wp","href":"https:\/\/api.w.org\/{rel}","templated":true}]}}