{"id":10260,"date":"2021-07-26T11:51:55","date_gmt":"2021-07-26T09:51:55","guid":{"rendered":"https:\/\/www.solidrenner.com\/?page_id=10260"},"modified":"2025-12-15T14:40:51","modified_gmt":"2025-12-15T13:40:51","slug":"huile-hybride-brillante-parquet","status":"publish","type":"page","link":"https:\/\/www.solidrenner.com\/fr\/huile-hybride-brillante-parquet\/","title":{"rendered":"SOLID &#8211; OILLUX"},"content":{"rendered":"<div class=\"wpb-content-wrapper\">[vc_row fullwidth=&#8221;true&#8221; background_style=&#8221;full&#8221; el_class=&#8221;headerproduct&#8221;][vc_column width=&#8221;1\/2&#8243; offset=&#8221;vc_col-xs-12&#8243; css=&#8221;.vc_custom_1445759629453{padding-top: 190px !important;}&#8221;][vc_single_image image=&#8221;10278&#8243; img_size=&#8221;full&#8221; alignment=&#8221;center&#8221;][\/vc_column][vc_column width=&#8221;1\/2&#8243;][vc_single_image image=&#8221;10289&#8243; img_size=&#8221;full&#8221; alignment=&#8221;center&#8221;][\/vc_column][\/vc_row][vc_row][vc_column width=&#8221;1\/2&#8243;][vc_custom_heading text=&#8221;L\u2019HUILE BRILLANTE&#8221; font_container=&#8221;tag:h2|font_size:40|text_align:left|color:%2378b833&#8243; google_fonts=&#8221;font_family:Raleway%3A100%2C200%2C300%2Cregular%2C500%2C600%2C700%2C800%2C900|font_style:800%20bold%20regular%3A800%3Anormal&#8221;][vc_custom_heading text=&#8221;Pour le nettoyage brillant de tout type de bois.<br \/>\nElle est certifi\u00e9e en Classe 1 de R\u00e9action au Feu UNI 9796.&#8221; font_container=&#8221;tag:h3|font_size:18|text_align:left|color:%23777777|line_height:1.5&#8243; google_fonts=&#8221;font_family:Raleway%3A100%2C200%2C300%2Cregular%2C500%2C600%2C700%2C800%2C900|font_style:400%20regular%3A400%3Anormal&#8221;][vc_raw_html]JTNDZGl2JTIwc3R5bGUlM0QlMjJiYWNrZ3JvdW5kJTNBJTIwdXJsJTI4JTI3JTJGd3AtY29udGVudCUyRnVwbG9hZHMlMkYyMDIwJTJGMDMlMkZlY29mcmllbmRseS5qcGclMjclMjklM0IlMjBiYWNrZ3JvdW5kLXNpemUlM0Fjb250YWluJTNCJTIwYmFja2dyb3VuZC1wb3NpdGlvbiUzQWNlbnRlciUyMHRvcCUzQiUyMGJhY2tncm91bmQtcmVwZWF0JTNBbm8tcmVwZWF0JTNCJTIwaGVpZ2h0JTNBMTAwcHglM0IlMjB3aWR0aCUzQSUyMDE2LjY2NjY2NjY3JTI1JTNCJTIwZmxvYXQlM0FsZWZ0JTIyJTNFJTNDJTJGZGl2JTNFJTBBJTBBJTNDZGl2JTIwc3R5bGUlM0QlMjJiYWNrZ3JvdW5kJTNBJTIwdXJsJTI4JTI3JTJGd3AtY29udGVudCUyRnVwbG9hZHMlMkYyMDIwJTJGMDMlMkZoaXRlY2guanBnJTI3JTI5JTNCJTIwYmFja2dyb3VuZC1zaXplJTNBY29udGFpbiUzQiUyMGJhY2tncm91bmQtcG9zaXRpb24lM0FjZW50ZXIlMjB0b3AlM0IlMjBiYWNrZ3JvdW5kLXJlcGVhdCUzQW5vLXJlcGVhdCUzQiUyMGhlaWdodCUzQTEwMHB4JTNCJTIwd2lkdGglM0ElMjAxNi42NjY2NjY2NyUyNSUzQiUyMGZsb2F0JTNBbGVmdCUyMiUzRSUzQyUyRmRpdiUzRSUwQSUwQSUzQ2RpdiUyMHN0eWxlJTNEJTIyYmFja2dyb3VuZCUzQSUyMHVybCUyOCUyNyUyRndwLWNvbnRlbnQlMkZ1cGxvYWRzJTJGMjAyMCUyRjAzJTJGZmlyZXdhbGwuanBnJTI3JTI5JTNCJTIwYmFja2dyb3VuZC1zaXplJTNBY29udGFpbiUzQiUyMGJhY2tncm91bmQtcG9zaXRpb24lM0FjZW50ZXIlMjB0b3AlM0IlMjBiYWNrZ3JvdW5kLXJlcGVhdCUzQW5vLXJlcGVhdCUzQiUyMGhlaWdodCUzQTEwMHB4JTNCJTIwd2lkdGglM0ElMjAxNi42NjY2NjY2NyUyNSUzQiUyMGZsb2F0JTNBbGVmdCUyMiUzRSUzQyUyRmRpdiUzRSUwQSUwQSUzQ2RpdiUyMHN0eWxlJTNEJTIyY2xlYXIlM0ElMjBib3RoJTIyJTNFJTNDJTJGZGl2JTNFJTIw[\/vc_raw_html][vc_btn title=&#8221;T\u00c9L\u00c9CHARGEZ LA FICHE DU PRODUIT&#8221; style=&#8221;outline&#8221; shape=&#8221;square&#8221; color=&#8221;green&#8221; i_icon_fontawesome=&#8221;&#8221; css=&#8221;.vc_custom_1765805799280{margin-bottom: 30px !important;}&#8221; add_icon=&#8221;true&#8221; link=&#8221;url:%2Fwp-content%2Fuploads%2Fpdf%2Fprod%2Ffr_prod_solid_oillux.pdf|target:_blank&#8221;][vc_btn title=&#8221;T\u00c9L\u00c9CHARGEZ LA FICHE TECNIQUE&#8221; style=&#8221;outline&#8221; shape=&#8221;square&#8221; color=&#8221;green&#8221; i_icon_fontawesome=&#8221;&#8221; css=&#8221;.vc_custom_1765805790485{margin-bottom: 30px !important;}&#8221; add_icon=&#8221;true&#8221; link=&#8221;url:%2Fwp-content%2Fuploads%2Fpdf%2Ftech%2Ffr_tech_solid_oil-oilnature_oillux.pdf|target:_blank&#8221;][\/vc_column][vc_column width=&#8221;1\/2&#8243;][vc_row_inner][vc_column_inner width=&#8221;1\/4&#8243;][vc_single_image image=&#8221;468&#8243; img_size=&#8221;full&#8221; alignment=&#8221;center&#8221;][\/vc_column_inner][vc_column_inner width=&#8221;3\/4&#8243; css=&#8221;.vc_custom_1445704477666{padding-top: 20px !important;}&#8221;][vc_custom_heading text=&#8221;BIEN M\u00c9LANGER AVANT L&#8217;EMPLOI<br \/>\nAjouter 5% du durcisseur Solid2K&#8221; font_container=&#8221;tag:h4|font_size:14|text_align:left|color:%23777777|line_height:1.5&#8243; google_fonts=&#8221;font_family:Raleway%3A100%2C200%2C300%2Cregular%2C500%2C600%2C700%2C800%2C900|font_style:400%20regular%3A400%3Anormal&#8221;][\/vc_column_inner][\/vc_row_inner][vc_row_inner][vc_column_inner width=&#8221;1\/4&#8243;][vc_single_image image=&#8221;472&#8243; img_size=&#8221;full&#8221; alignment=&#8221;center&#8221;][\/vc_column_inner][vc_column_inner width=&#8221;3\/4&#8243; css=&#8221;.vc_custom_1445704058933{padding-top: 20px !important;}&#8221;][vc_custom_heading text=&#8221;Application avec brosse ou au rouleau. Vernir \u00e0 une temp\u00e9rature sup\u00e9rieure \u00e0 10\u00b0C&#8221; font_container=&#8221;tag:h4|font_size:14|text_align:left|color:%23777777|line_height:1.5&#8243; google_fonts=&#8221;font_family:Raleway%3A100%2C200%2C300%2Cregular%2C500%2C600%2C700%2C800%2C900|font_style:400%20regular%3A400%3Anormal&#8221;][\/vc_column_inner][\/vc_row_inner][vc_row_inner][vc_column_inner width=&#8221;1\/4&#8243;][vc_single_image image=&#8221;474&#8243; img_size=&#8221;full&#8221; alignment=&#8221;center&#8221;][\/vc_column_inner][vc_column_inner width=&#8221;3\/4&#8243; css=&#8221;.vc_custom_1445704058933{padding-top: 20px !important;}&#8221;][vc_custom_heading text=&#8221;Rendement par couche :<br \/>\n10-15 m<sup>2<\/sup>\/L&#8221; font_container=&#8221;tag:h4|font_size:14|text_align:left|color:%23777777|line_height:1.5&#8243; google_fonts=&#8221;font_family:Raleway%3A100%2C200%2C300%2Cregular%2C500%2C600%2C700%2C800%2C900|font_style:400%20regular%3A400%3Anormal&#8221;][\/vc_column_inner][\/vc_row_inner][vc_row_inner][vc_column_inner width=&#8221;1\/4&#8243;][vc_single_image image=&#8221;613&#8243; img_size=&#8221;full&#8221; alignment=&#8221;center&#8221;][\/vc_column_inner][vc_column_inner width=&#8221;3\/4&#8243; css=&#8221;.vc_custom_1445704058933{padding-top: 20px !important;}&#8221;][vc_custom_heading text=&#8221;Pon\u00e7abilit\u00e9 :<br \/>\n24 heures&#8221; font_container=&#8221;tag:h4|font_size:14|text_align:left|color:%23777777|line_height:1.5&#8243; google_fonts=&#8221;font_family:Raleway%3A100%2C200%2C300%2Cregular%2C500%2C600%2C700%2C800%2C900|font_style:400%20regular%3A400%3Anormal&#8221;][\/vc_column_inner][\/vc_row_inner][vc_row_inner][vc_column_inner width=&#8221;1\/4&#8243;][vc_single_image image=&#8221;4413&#8243; img_size=&#8221;full&#8221; alignment=&#8221;center&#8221;][\/vc_column_inner][vc_column_inner width=&#8221;3\/4&#8243; css=&#8221;.vc_custom_1445704058933{padding-top: 20px !important;}&#8221;][vc_custom_heading text=&#8221;Pi\u00e9tonnement :<br \/>\n48 heures&#8221; font_container=&#8221;tag:h4|font_size:14|text_align:left|color:%23777777|line_height:1.5&#8243; google_fonts=&#8221;font_family:Raleway%3A100%2C200%2C300%2Cregular%2C500%2C600%2C700%2C800%2C900|font_style:400%20regular%3A400%3Anormal&#8221;][\/vc_column_inner][\/vc_row_inner][\/vc_column][\/vc_row][vc_row css=&#8221;.vc_custom_1445874591287{padding-top: 30px !important;}&#8221;][vc_column][vc_custom_heading text=&#8221;LES HUILES&#8221; font_container=&#8221;tag:h2|font_size:40|text_align:left|color:%2378b833&#8243; google_fonts=&#8221;font_family:Raleway%3A100%2C200%2C300%2Cregular%2C500%2C600%2C700%2C800%2C900|font_style:800%20bold%20regular%3A800%3Anormal&#8221;][vc_separator color=&#8221;custom&#8221; style=&#8221;dashed&#8221; border_width=&#8221;2&#8243; accent_color=&#8221;#78b833&#8243;][\/vc_column][\/vc_row][vc_row][vc_column width=&#8221;1\/4&#8243;][vc_single_image image=&#8221;4629&#8243; img_size=&#8221;full&#8221; alignment=&#8221;center&#8221; onclick=&#8221;custom_link&#8221; css_animation=&#8221;top-to-bottom&#8221; css=&#8221;.vc_custom_1584540104097{margin-bottom: 20px !important;}&#8221; link=&#8221;https:\/\/www.solidrenner.com\/fr\/solid-oil&#8221;][vc_custom_heading text=&#8221;<strong>SOLID<\/strong>OIL&#8221; font_container=&#8221;tag:h3|font_size:22|text_align:center|color:%23737370&#8243; google_fonts=&#8221;font_family:Raleway%3A100%2C200%2C300%2Cregular%2C500%2C600%2C700%2C800%2C900|font_style:400%20regular%3A400%3Anormal&#8221;][vc_btn title=&#8221;&#8221; style=&#8221;classic&#8221; shape=&#8221;round&#8221; color=&#8221;green&#8221; align=&#8221;center&#8221; i_type=&#8221;entypo&#8221; i_icon_entypo=&#8221;entypo-icon entypo-icon-right-open-big&#8221; css=&#8221;.vc_custom_1475570367770{margin-bottom: 30px !important;}&#8221; add_icon=&#8221;true&#8221; link=&#8221;url:http%3A%2F%2Fsolidrenner.com%2Ffr%2Fsolid-oil||&#8221;][\/vc_column][vc_column width=&#8221;1\/4&#8243;][vc_single_image image=&#8221;4630&#8243; img_size=&#8221;full&#8221; alignment=&#8221;center&#8221; onclick=&#8221;custom_link&#8221; css_animation=&#8221;top-to-bottom&#8221; css=&#8221;.vc_custom_1584540113300{margin-bottom: 20px !important;}&#8221; link=&#8221;https:\/\/www.solidrenner.com\/fr\/solid-oilnature&#8221;][vc_custom_heading text=&#8221;<strong>SOLID<\/strong>OILNATURE&#8221; font_container=&#8221;tag:h3|font_size:22|text_align:center|color:%2380bd01&#8243; google_fonts=&#8221;font_family:Raleway%3A100%2C200%2C300%2Cregular%2C500%2C600%2C700%2C800%2C900|font_style:400%20regular%3A400%3Anormal&#8221;][vc_btn title=&#8221;&#8221; style=&#8221;classic&#8221; shape=&#8221;round&#8221; color=&#8221;green&#8221; align=&#8221;center&#8221; i_type=&#8221;entypo&#8221; i_icon_entypo=&#8221;entypo-icon entypo-icon-right-open-big&#8221; css=&#8221;.vc_custom_1475570377692{margin-bottom: 30px !important;}&#8221; add_icon=&#8221;true&#8221; link=&#8221;url:http%3A%2F%2Fsolidrenner.com%2Ffr%2Fsolid-oilnature||&#8221;][\/vc_column][vc_column width=&#8221;1\/4&#8243;][vc_single_image image=&#8221;4631&#8243; img_size=&#8221;full&#8221; alignment=&#8221;center&#8221; onclick=&#8221;custom_link&#8221; css_animation=&#8221;top-to-bottom&#8221; css=&#8221;.vc_custom_1584540124646{margin-bottom: 20px !important;}&#8221; link=&#8221;https:\/\/www.solidrenner.com\/fr\/solid-deck&#8221;][vc_custom_heading text=&#8221;<strong>SOLID<\/strong>ECK&#8221; font_container=&#8221;tag:h3|font_size:22|text_align:center|color:%234d8a7d&#8221; google_fonts=&#8221;font_family:Raleway%3A100%2C200%2C300%2Cregular%2C500%2C600%2C700%2C800%2C900|font_style:300%20light%20regular%3A300%3Anormal&#8221;][vc_btn title=&#8221;&#8221; style=&#8221;classic&#8221; shape=&#8221;round&#8221; color=&#8221;green&#8221; align=&#8221;center&#8221; i_type=&#8221;entypo&#8221; i_icon_entypo=&#8221;entypo-icon entypo-icon-right-open-big&#8221; css=&#8221;.vc_custom_1475570386105{margin-bottom: 30px !important;}&#8221; add_icon=&#8221;true&#8221; link=&#8221;url:http%3A%2F%2Fsolidrenner.com%2Ffr%2Fsolid-deck||&#8221;][\/vc_column][vc_column width=&#8221;1\/4&#8243;][vc_single_image image=&#8221;10289&#8243; img_size=&#8221;full&#8221; alignment=&#8221;center&#8221; onclick=&#8221;custom_link&#8221; css_animation=&#8221;top-to-bottom&#8221; css=&#8221;.vc_custom_1627293103883{margin-bottom: 20px !important;}&#8221; link=&#8221;https:\/\/www.solidrenner.com\/fr\/huile-hybride-brillante-parquet&#8221;][vc_custom_heading text=&#8221;<strong>SOLID<\/strong>OILLUX&#8221; font_container=&#8221;tag:h3|font_size:22|text_align:center|color:%2300a1e3&#8243; google_fonts=&#8221;font_family:Raleway%3A100%2C200%2C300%2Cregular%2C500%2C600%2C700%2C800%2C900|font_style:300%20light%20regular%3A300%3Anormal&#8221;][vc_btn title=&#8221;&#8221; style=&#8221;classic&#8221; shape=&#8221;round&#8221; color=&#8221;green&#8221; align=&#8221;center&#8221; i_type=&#8221;entypo&#8221; i_icon_entypo=&#8221;entypo-icon entypo-icon-right-open-big&#8221; css=&#8221;.vc_custom_1627293113011{margin-bottom: 30px !important;}&#8221; add_icon=&#8221;true&#8221; link=&#8221;url:http%3A%2F%2Fsolidrenner.com%2Ffr%2Fhuile-hybride-brillante-parquet|||&#8221;][\/vc_column][\/vc_row][vc_row css=&#8221;.vc_custom_1445874581731{padding-top: 30px !important;}&#8221;][vc_column][vc_btn title=&#8221;VISUALISER LA GAMME COMPL\u00c8TE&#8221; style=&#8221;outline&#8221; shape=&#8221;square&#8221; color=&#8221;green&#8221; align=&#8221;center&#8221; css=&#8221;.vc_custom_1582641553873{margin-bottom: 30px !important;}&#8221; button_block=&#8221;true&#8221; link=&#8221;url:http%3A%2F%2Fsolidrenner.com%2Ffr%2Fparquet-vernici-gamma|||&#8221;][\/vc_column][\/vc_row]\n<\/div>","protected":false},"excerpt":{"rendered":"<p>[vc_row fullwidth=&#8221;true&#8221; background_style=&#8221;full&#8221; el_class=&#8221;headerproduct&#8221;][vc_column width=&#8221;1\/2&#8243; offset=&#8221;vc_col-xs-12&#8243; css=&#8221;.vc_custom_1445759629453{padding-top: 190px !important;}&#8221;][vc_single_image image=&#8221;10278&#8243; img_size=&#8221;full&#8221; alignment=&#8221;center&#8221;][\/vc_column][vc_column width=&#8221;1\/2&#8243;][vc_single_image image=&#8221;10289&#8243; img_size=&#8221;full&#8221; alignment=&#8221;center&#8221;][\/vc_column][\/vc_row][vc_row][vc_column width=&#8221;1\/2&#8243;][vc_custom_heading text=&#8221;L\u2019HUILE BRILLANTE&#8221; font_container=&#8221;tag:h2|font_size:40|text_align:left|color:%2378b833&#8243; google_fonts=&#8221;font_family:Raleway%3A100%2C200%2C300%2Cregular%2C500%2C600%2C700%2C800%2C900|font_style:800%20bold%20regular%3A800%3Anormal&#8221;][vc_custom_heading text=&#8221;Pour le nettoyage brillant de tout type de bois. Elle est certifi\u00e9e en Classe 1 de R\u00e9action au Feu UNI 9796.&#8221; font_container=&#8221;tag:h3|font_size:18|text_align:left|color:%23777777|line_height:1.5&#8243; google_fonts=&#8221;font_family:Raleway%3A100%2C200%2C300%2Cregular%2C500%2C600%2C700%2C800%2C900|font_style:400%20regular%3A400%3Anormal&#8221;][vc_raw_html]JTNDZGl2JTIwc3R5bGUlM0QlMjJiYWNrZ3JvdW5kJTNBJTIwdXJsJTI4JTI3JTJGd3AtY29udGVudCUyRnVwbG9hZHMlMkYyMDIwJTJGMDMlMkZlY29mcmllbmRseS5qcGclMjclMjklM0IlMjBiYWNrZ3JvdW5kLXNpemUlM0Fjb250YWluJTNCJTIwYmFja2dyb3VuZC1wb3NpdGlvbiUzQWNlbnRlciUyMHRvcCUzQiUyMGJhY2tncm91bmQtcmVwZWF0JTNBbm8tcmVwZWF0JTNCJTIwaGVpZ2h0JTNBMTAwcHglM0IlMjB3aWR0aCUzQSUyMDE2LjY2NjY2NjY3JTI1JTNCJTIwZmxvYXQlM0FsZWZ0JTIyJTNFJTNDJTJGZGl2JTNFJTBBJTBBJTNDZGl2JTIwc3R5bGUlM0QlMjJiYWNrZ3JvdW5kJTNBJTIwdXJsJTI4JTI3JTJGd3AtY29udGVudCUyRnVwbG9hZHMlMkYyMDIwJTJGMDMlMkZoaXRlY2guanBnJTI3JTI5JTNCJTIwYmFja2dyb3VuZC1zaXplJTNBY29udGFpbiUzQiUyMGJhY2tncm91bmQtcG9zaXRpb24lM0FjZW50ZXIlMjB0b3AlM0IlMjBiYWNrZ3JvdW5kLXJlcGVhdCUzQW5vLXJlcGVhdCUzQiUyMGhlaWdodCUzQTEwMHB4JTNCJTIwd2lkdGglM0ElMjAxNi42NjY2NjY2NyUyNSUzQiUyMGZsb2F0JTNBbGVmdCUyMiUzRSUzQyUyRmRpdiUzRSUwQSUwQSUzQ2RpdiUyMHN0eWxlJTNEJTIyYmFja2dyb3VuZCUzQSUyMHVybCUyOCUyNyUyRndwLWNvbnRlbnQlMkZ1cGxvYWRzJTJGMjAyMCUyRjAzJTJGZmlyZXdhbGwuanBnJTI3JTI5JTNCJTIwYmFja2dyb3VuZC1zaXplJTNBY29udGFpbiUzQiUyMGJhY2tncm91bmQtcG9zaXRpb24lM0FjZW50ZXIlMjB0b3AlM0IlMjBiYWNrZ3JvdW5kLXJlcGVhdCUzQW5vLXJlcGVhdCUzQiUyMGhlaWdodCUzQTEwMHB4JTNCJTIwd2lkdGglM0ElMjAxNi42NjY2NjY2NyUyNSUzQiUyMGZsb2F0JTNBbGVmdCUyMiUzRSUzQyUyRmRpdiUzRSUwQSUwQSUzQ2RpdiUyMHN0eWxlJTNEJTIyY2xlYXIlM0ElMjBib3RoJTIyJTNFJTNDJTJGZGl2JTNFJTIw[\/vc_raw_html][vc_btn title=&#8221;T\u00c9L\u00c9CHARGEZ LA FICHE DU PRODUIT&#8221; style=&#8221;outline&#8221; shape=&#8221;square&#8221; color=&#8221;green&#8221; i_icon_fontawesome=&#8221;&#8221; css=&#8221;.vc_custom_1765805799280{margin-bottom: 30px [&hellip;]<\/p>\n","protected":false},"author":1,"featured_media":0,"parent":0,"menu_order":0,"comment_status":"closed","ping_status":"open","template":"","meta":{"footnotes":""},"class_list":["post-10260","page","type-page","status-publish","hentry"],"yoast_head":"<!-- This site is optimized with the Yoast SEO plugin v26.6 - https:\/\/yoast.com\/wordpress\/plugins\/seo\/ -->\n<title>SOLID - OILLUX - Vernici Parquet Solid Renner<\/title>\n<meta name=\"description\" content=\"Solid Oillux - L&#039;olio per parquet da esterno per il decking protetto dagli agenti atmosferici\" \/>\n<meta name=\"robots\" content=\"index, follow, max-snippet:-1, max-image-preview:large, max-video-preview:-1\" \/>\n<link rel=\"canonical\" href=\"https:\/\/www.solidrenner.com\/fr\/huile-hybride-brillante-parquet\/\" \/>\n<meta property=\"og:locale\" content=\"fr_FR\" \/>\n<meta property=\"og:type\" content=\"article\" \/>\n<meta property=\"og:title\" content=\"SOLID - OILLUX - Vernici Parquet Solid Renner\" \/>\n<meta property=\"og:description\" content=\"Solid Oillux - L&#039;olio per parquet da esterno per il decking protetto dagli agenti atmosferici\" \/>\n<meta property=\"og:url\" content=\"https:\/\/www.solidrenner.com\/fr\/huile-hybride-brillante-parquet\/\" \/>\n<meta property=\"og:site_name\" content=\"Solid Renner\" \/>\n<meta property=\"article:modified_time\" content=\"2025-12-15T13:40:51+00:00\" \/>\n<meta name=\"twitter:card\" content=\"summary_large_image\" \/>\n<meta name=\"twitter:label1\" content=\"Est. reading time\" \/>\n\t<meta name=\"twitter:data1\" content=\"2 minutes\" \/>\n<script type=\"application\/ld+json\" class=\"yoast-schema-graph\">{\"@context\":\"https:\/\/schema.org\",\"@graph\":[{\"@type\":\"WebPage\",\"@id\":\"https:\/\/www.solidrenner.com\/fr\/huile-hybride-brillante-parquet\/\",\"url\":\"https:\/\/www.solidrenner.com\/fr\/huile-hybride-brillante-parquet\/\",\"name\":\"SOLID - OILLUX - Vernici Parquet Solid Renner\",\"isPartOf\":{\"@id\":\"https:\/\/www.solidrenner.com\/#website\"},\"datePublished\":\"2021-07-26T09:51:55+00:00\",\"dateModified\":\"2025-12-15T13:40:51+00:00\",\"description\":\"Solid Oillux - L'olio per parquet da esterno per il decking protetto dagli agenti atmosferici\",\"breadcrumb\":{\"@id\":\"https:\/\/www.solidrenner.com\/fr\/huile-hybride-brillante-parquet\/#breadcrumb\"},\"inLanguage\":\"fr-FR\",\"potentialAction\":[{\"@type\":\"ReadAction\",\"target\":[\"https:\/\/www.solidrenner.com\/fr\/huile-hybride-brillante-parquet\/\"]}]},{\"@type\":\"BreadcrumbList\",\"@id\":\"https:\/\/www.solidrenner.com\/fr\/huile-hybride-brillante-parquet\/#breadcrumb\",\"itemListElement\":[{\"@type\":\"ListItem\",\"position\":1,\"name\":\"Home\",\"item\":\"https:\/\/www.solidrenner.com\/fr\/\"},{\"@type\":\"ListItem\",\"position\":2,\"name\":\"SOLID &#8211; OILLUX\"}]},{\"@type\":\"WebSite\",\"@id\":\"https:\/\/www.solidrenner.com\/#website\",\"url\":\"https:\/\/www.solidrenner.com\/\",\"name\":\"Solid Renner\",\"description\":\"Le vernici per il parquet di Renner Italia\",\"potentialAction\":[{\"@type\":\"SearchAction\",\"target\":{\"@type\":\"EntryPoint\",\"urlTemplate\":\"https:\/\/www.solidrenner.com\/?s={search_term_string}\"},\"query-input\":{\"@type\":\"PropertyValueSpecification\",\"valueRequired\":true,\"valueName\":\"search_term_string\"}}],\"inLanguage\":\"fr-FR\"}]}<\/script>\n<!-- \/ Yoast SEO plugin. -->","yoast_head_json":{"title":"SOLID - OILLUX - Vernici Parquet Solid Renner","description":"Solid Oillux - L'olio per parquet da esterno per il decking protetto dagli agenti atmosferici","robots":{"index":"index","follow":"follow","max-snippet":"max-snippet:-1","max-image-preview":"max-image-preview:large","max-video-preview":"max-video-preview:-1"},"canonical":"https:\/\/www.solidrenner.com\/fr\/huile-hybride-brillante-parquet\/","og_locale":"fr_FR","og_type":"article","og_title":"SOLID - OILLUX - Vernici Parquet Solid Renner","og_description":"Solid Oillux - L'olio per parquet da esterno per il decking protetto dagli agenti atmosferici","og_url":"https:\/\/www.solidrenner.com\/fr\/huile-hybride-brillante-parquet\/","og_site_name":"Solid Renner","article_modified_time":"2025-12-15T13:40:51+00:00","twitter_card":"summary_large_image","twitter_misc":{"Est. reading time":"2 minutes"},"schema":{"@context":"https:\/\/schema.org","@graph":[{"@type":"WebPage","@id":"https:\/\/www.solidrenner.com\/fr\/huile-hybride-brillante-parquet\/","url":"https:\/\/www.solidrenner.com\/fr\/huile-hybride-brillante-parquet\/","name":"SOLID - OILLUX - Vernici Parquet Solid Renner","isPartOf":{"@id":"https:\/\/www.solidrenner.com\/#website"},"datePublished":"2021-07-26T09:51:55+00:00","dateModified":"2025-12-15T13:40:51+00:00","description":"Solid Oillux - L'olio per parquet da esterno per il decking protetto dagli agenti atmosferici","breadcrumb":{"@id":"https:\/\/www.solidrenner.com\/fr\/huile-hybride-brillante-parquet\/#breadcrumb"},"inLanguage":"fr-FR","potentialAction":[{"@type":"ReadAction","target":["https:\/\/www.solidrenner.com\/fr\/huile-hybride-brillante-parquet\/"]}]},{"@type":"BreadcrumbList","@id":"https:\/\/www.solidrenner.com\/fr\/huile-hybride-brillante-parquet\/#breadcrumb","itemListElement":[{"@type":"ListItem","position":1,"name":"Home","item":"https:\/\/www.solidrenner.com\/fr\/"},{"@type":"ListItem","position":2,"name":"SOLID &#8211; OILLUX"}]},{"@type":"WebSite","@id":"https:\/\/www.solidrenner.com\/#website","url":"https:\/\/www.solidrenner.com\/","name":"Solid Renner","description":"Le vernici per il parquet di Renner Italia","potentialAction":[{"@type":"SearchAction","target":{"@type":"EntryPoint","urlTemplate":"https:\/\/www.solidrenner.com\/?s={search_term_string}"},"query-input":{"@type":"PropertyValueSpecification","valueRequired":true,"valueName":"search_term_string"}}],"inLanguage":"fr-FR"}]}},"_links":{"self":[{"href":"https:\/\/www.solidrenner.com\/fr\/wp-json\/wp\/v2\/pages\/10260","targetHints":{"allow":["GET"]}}],"collection":[{"href":"https:\/\/www.solidrenner.com\/fr\/wp-json\/wp\/v2\/pages"}],"about":[{"href":"https:\/\/www.solidrenner.com\/fr\/wp-json\/wp\/v2\/types\/page"}],"author":[{"embeddable":true,"href":"https:\/\/www.solidrenner.com\/fr\/wp-json\/wp\/v2\/users\/1"}],"replies":[{"embeddable":true,"href":"https:\/\/www.solidrenner.com\/fr\/wp-json\/wp\/v2\/comments?post=10260"}],"version-history":[{"count":7,"href":"https:\/\/www.solidrenner.com\/fr\/wp-json\/wp\/v2\/pages\/10260\/revisions"}],"predecessor-version":[{"id":16595,"href":"https:\/\/www.solidrenner.com\/fr\/wp-json\/wp\/v2\/pages\/10260\/revisions\/16595"}],"wp:attachment":[{"href":"https:\/\/www.solidrenner.com\/fr\/wp-json\/wp\/v2\/media?parent=10260"}],"curies":[{"name":"wp","href":"https:\/\/api.w.org\/{rel}","templated":true}]}}