{"id":1699,"date":"2015-10-27T13:08:14","date_gmt":"2015-10-27T12:08:14","guid":{"rendered":"https:\/\/www.solidrenner.com\/es\/storia-renner-italia\/"},"modified":"2020-04-03T11:44:34","modified_gmt":"2020-04-03T09:44:34","slug":"storia-renner-italia","status":"publish","type":"page","link":"https:\/\/www.solidrenner.com\/es\/storia-renner-italia\/","title":{"rendered":"NUESTRA HISTORIA"},"content":{"rendered":"<div class=\"wpb-content-wrapper\">[vc_row fullwidth=&#8221;true&#8221; background_style=&#8221;full&#8221; el_class=&#8221;backgroundtop&#8221;][vc_column offset=&#8221;vc_col-xs-12&#8243; css=&#8221;.vc_custom_1445938100913{padding-top: 200px !important;}&#8221;][vc_custom_heading text=&#8221;LA HISTORIA DE RENNER ITALIA&#8221; font_container=&#8221;tag:h1|text_align:center|color:%23ffffff&#8221; google_fonts=&#8221;font_family:Raleway%3A100%2C200%2C300%2Cregular%2C500%2C600%2C700%2C800%2C900|font_style:800%20bold%20regular%3A800%3Anormal&#8221; el_class=&#8221;semheading&#8221;][vc_custom_heading text=&#8221;el camino de nuestro barniz&#8221; font_container=&#8221;tag:h4|font_size:22|text_align:center|color:%23ffffff&#8221; google_fonts=&#8221;font_family:Raleway%3A100%2C200%2C300%2Cregular%2C500%2C600%2C700%2C800%2C900|font_style:600%20bold%20regular%3A600%3Anormal&#8221; el_class=&#8221;semsubheading&#8221; css=&#8221;.vc_custom_1475569137445{padding-bottom: 160px !important;}&#8221;][vc_row_inner el_class=&#8221;prevnext&#8221;][vc_column_inner width=&#8221;1\/3&#8243;][vc_btn title=&#8221;VUELVA A LA P\u00c1GINA <strong>RENNER ITALIA<\/strong>&#8221; style=&#8221;flat&#8221; shape=&#8221;square&#8221; color=&#8221;green&#8221; align=&#8221;center&#8221; i_type=&#8221;entypo&#8221; i_icon_entypo=&#8221;entypo-icon entypo-icon-left-open-big&#8221; button_block=&#8221;true&#8221; add_icon=&#8221;true&#8221; link=&#8221;url:http%3A%2F%2Fsolidrenner.com%2Fes%2Frenner-italia%2F||&#8221; el_class=&#8221;buttonsolid&#8221;][\/vc_column_inner][vc_column_inner width=&#8221;1\/3&#8243;][\/vc_column_inner][vc_column_inner width=&#8221;1\/3&#8243;][vc_btn title=&#8221;VUELVA A LA P\u00c1GINA <strong>EL BUEN BARNIZ<\/strong>&#8221; style=&#8221;flat&#8221; shape=&#8221;square&#8221; color=&#8221;green&#8221; align=&#8221;center&#8221; i_align=&#8221;right&#8221; i_type=&#8221;entypo&#8221; i_icon_entypo=&#8221;entypo-icon entypo-icon-right-open-big&#8221; button_block=&#8221;true&#8221; add_icon=&#8221;true&#8221; link=&#8221;url:http%3A%2F%2Fsolidrenner.com%2Fes%2Fla-buona-vernice%2F||&#8221; el_class=&#8221;buttonsolid&#8221;][\/vc_column_inner][\/vc_row_inner][\/vc_column][\/vc_row][vc_row css=&#8221;.vc_custom_1445874591287{padding-top: 30px !important;}&#8221;][vc_column width=&#8221;5\/6&#8243; css=&#8221;.vc_custom_1445941782096{padding-top: 40px !important;}&#8221;][vc_custom_heading text=&#8221;LOS OR\u00cdGENES&#8221; font_container=&#8221;tag:h2|font_size:30|text_align:left|color:%23595959|line_height:1&#8243; google_fonts=&#8221;font_family:Raleway%3A100%2C200%2C300%2Cregular%2C500%2C600%2C700%2C800%2C900|font_style:800%20bold%20regular%3A800%3Anormal&#8221;][vc_column_text css=&#8221;.vc_custom_1585907072047{margin-bottom: 0px !important;}&#8221;]Julio de 2003. Lindo Aldrovandi fue despedido por la multinacional que compr\u00f3 su antigua empresa. Y sin embargo, durante la gesti\u00f3n del actual administrador delegado de Renner Italia, las ventas de barnices para madera de dicha industria se dispararon (de 36 mil millones de las antiguas liras italianas a 100 millones de euros) aumentando los beneficios\u2026 Aldrovandi abre el camino a los mercados extranjeros y revoluciona todo el sector, lanzando las f\u00f3rmulas a base de agua con la colaboraci\u00f3n de los investigadores m\u00e1s innovadores del momento. Hasta entonces, los barnices para madera eran principalmente sin\u00f3nimo de disolvente. En resumen, en 2003 dicha empresa era todo un \u00e9xito.[\/vc_column_text][\/vc_column][vc_column width=&#8221;1\/6&#8243;][\/vc_column][\/vc_row][vc_row css=&#8221;.vc_custom_1445874591287{padding-top: 30px !important;}&#8221;][vc_column width=&#8221;1\/6&#8243;][\/vc_column][vc_column width=&#8221;5\/6&#8243; css=&#8221;.vc_custom_1445941782096{padding-top: 40px !important;}&#8221;][vc_custom_heading text=&#8221;LA CA\u00cdDA&#8221; font_container=&#8221;tag:h2|font_size:30|text_align:left|color:%23595959|line_height:1&#8243; google_fonts=&#8221;font_family:Raleway%3A100%2C200%2C300%2Cregular%2C500%2C600%2C700%2C800%2C900|font_style:800%20bold%20regular%3A800%3Anormal&#8221;][vc_column_text]No era suficiente para la nueva multinacional. Los nuevos propietarios estadounidenses ten\u00edan ideas muy distintas y anularon los poderes reales del cargo de administrador. El conflicto alcanza el punto de rotura cuando Aldrovandi recibe la carta de despido. Es un momento dif\u00edcil, de gran tensi\u00f3n y tristeza. Pero como buen empresario, Aldrovandi no lo acepta y vuelve a empezar.[\/vc_column_text][\/vc_column][\/vc_row][vc_row css=&#8221;.vc_custom_1445874591287{padding-top: 30px !important;}&#8221;][vc_column width=&#8221;5\/6&#8243; css=&#8221;.vc_custom_1445941782096{padding-top: 40px !important;}&#8221;][vc_custom_heading text=&#8221;EL RENACIMIENTO&#8221; font_container=&#8221;tag:h2|font_size:30|text_align:left|color:%23595959|line_height:1&#8243; google_fonts=&#8221;font_family:Raleway%3A100%2C200%2C300%2Cregular%2C500%2C600%2C700%2C800%2C900|font_style:800%20bold%20regular%3A800%3Anormal&#8221;][vc_column_text]Al mes siguiente se alcanz\u00f3 un acuerdo con los herederos de Giancarlo Cocchi, fundador de la antigua empresa y accionista mayoritario de Renner Sayerlack, sociedad brasile\u00f1a m\u00e1s puntera en el sector de los barnices para madera y l\u00edder del mercado en Sudam\u00e9rica.<\/p>\n<p>Gracias al acuerdo entre la familia Cocchi y Alexandre Cenacchi nace Renner Italia. El mando, como es l\u00f3gico, pasa a manos de Lindo Aldrovandi.[\/vc_column_text][\/vc_column][vc_column width=&#8221;1\/6&#8243;][\/vc_column][\/vc_row][vc_row css=&#8221;.vc_custom_1445874591287{padding-top: 30px !important;}&#8221;][vc_column width=&#8221;1\/6&#8243;][\/vc_column][vc_column width=&#8221;5\/6&#8243; css=&#8221;.vc_custom_1445941782096{padding-top: 40px !important;}&#8221;][vc_custom_heading text=&#8221;LOS COMPA\u00d1EROS DE VIAJE&#8221; font_container=&#8221;tag:h2|font_size:30|text_align:left|color:%23595959|line_height:1&#8243; google_fonts=&#8221;font_family:Raleway%3A100%2C200%2C300%2Cregular%2C500%2C600%2C700%2C800%2C900|font_style:800%20bold%20regular%3A800%3Anormal&#8221;][vc_column_text]Ya en oto\u00f1o de 2003, algunos fieles colaboradores deciden despedirse y apoyar el proyecto de Aldrovandi. Los qu\u00edmicos del laboratorio de barnices al agua fueron los primeros en creer en la nueva idea de empresa. La primera planta se inaugur\u00f3 en Minerbio (Bolonia) en enero de 2004. Hab\u00edan transcurrido solo cinco meses desde el despido.<\/p>\n<p>A partir de 2004 decenas de empleados de la antigua empresa deciden seguir a Aldrovandi y empezar a trabajar con Renner Italia que mientras tanto ya hab\u00eda alcanzado una posici\u00f3n importante entre las empresas del sector de los barnices para madera, hasta llegar a convertirse en una excelencia de la qu\u00edmica italiana. Lo reconoce tambi\u00e9n el prestigioso instituto para la business information Databank \u2013 Cerved Group que, en 2011, 2012 y 2014 otorga a Renner Italia el Premio \u201cCompany to Watch\u201d en el sector de los barnices industriales.<br \/>\n[\/vc_column_text][\/vc_column][\/vc_row][vc_row css=&#8221;.vc_custom_1445874591287{padding-top: 30px !important;}&#8221;][vc_column width=&#8221;5\/6&#8243; css=&#8221;.vc_custom_1445941782096{padding-top: 40px !important;}&#8221;][vc_custom_heading text=&#8221;LOS PRIMEROS DIEZ A\u00d1OS&#8221; font_container=&#8221;tag:h2|font_size:30|text_align:left|color:%23595959|line_height:1&#8243; google_fonts=&#8221;font_family:Raleway%3A100%2C200%2C300%2Cregular%2C500%2C600%2C700%2C800%2C900|font_style:800%20bold%20regular%3A800%3Anormal&#8221;][vc_column_text]A lo largo de los primeros diez a\u00f1os, Renner Italia comparte el esp\u00edritu con que Aldrovandi afronta las injusticias. Son muchos quienes apoyan el proyecto, no solo los empleados (250 en 2015) sino tambi\u00e9n los clientes interesados. Mientras tanto el empresario sigue aportando innovaci\u00f3n al sector.<\/p>\n<p>A partir de 2009, impone su visi\u00f3n de futuro a las relaciones industriales y a las pol\u00edticas de responsabilidad social, en especial, en materia de medioambiente y a las condiciones salariales de los empleados de Renner Italia.<\/p>\n<p>Desde su fundaci\u00f3n y por decisi\u00f3n de Aldrovandi, Renner Italia firma contratos de 14 mensualidades (no previstas por el CNL). Desde 2009 en Minerbio, se aplica una iniciativa cuyo objetivo es distribuir parte de los beneficios. Desde 2012, Renner Italia incluye en la n\u00f3mina de sus empleados el 50% del ahorro energ\u00e9tico generado.<br \/>\nTodos los empleados de Renner Italia participan en la pol\u00edtica antiderroche durante sus tareas cotidianas. En 2013 todos los empleados de Renner pudieron beneficiarse de un plus de 2.150 \u20ac, en 2014 de 3.500 \u20ac y en 2015 de 2.750 \u20ac.<\/p>\n<p>A finales de 2012 \u201cUn sueldo m\u00e1s contra la crisis\u201d se adjudica el prestigioso \u201cPremio Empresa Medioambiental\u201d concedido por el Ministerio de Medioambiente y la C\u00e1mara de Comercio de Roma.[\/vc_column_text][\/vc_column][vc_column width=&#8221;1\/6&#8243;][\/vc_column][\/vc_row][vc_row css=&#8221;.vc_custom_1445874591287{padding-top: 30px !important;}&#8221;][vc_column width=&#8221;1\/6&#8243;][\/vc_column][vc_column width=&#8221;5\/6&#8243; css=&#8221;.vc_custom_1445941782096{padding-top: 40px !important;}&#8221;][vc_custom_heading text=&#8221;RENNER ITALIA Y LINDO ALDROVANDI&#8221; font_container=&#8221;tag:h2|font_size:30|text_align:left|color:%23595959|line_height:1&#8243; google_fonts=&#8221;font_family:Raleway%3A100%2C200%2C300%2Cregular%2C500%2C600%2C700%2C800%2C900|font_style:800%20bold%20regular%3A800%3Anormal&#8221;][vc_column_text]La historia de Renner Italia es la historia de Lindo Aldrovandi. Un empresario nacido en la trabajadora provincia emiliana y alimentado por un sistema de valores propios de la mejor Italia.<\/p>\n<p>Un empresario, hijo de un carabinero partisano y un ama de casa, capaz de sobreponerse a la ca\u00edda y sacar de ella fuerza y sabidur\u00eda.<\/p>\n<p>Lo prueba la decisi\u00f3n de construir una empresa solidaria, fuertemente \u00e9tica y con una gesti\u00f3n transparente.[\/vc_column_text][\/vc_column][\/vc_row]\n<\/div>","protected":false},"excerpt":{"rendered":"<p>[vc_row fullwidth=&#8221;true&#8221; background_style=&#8221;full&#8221; el_class=&#8221;backgroundtop&#8221;][vc_column offset=&#8221;vc_col-xs-12&#8243; css=&#8221;.vc_custom_1445938100913{padding-top: 200px !important;}&#8221;][vc_custom_heading text=&#8221;LA HISTORIA DE RENNER ITALIA&#8221; font_container=&#8221;tag:h1|text_align:center|color:%23ffffff&#8221; google_fonts=&#8221;font_family:Raleway%3A100%2C200%2C300%2Cregular%2C500%2C600%2C700%2C800%2C900|font_style:800%20bold%20regular%3A800%3Anormal&#8221; el_class=&#8221;semheading&#8221;][vc_custom_heading text=&#8221;el camino de nuestro barniz&#8221; font_container=&#8221;tag:h4|font_size:22|text_align:center|color:%23ffffff&#8221; google_fonts=&#8221;font_family:Raleway%3A100%2C200%2C300%2Cregular%2C500%2C600%2C700%2C800%2C900|font_style:600%20bold%20regular%3A600%3Anormal&#8221; el_class=&#8221;semsubheading&#8221; css=&#8221;.vc_custom_1475569137445{padding-bottom: 160px !important;}&#8221;][vc_row_inner el_class=&#8221;prevnext&#8221;][vc_column_inner width=&#8221;1\/3&#8243;][vc_btn title=&#8221;VUELVA A LA P\u00c1GINA RENNER ITALIA&#8221; style=&#8221;flat&#8221; shape=&#8221;square&#8221; color=&#8221;green&#8221; align=&#8221;center&#8221; i_type=&#8221;entypo&#8221; i_icon_entypo=&#8221;entypo-icon entypo-icon-left-open-big&#8221; button_block=&#8221;true&#8221; add_icon=&#8221;true&#8221; link=&#8221;url:http%3A%2F%2Fsolidrenner.com%2Fes%2Frenner-italia%2F||&#8221; el_class=&#8221;buttonsolid&#8221;][\/vc_column_inner][vc_column_inner width=&#8221;1\/3&#8243;][\/vc_column_inner][vc_column_inner width=&#8221;1\/3&#8243;][vc_btn title=&#8221;VUELVA A LA P\u00c1GINA EL BUEN BARNIZ&#8221; [&hellip;]<\/p>\n","protected":false},"author":1,"featured_media":0,"parent":0,"menu_order":0,"comment_status":"closed","ping_status":"open","template":"","meta":{"footnotes":""},"class_list":["post-1699","page","type-page","status-publish","hentry"],"yoast_head":"<!-- This site is optimized with the Yoast SEO plugin v26.6 - https:\/\/yoast.com\/wordpress\/plugins\/seo\/ -->\n<title>LA NOSTRA STORIA - Vernici Parquet Solid Renner<\/title>\n<meta name=\"description\" content=\"La storia di Renner Italia \u00e8 la storia di un imprenditore nato nella laboriosa provincia emiliana e nutrito da un sistema di valori dell\u2019italianit\u00e0 migliore\" \/>\n<meta name=\"robots\" content=\"index, follow, max-snippet:-1, max-image-preview:large, max-video-preview:-1\" \/>\n<link rel=\"canonical\" href=\"https:\/\/www.solidrenner.com\/es\/storia-renner-italia\/\" \/>\n<meta property=\"og:locale\" content=\"es_ES\" \/>\n<meta property=\"og:type\" content=\"article\" \/>\n<meta property=\"og:title\" content=\"LA NOSTRA STORIA - Vernici Parquet Solid Renner\" \/>\n<meta property=\"og:description\" content=\"La storia di Renner Italia \u00e8 la storia di un imprenditore nato nella laboriosa provincia emiliana e nutrito da un sistema di valori dell\u2019italianit\u00e0 migliore\" \/>\n<meta property=\"og:url\" content=\"https:\/\/www.solidrenner.com\/es\/storia-renner-italia\/\" \/>\n<meta property=\"og:site_name\" content=\"Solid Renner\" \/>\n<meta property=\"article:modified_time\" content=\"2020-04-03T09:44:34+00:00\" \/>\n<meta name=\"twitter:card\" content=\"summary_large_image\" \/>\n<meta name=\"twitter:label1\" content=\"Est. reading time\" \/>\n\t<meta name=\"twitter:data1\" content=\"7 minutes\" \/>\n<script type=\"application\/ld+json\" class=\"yoast-schema-graph\">{\"@context\":\"https:\/\/schema.org\",\"@graph\":[{\"@type\":\"WebPage\",\"@id\":\"https:\/\/www.solidrenner.com\/es\/storia-renner-italia\/\",\"url\":\"https:\/\/www.solidrenner.com\/es\/storia-renner-italia\/\",\"name\":\"LA NOSTRA STORIA - Vernici Parquet Solid Renner\",\"isPartOf\":{\"@id\":\"https:\/\/www.solidrenner.com\/#website\"},\"datePublished\":\"2015-10-27T12:08:14+00:00\",\"dateModified\":\"2020-04-03T09:44:34+00:00\",\"description\":\"La storia di Renner Italia \u00e8 la storia di un imprenditore nato nella laboriosa provincia emiliana e nutrito da un sistema di valori dell\u2019italianit\u00e0 migliore\",\"breadcrumb\":{\"@id\":\"https:\/\/www.solidrenner.com\/es\/storia-renner-italia\/#breadcrumb\"},\"inLanguage\":\"es-ES\",\"potentialAction\":[{\"@type\":\"ReadAction\",\"target\":[\"https:\/\/www.solidrenner.com\/es\/storia-renner-italia\/\"]}]},{\"@type\":\"BreadcrumbList\",\"@id\":\"https:\/\/www.solidrenner.com\/es\/storia-renner-italia\/#breadcrumb\",\"itemListElement\":[{\"@type\":\"ListItem\",\"position\":1,\"name\":\"Home\",\"item\":\"https:\/\/www.solidrenner.com\/es\/\"},{\"@type\":\"ListItem\",\"position\":2,\"name\":\"NUESTRA HISTORIA\"}]},{\"@type\":\"WebSite\",\"@id\":\"https:\/\/www.solidrenner.com\/#website\",\"url\":\"https:\/\/www.solidrenner.com\/\",\"name\":\"Solid Renner\",\"description\":\"Le vernici per il parquet di Renner Italia\",\"potentialAction\":[{\"@type\":\"SearchAction\",\"target\":{\"@type\":\"EntryPoint\",\"urlTemplate\":\"https:\/\/www.solidrenner.com\/?s={search_term_string}\"},\"query-input\":{\"@type\":\"PropertyValueSpecification\",\"valueRequired\":true,\"valueName\":\"search_term_string\"}}],\"inLanguage\":\"es-ES\"}]}<\/script>\n<!-- \/ Yoast SEO plugin. -->","yoast_head_json":{"title":"LA NOSTRA STORIA - Vernici Parquet Solid Renner","description":"La storia di Renner Italia \u00e8 la storia di un imprenditore nato nella laboriosa provincia emiliana e nutrito da un sistema di valori dell\u2019italianit\u00e0 migliore","robots":{"index":"index","follow":"follow","max-snippet":"max-snippet:-1","max-image-preview":"max-image-preview:large","max-video-preview":"max-video-preview:-1"},"canonical":"https:\/\/www.solidrenner.com\/es\/storia-renner-italia\/","og_locale":"es_ES","og_type":"article","og_title":"LA NOSTRA STORIA - Vernici Parquet Solid Renner","og_description":"La storia di Renner Italia \u00e8 la storia di un imprenditore nato nella laboriosa provincia emiliana e nutrito da un sistema di valori dell\u2019italianit\u00e0 migliore","og_url":"https:\/\/www.solidrenner.com\/es\/storia-renner-italia\/","og_site_name":"Solid Renner","article_modified_time":"2020-04-03T09:44:34+00:00","twitter_card":"summary_large_image","twitter_misc":{"Est. reading time":"7 minutes"},"schema":{"@context":"https:\/\/schema.org","@graph":[{"@type":"WebPage","@id":"https:\/\/www.solidrenner.com\/es\/storia-renner-italia\/","url":"https:\/\/www.solidrenner.com\/es\/storia-renner-italia\/","name":"LA NOSTRA STORIA - Vernici Parquet Solid Renner","isPartOf":{"@id":"https:\/\/www.solidrenner.com\/#website"},"datePublished":"2015-10-27T12:08:14+00:00","dateModified":"2020-04-03T09:44:34+00:00","description":"La storia di Renner Italia \u00e8 la storia di un imprenditore nato nella laboriosa provincia emiliana e nutrito da un sistema di valori dell\u2019italianit\u00e0 migliore","breadcrumb":{"@id":"https:\/\/www.solidrenner.com\/es\/storia-renner-italia\/#breadcrumb"},"inLanguage":"es-ES","potentialAction":[{"@type":"ReadAction","target":["https:\/\/www.solidrenner.com\/es\/storia-renner-italia\/"]}]},{"@type":"BreadcrumbList","@id":"https:\/\/www.solidrenner.com\/es\/storia-renner-italia\/#breadcrumb","itemListElement":[{"@type":"ListItem","position":1,"name":"Home","item":"https:\/\/www.solidrenner.com\/es\/"},{"@type":"ListItem","position":2,"name":"NUESTRA HISTORIA"}]},{"@type":"WebSite","@id":"https:\/\/www.solidrenner.com\/#website","url":"https:\/\/www.solidrenner.com\/","name":"Solid Renner","description":"Le vernici per il parquet di Renner Italia","potentialAction":[{"@type":"SearchAction","target":{"@type":"EntryPoint","urlTemplate":"https:\/\/www.solidrenner.com\/?s={search_term_string}"},"query-input":{"@type":"PropertyValueSpecification","valueRequired":true,"valueName":"search_term_string"}}],"inLanguage":"es-ES"}]}},"_links":{"self":[{"href":"https:\/\/www.solidrenner.com\/es\/wp-json\/wp\/v2\/pages\/1699","targetHints":{"allow":["GET"]}}],"collection":[{"href":"https:\/\/www.solidrenner.com\/es\/wp-json\/wp\/v2\/pages"}],"about":[{"href":"https:\/\/www.solidrenner.com\/es\/wp-json\/wp\/v2\/types\/page"}],"author":[{"embeddable":true,"href":"https:\/\/www.solidrenner.com\/es\/wp-json\/wp\/v2\/users\/1"}],"replies":[{"embeddable":true,"href":"https:\/\/www.solidrenner.com\/es\/wp-json\/wp\/v2\/comments?post=1699"}],"version-history":[{"count":7,"href":"https:\/\/www.solidrenner.com\/es\/wp-json\/wp\/v2\/pages\/1699\/revisions"}],"predecessor-version":[{"id":8573,"href":"https:\/\/www.solidrenner.com\/es\/wp-json\/wp\/v2\/pages\/1699\/revisions\/8573"}],"wp:attachment":[{"href":"https:\/\/www.solidrenner.com\/es\/wp-json\/wp\/v2\/media?parent=1699"}],"curies":[{"name":"wp","href":"https:\/\/api.w.org\/{rel}","templated":true}]}}