{"id":1694,"date":"2015-10-27T12:04:09","date_gmt":"2015-10-27T11:04:09","guid":{"rendered":"https:\/\/www.solidrenner.com\/es\/vernici-high-traffic\/"},"modified":"2018-03-08T07:40:48","modified_gmt":"2018-03-08T06:40:48","slug":"vernici-high-traffic","status":"publish","type":"page","link":"https:\/\/www.solidrenner.com\/es\/vernici-high-traffic\/","title":{"rendered":"HIGH TRAFFIC"},"content":{"rendered":"<div class=\"wpb-content-wrapper\">[vc_row fullwidth=&#8221;true&#8221; background_style=&#8221;full&#8221; el_class=&#8221;backgroundtop&#8221;][vc_column offset=&#8221;vc_col-xs-12&#8243; css=&#8221;.vc_custom_1445938100913{padding-top: 200px !important;}&#8221;][vc_custom_heading text=&#8221;HIGH TRAFFIC&#8221; font_container=&#8221;tag:h1|text_align:center|color:%23333333&#8243; google_fonts=&#8221;font_family:Raleway%3A100%2C200%2C300%2Cregular%2C500%2C600%2C700%2C800%2C900|font_style:800%20bold%20regular%3A800%3Anormal&#8221; el_class=&#8221;semheading&#8221;][vc_custom_heading text=&#8221;las superficies con gran volumen de tr\u00e1fico aman Solid&#8221; font_container=&#8221;tag:h4|font_size:22|text_align:center|color:%23ffffff&#8221; google_fonts=&#8221;font_family:Raleway%3A100%2C200%2C300%2Cregular%2C500%2C600%2C700%2C800%2C900|font_style:600%20bold%20regular%3A600%3Anormal&#8221; el_class=&#8221;semsubheading&#8221;][vc_single_image image=&#8221;713&#8243; img_size=&#8221;full&#8221; alignment=&#8221;center&#8221; css_animation=&#8221;top-to-bottom&#8221; el_class=&#8221;logorennerlab&#8221;][vc_row_inner el_class=&#8221;prevnext&#8221;][vc_column_inner width=&#8221;1\/3&#8243;][vc_btn title=&#8221;VUELVA A LA P\u00c1GINA <strong>UV+ PROTECTION<\/strong>&#8221; style=&#8221;flat&#8221; shape=&#8221;square&#8221; color=&#8221;green&#8221; align=&#8221;center&#8221; i_type=&#8221;entypo&#8221; i_icon_entypo=&#8221;entypo-icon entypo-icon-left-open-big&#8221; button_block=&#8221;true&#8221; add_icon=&#8221;true&#8221; link=&#8221;url:http%3A%2F%2Fsolidrenner.com%2Fes%2Fuv-protection%2F||&#8221;][\/vc_column_inner][vc_column_inner width=&#8221;1\/3&#8243;][\/vc_column_inner][vc_column_inner width=&#8221;1\/3&#8243;][vc_btn title=&#8221;VUELVA A LA P\u00c1GINA <strong>INTRODUCCI\u00d3N<\/strong>&#8221; style=&#8221;flat&#8221; shape=&#8221;square&#8221; color=&#8221;green&#8221; align=&#8221;center&#8221; i_align=&#8221;right&#8221; i_type=&#8221;entypo&#8221; i_icon_entypo=&#8221;entypo-icon entypo-icon-right-open-big&#8221; button_block=&#8221;true&#8221; add_icon=&#8221;true&#8221; link=&#8221;url:http%3A%2F%2Fsolidrenner.com%2Fes%2Fintro%2F||&#8221;][\/vc_column_inner][\/vc_row_inner][\/vc_column][\/vc_row][vc_row css=&#8221;.vc_custom_1445874591287{padding-top: 30px !important;}&#8221;][vc_column][vc_column_text]Los acabados Solid exhiben con orgullo el sello HT High Traffic porque ofrecen el m\u00e1ximo rendimiento sobre los parquets instalados en zonas de tr\u00e1nsito intenso.<br \/>\nLo certifica el Catas, Instituto italiano para la certificaci\u00f3n, la investigaci\u00f3n y los ensayos en el sector de la madera y la decoraci\u00f3n.<br \/>\nLos acabados Solid han superado brillantemente el &#8220;taber test&#8221; de resistencia a la abrasi\u00f3n y son conformes con la normativa UNI EN 15185:2011.<br \/>\nSituaci\u00f3n sentimental: pinturas amadas por superficies sometidas a tr\u00e1nsito intenso[\/vc_column_text][\/vc_column][\/vc_row]\n<\/div>","protected":false},"excerpt":{"rendered":"<p>[vc_row fullwidth=&#8221;true&#8221; background_style=&#8221;full&#8221; el_class=&#8221;backgroundtop&#8221;][vc_column offset=&#8221;vc_col-xs-12&#8243; css=&#8221;.vc_custom_1445938100913{padding-top: 200px !important;}&#8221;][vc_custom_heading text=&#8221;HIGH TRAFFIC&#8221; font_container=&#8221;tag:h1|text_align:center|color:%23333333&#8243; google_fonts=&#8221;font_family:Raleway%3A100%2C200%2C300%2Cregular%2C500%2C600%2C700%2C800%2C900|font_style:800%20bold%20regular%3A800%3Anormal&#8221; el_class=&#8221;semheading&#8221;][vc_custom_heading text=&#8221;las superficies con gran volumen de tr\u00e1fico aman Solid&#8221; font_container=&#8221;tag:h4|font_size:22|text_align:center|color:%23ffffff&#8221; google_fonts=&#8221;font_family:Raleway%3A100%2C200%2C300%2Cregular%2C500%2C600%2C700%2C800%2C900|font_style:600%20bold%20regular%3A600%3Anormal&#8221; el_class=&#8221;semsubheading&#8221;][vc_single_image image=&#8221;713&#8243; img_size=&#8221;full&#8221; alignment=&#8221;center&#8221; css_animation=&#8221;top-to-bottom&#8221; el_class=&#8221;logorennerlab&#8221;][vc_row_inner el_class=&#8221;prevnext&#8221;][vc_column_inner width=&#8221;1\/3&#8243;][vc_btn title=&#8221;VUELVA A LA P\u00c1GINA UV+ PROTECTION&#8221; style=&#8221;flat&#8221; shape=&#8221;square&#8221; color=&#8221;green&#8221; align=&#8221;center&#8221; i_type=&#8221;entypo&#8221; i_icon_entypo=&#8221;entypo-icon entypo-icon-left-open-big&#8221; button_block=&#8221;true&#8221; add_icon=&#8221;true&#8221; link=&#8221;url:http%3A%2F%2Fsolidrenner.com%2Fes%2Fuv-protection%2F||&#8221;][\/vc_column_inner][vc_column_inner width=&#8221;1\/3&#8243;][\/vc_column_inner][vc_column_inner width=&#8221;1\/3&#8243;][vc_btn title=&#8221;VUELVA A LA P\u00c1GINA INTRODUCCI\u00d3N&#8221; [&hellip;]<\/p>\n","protected":false},"author":1,"featured_media":0,"parent":0,"menu_order":0,"comment_status":"closed","ping_status":"open","template":"","meta":{"footnotes":""},"class_list":["post-1694","page","type-page","status-publish","hentry"],"yoast_head":"<!-- This site is optimized with the Yoast SEO plugin v26.6 - https:\/\/yoast.com\/wordpress\/plugins\/seo\/ -->\n<title>HIGH TRAFFIC - Vernici Parquet Solid Renner<\/title>\n<meta name=\"description\" content=\"Le finiture Solid esibiscono orgogliosamente il bollino HT High Traffic perch\u00e9 danno il meglio su parquet installati in aree trafficatissime.\" \/>\n<meta name=\"robots\" content=\"index, follow, max-snippet:-1, max-image-preview:large, max-video-preview:-1\" \/>\n<link rel=\"canonical\" href=\"https:\/\/www.solidrenner.com\/parquet-vernici-high-traffic\/\" \/>\n<meta property=\"og:locale\" content=\"es_ES\" \/>\n<meta property=\"og:type\" content=\"article\" \/>\n<meta property=\"og:title\" content=\"HIGH TRAFFIC - Vernici Parquet Solid Renner\" \/>\n<meta property=\"og:description\" content=\"Le finiture Solid esibiscono orgogliosamente il bollino HT High Traffic perch\u00e9 danno il meglio su parquet installati in aree trafficatissime.\" \/>\n<meta property=\"og:url\" content=\"https:\/\/www.solidrenner.com\/parquet-vernici-high-traffic\/\" \/>\n<meta property=\"og:site_name\" content=\"Solid Renner\" \/>\n<meta property=\"article:modified_time\" content=\"2018-03-08T06:40:48+00:00\" \/>\n<meta name=\"twitter:card\" content=\"summary_large_image\" \/>\n<meta name=\"twitter:label1\" content=\"Est. reading time\" \/>\n\t<meta name=\"twitter:data1\" content=\"2 minutes\" \/>\n<script type=\"application\/ld+json\" class=\"yoast-schema-graph\">{\"@context\":\"https:\/\/schema.org\",\"@graph\":[{\"@type\":\"WebPage\",\"@id\":\"https:\/\/www.solidrenner.com\/parquet-vernici-high-traffic\/\",\"url\":\"https:\/\/www.solidrenner.com\/parquet-vernici-high-traffic\/\",\"name\":\"HIGH TRAFFIC - Vernici Parquet Solid Renner\",\"isPartOf\":{\"@id\":\"https:\/\/www.solidrenner.com\/#website\"},\"datePublished\":\"2015-10-27T11:04:09+00:00\",\"dateModified\":\"2018-03-08T06:40:48+00:00\",\"description\":\"Le finiture Solid esibiscono orgogliosamente il bollino HT High Traffic perch\u00e9 danno il meglio su parquet installati in aree trafficatissime.\",\"breadcrumb\":{\"@id\":\"https:\/\/www.solidrenner.com\/parquet-vernici-high-traffic\/#breadcrumb\"},\"inLanguage\":\"es-ES\",\"potentialAction\":[{\"@type\":\"ReadAction\",\"target\":[\"https:\/\/www.solidrenner.com\/parquet-vernici-high-traffic\/\"]}]},{\"@type\":\"BreadcrumbList\",\"@id\":\"https:\/\/www.solidrenner.com\/parquet-vernici-high-traffic\/#breadcrumb\",\"itemListElement\":[{\"@type\":\"ListItem\",\"position\":1,\"name\":\"Home\",\"item\":\"https:\/\/www.solidrenner.com\/es\/\"},{\"@type\":\"ListItem\",\"position\":2,\"name\":\"HIGH TRAFFIC\"}]},{\"@type\":\"WebSite\",\"@id\":\"https:\/\/www.solidrenner.com\/#website\",\"url\":\"https:\/\/www.solidrenner.com\/\",\"name\":\"Solid Renner\",\"description\":\"Le vernici per il parquet di Renner Italia\",\"potentialAction\":[{\"@type\":\"SearchAction\",\"target\":{\"@type\":\"EntryPoint\",\"urlTemplate\":\"https:\/\/www.solidrenner.com\/?s={search_term_string}\"},\"query-input\":{\"@type\":\"PropertyValueSpecification\",\"valueRequired\":true,\"valueName\":\"search_term_string\"}}],\"inLanguage\":\"es-ES\"}]}<\/script>\n<!-- \/ Yoast SEO plugin. -->","yoast_head_json":{"title":"HIGH TRAFFIC - Vernici Parquet Solid Renner","description":"Le finiture Solid esibiscono orgogliosamente il bollino HT High Traffic perch\u00e9 danno il meglio su parquet installati in aree trafficatissime.","robots":{"index":"index","follow":"follow","max-snippet":"max-snippet:-1","max-image-preview":"max-image-preview:large","max-video-preview":"max-video-preview:-1"},"canonical":"https:\/\/www.solidrenner.com\/parquet-vernici-high-traffic\/","og_locale":"es_ES","og_type":"article","og_title":"HIGH TRAFFIC - Vernici Parquet Solid Renner","og_description":"Le finiture Solid esibiscono orgogliosamente il bollino HT High Traffic perch\u00e9 danno il meglio su parquet installati in aree trafficatissime.","og_url":"https:\/\/www.solidrenner.com\/parquet-vernici-high-traffic\/","og_site_name":"Solid Renner","article_modified_time":"2018-03-08T06:40:48+00:00","twitter_card":"summary_large_image","twitter_misc":{"Est. reading time":"2 minutes"},"schema":{"@context":"https:\/\/schema.org","@graph":[{"@type":"WebPage","@id":"https:\/\/www.solidrenner.com\/parquet-vernici-high-traffic\/","url":"https:\/\/www.solidrenner.com\/parquet-vernici-high-traffic\/","name":"HIGH TRAFFIC - Vernici Parquet Solid Renner","isPartOf":{"@id":"https:\/\/www.solidrenner.com\/#website"},"datePublished":"2015-10-27T11:04:09+00:00","dateModified":"2018-03-08T06:40:48+00:00","description":"Le finiture Solid esibiscono orgogliosamente il bollino HT High Traffic perch\u00e9 danno il meglio su parquet installati in aree trafficatissime.","breadcrumb":{"@id":"https:\/\/www.solidrenner.com\/parquet-vernici-high-traffic\/#breadcrumb"},"inLanguage":"es-ES","potentialAction":[{"@type":"ReadAction","target":["https:\/\/www.solidrenner.com\/parquet-vernici-high-traffic\/"]}]},{"@type":"BreadcrumbList","@id":"https:\/\/www.solidrenner.com\/parquet-vernici-high-traffic\/#breadcrumb","itemListElement":[{"@type":"ListItem","position":1,"name":"Home","item":"https:\/\/www.solidrenner.com\/es\/"},{"@type":"ListItem","position":2,"name":"HIGH TRAFFIC"}]},{"@type":"WebSite","@id":"https:\/\/www.solidrenner.com\/#website","url":"https:\/\/www.solidrenner.com\/","name":"Solid Renner","description":"Le vernici per il parquet di Renner Italia","potentialAction":[{"@type":"SearchAction","target":{"@type":"EntryPoint","urlTemplate":"https:\/\/www.solidrenner.com\/?s={search_term_string}"},"query-input":{"@type":"PropertyValueSpecification","valueRequired":true,"valueName":"search_term_string"}}],"inLanguage":"es-ES"}]}},"_links":{"self":[{"href":"https:\/\/www.solidrenner.com\/es\/wp-json\/wp\/v2\/pages\/1694","targetHints":{"allow":["GET"]}}],"collection":[{"href":"https:\/\/www.solidrenner.com\/es\/wp-json\/wp\/v2\/pages"}],"about":[{"href":"https:\/\/www.solidrenner.com\/es\/wp-json\/wp\/v2\/types\/page"}],"author":[{"embeddable":true,"href":"https:\/\/www.solidrenner.com\/es\/wp-json\/wp\/v2\/users\/1"}],"replies":[{"embeddable":true,"href":"https:\/\/www.solidrenner.com\/es\/wp-json\/wp\/v2\/comments?post=1694"}],"version-history":[{"count":4,"href":"https:\/\/www.solidrenner.com\/es\/wp-json\/wp\/v2\/pages\/1694\/revisions"}],"predecessor-version":[{"id":2674,"href":"https:\/\/www.solidrenner.com\/es\/wp-json\/wp\/v2\/pages\/1694\/revisions\/2674"}],"wp:attachment":[{"href":"https:\/\/www.solidrenner.com\/es\/wp-json\/wp\/v2\/media?parent=1694"}],"curies":[{"name":"wp","href":"https:\/\/api.w.org\/{rel}","templated":true}]}}