{"id":1687,"date":"2015-10-27T11:55:34","date_gmt":"2015-10-27T10:55:34","guid":{"rendered":"https:\/\/www.solidrenner.com\/es\/hi-tech-quality\/"},"modified":"2020-03-18T12:41:41","modified_gmt":"2020-03-18T11:41:41","slug":"hi-tech-quality","status":"publish","type":"page","link":"https:\/\/www.solidrenner.com\/es\/hi-tech-quality\/","title":{"rendered":"HI-TECH QUALITY"},"content":{"rendered":"<div class=\"wpb-content-wrapper\">[vc_row fullwidth=&#8221;true&#8221; background_style=&#8221;full&#8221; el_class=&#8221;backgroundtop&#8221;][vc_column offset=&#8221;vc_col-xs-12&#8243; css=&#8221;.vc_custom_1445938100913{padding-top: 200px !important;}&#8221;][vc_custom_heading text=&#8221;HI-TECH QUALITY&#8221; font_container=&#8221;tag:h1|text_align:center|color:%23ffffff&#8221; google_fonts=&#8221;font_family:Raleway%3A100%2C200%2C300%2Cregular%2C500%2C600%2C700%2C800%2C900|font_style:800%20bold%20regular%3A800%3Anormal&#8221; el_class=&#8221;semheading&#8221;][vc_custom_heading text=&#8221;La qu\u00edmica fabricada en Italia&#8221; font_container=&#8221;tag:h4|font_size:22|text_align:center|color:%23ffffff&#8221; google_fonts=&#8221;font_family:Raleway%3A100%2C200%2C300%2Cregular%2C500%2C600%2C700%2C800%2C900|font_style:600%20bold%20regular%3A600%3Anormal&#8221; el_class=&#8221;semsubheading&#8221;][vc_single_image image=&#8221;706&#8243; img_size=&#8221;full&#8221; alignment=&#8221;center&#8221; css_animation=&#8221;top-to-bottom&#8221; el_class=&#8221;logorennerlab&#8221;][vc_row_inner el_class=&#8221;prevnext&#8221;][vc_column_inner width=&#8221;1\/3&#8243;][vc_btn title=&#8221;VUELVA A LA P\u00c1GINA <strong>A LA MEDIDA DE LOS NI\u00d1OS<\/strong>&#8221; style=&#8221;flat&#8221; shape=&#8221;square&#8221; color=&#8221;green&#8221; align=&#8221;center&#8221; i_type=&#8221;entypo&#8221; i_icon_entypo=&#8221;entypo-icon entypo-icon-left-open-big&#8221; button_block=&#8221;true&#8221; add_icon=&#8221;true&#8221; link=&#8221;url:http%3A%2F%2Fsolidrenner.com%2Fes%2Fa-misura-di-bambino%2F||&#8221; el_class=&#8221;buttonsolid&#8221;][\/vc_column_inner][vc_column_inner width=&#8221;1\/3&#8243;][\/vc_column_inner][vc_column_inner width=&#8221;1\/3&#8243;][vc_btn title=&#8221;VUELVA A LA P\u00c1GINA <strong>UV+ PROTECTION<\/strong>&#8221; style=&#8221;flat&#8221; shape=&#8221;square&#8221; color=&#8221;green&#8221; align=&#8221;center&#8221; i_align=&#8221;right&#8221; i_type=&#8221;entypo&#8221; i_icon_entypo=&#8221;entypo-icon entypo-icon-right-open-big&#8221; button_block=&#8221;true&#8221; add_icon=&#8221;true&#8221; link=&#8221;url:http%3A%2F%2Fsolidrenner.com%2Fes%2Fuv-protection%2F||&#8221; el_class=&#8221;buttonsolid&#8221;][\/vc_column_inner][\/vc_row_inner][\/vc_column][\/vc_row][vc_row css=&#8221;.vc_custom_1445874591287{padding-top: 30px !important;}&#8221;][vc_column][vc_column_text css=&#8221;.vc_custom_1584531699325{margin-bottom: 0px !important;}&#8221;]Con Solid la calidad de alta tecnolog\u00eda del laboratorio de Renner Italia aterriza en el planeta de los instaladores.<\/p>\n<p>Especializado en la decoraci\u00f3n y la protecci\u00f3n de todas las maderas, en cualquier condici\u00f3n de exposici\u00f3n y para cualquier exigencia de prestaciones y est\u00e9tica, el departamento de investigaci\u00f3n y desarrollo de Renner Italia cuenta con la colaboraci\u00f3n de 58 de los mejores investigadores del mundo.<\/p>\n<p>Todos los d\u00edas nuestros qu\u00edmicos se concentran en el estudio y la experimentaci\u00f3n de productos innovadores, especialmente en el complejo y articulado sector de los barnices al agua y el secado UV.<br \/>\nLos qu\u00edmicos de Renner Italia dialogan y colaboran constantemente con los protagonistas del barniz, obteniendo a trav\u00e9s de esta colaboraci\u00f3n el est\u00edmulo para superarse en la formulaci\u00f3n de productos capaces de satisfacer al cliente y de superar sus expectativas.<\/p>\n<p>Es justamente el m\u00e9todo cient\u00edfico aplicado por nuestros qu\u00edmicos lo que confirma la resistencia superior de nuestros barnices.<br \/>\nDesde la fundaci\u00f3n de Renner Italia, nuestros investigadores llevan a cabo rigurosos y severos estudios inigualables.<br \/>\nCada barniz se estudia, prueba y produce con un objetivo superior: cristalizar a lo largo del tiempo la belleza de nuestros productos para la madera.<br \/>\nPor ello, nuestras f\u00f3rmulas son la expresi\u00f3n m\u00e1xima de la est\u00e9tica, la durabilidad y el respeto medioambiental.<\/p>\n<p>Para alcanzar la satisfacci\u00f3n completa del cliente final, la producci\u00f3n de Renner Italia propone seis grandes l\u00edneas de barnices para madera.<\/p>\n<ul>\n<li>Barnices al agua para parquet Solid (para pavimentos de madera nuevos o que se han de regenerar) destinados principalmente al instalador.<\/li>\n<li>Barnices ign\u00edfugos Firewall: l\u00ednea de barnices ign\u00edfugos que garantizan la seguridad y los m\u00e1ximos est\u00e1ndares est\u00e9ticos.<\/li>\n<li>Barnices al agua Aquaris (para madera de interiores y exteriores) destinados a usuarios implicados en actividades productivas de sector, de la artesan\u00eda a la gran industria.<\/li>\n<li>Barnices al disolvente Synthesis (para madera de interiores y exteriores) destinados principalmente a usuarios profesionales e industriales.<\/li>\n<li>Pinturas Rio Verde: l\u00ednea para el usuario final y el artesano; esta gama combina las prestaciones profesionales con la sencillez de aplicaci\u00f3n.<\/li>\n<li>Barnices Pure Bio Coatings: los barnices sin derivados del petr\u00f3leo y con cero emisiones.<\/li>\n<\/ul>\n<p>Renner Italia tambi\u00e9n produce:<\/p>\n<ul>\n<li>Colorantes al agua y al disolvente, espec\u00edficos y de uso general.<\/li>\n<li>Aditivos, integradores y productos auxiliares al agua y al disolvente.<\/li>\n<li>Diluyentes poliuret\u00e1nicos, poli\u00e9ster, nitro y sint\u00e9ticos.<\/li>\n<\/ul>\n<p>Y con los sistemas tintom\u00e9tricos Color System, manuales y computerizados para barnices al agua y al disolvente, garantiza la producci\u00f3n de cualquier tono de esmalte.<\/p>\n<p>Gracias a la calidad de alta tecnolog\u00eda de sus f\u00f3rmulas, Renner Italia se ha convertido en una excelencia de la qu\u00edmica italiana y es reconocida en todo el mundo.[\/vc_column_text][\/vc_column][\/vc_row]\n<\/div>","protected":false},"excerpt":{"rendered":"<p>[vc_row fullwidth=&#8221;true&#8221; background_style=&#8221;full&#8221; el_class=&#8221;backgroundtop&#8221;][vc_column offset=&#8221;vc_col-xs-12&#8243; css=&#8221;.vc_custom_1445938100913{padding-top: 200px !important;}&#8221;][vc_custom_heading text=&#8221;HI-TECH QUALITY&#8221; font_container=&#8221;tag:h1|text_align:center|color:%23ffffff&#8221; google_fonts=&#8221;font_family:Raleway%3A100%2C200%2C300%2Cregular%2C500%2C600%2C700%2C800%2C900|font_style:800%20bold%20regular%3A800%3Anormal&#8221; el_class=&#8221;semheading&#8221;][vc_custom_heading text=&#8221;La qu\u00edmica fabricada en Italia&#8221; font_container=&#8221;tag:h4|font_size:22|text_align:center|color:%23ffffff&#8221; google_fonts=&#8221;font_family:Raleway%3A100%2C200%2C300%2Cregular%2C500%2C600%2C700%2C800%2C900|font_style:600%20bold%20regular%3A600%3Anormal&#8221; el_class=&#8221;semsubheading&#8221;][vc_single_image image=&#8221;706&#8243; img_size=&#8221;full&#8221; alignment=&#8221;center&#8221; css_animation=&#8221;top-to-bottom&#8221; el_class=&#8221;logorennerlab&#8221;][vc_row_inner el_class=&#8221;prevnext&#8221;][vc_column_inner width=&#8221;1\/3&#8243;][vc_btn title=&#8221;VUELVA A LA P\u00c1GINA A LA MEDIDA DE LOS NI\u00d1OS&#8221; style=&#8221;flat&#8221; shape=&#8221;square&#8221; color=&#8221;green&#8221; align=&#8221;center&#8221; i_type=&#8221;entypo&#8221; i_icon_entypo=&#8221;entypo-icon entypo-icon-left-open-big&#8221; button_block=&#8221;true&#8221; add_icon=&#8221;true&#8221; link=&#8221;url:http%3A%2F%2Fsolidrenner.com%2Fes%2Fa-misura-di-bambino%2F||&#8221; el_class=&#8221;buttonsolid&#8221;][\/vc_column_inner][vc_column_inner width=&#8221;1\/3&#8243;][\/vc_column_inner][vc_column_inner width=&#8221;1\/3&#8243;][vc_btn title=&#8221;VUELVA A LA P\u00c1GINA [&hellip;]<\/p>\n","protected":false},"author":1,"featured_media":0,"parent":0,"menu_order":0,"comment_status":"closed","ping_status":"open","template":"","meta":{"footnotes":""},"class_list":["post-1687","page","type-page","status-publish","hentry"],"yoast_head":"<!-- This site is optimized with the Yoast SEO plugin v26.6 - https:\/\/yoast.com\/wordpress\/plugins\/seo\/ -->\n<title>HI-TECH QUALITY - Vernici Parquet Solid Renner<\/title>\n<meta name=\"description\" content=\"Con Solid la qualit\u00e0 hi-tech del laboratorio di Renner Italia sbarca sul pianeta-posatori\" \/>\n<meta name=\"robots\" content=\"index, follow, max-snippet:-1, max-image-preview:large, max-video-preview:-1\" \/>\n<link rel=\"canonical\" href=\"https:\/\/www.solidrenner.com\/parquet-hi-tech\/\" \/>\n<meta property=\"og:locale\" content=\"es_ES\" \/>\n<meta property=\"og:type\" content=\"article\" \/>\n<meta property=\"og:title\" content=\"HI-TECH QUALITY - Vernici Parquet Solid Renner\" \/>\n<meta property=\"og:description\" content=\"Con Solid la qualit\u00e0 hi-tech del laboratorio di Renner Italia sbarca sul pianeta-posatori\" \/>\n<meta property=\"og:url\" content=\"https:\/\/www.solidrenner.com\/parquet-hi-tech\/\" \/>\n<meta property=\"og:site_name\" content=\"Solid Renner\" \/>\n<meta property=\"article:modified_time\" content=\"2020-03-18T11:41:41+00:00\" \/>\n<meta name=\"twitter:card\" content=\"summary_large_image\" \/>\n<meta name=\"twitter:label1\" content=\"Est. reading time\" \/>\n\t<meta name=\"twitter:data1\" content=\"4 minutes\" \/>\n<script type=\"application\/ld+json\" class=\"yoast-schema-graph\">{\"@context\":\"https:\/\/schema.org\",\"@graph\":[{\"@type\":\"WebPage\",\"@id\":\"https:\/\/www.solidrenner.com\/parquet-hi-tech\/\",\"url\":\"https:\/\/www.solidrenner.com\/parquet-hi-tech\/\",\"name\":\"HI-TECH QUALITY - Vernici Parquet Solid Renner\",\"isPartOf\":{\"@id\":\"https:\/\/www.solidrenner.com\/#website\"},\"datePublished\":\"2015-10-27T10:55:34+00:00\",\"dateModified\":\"2020-03-18T11:41:41+00:00\",\"description\":\"Con Solid la qualit\u00e0 hi-tech del laboratorio di Renner Italia sbarca sul pianeta-posatori\",\"breadcrumb\":{\"@id\":\"https:\/\/www.solidrenner.com\/parquet-hi-tech\/#breadcrumb\"},\"inLanguage\":\"es-ES\",\"potentialAction\":[{\"@type\":\"ReadAction\",\"target\":[\"https:\/\/www.solidrenner.com\/parquet-hi-tech\/\"]}]},{\"@type\":\"BreadcrumbList\",\"@id\":\"https:\/\/www.solidrenner.com\/parquet-hi-tech\/#breadcrumb\",\"itemListElement\":[{\"@type\":\"ListItem\",\"position\":1,\"name\":\"Home\",\"item\":\"https:\/\/www.solidrenner.com\/es\/\"},{\"@type\":\"ListItem\",\"position\":2,\"name\":\"HI-TECH QUALITY\"}]},{\"@type\":\"WebSite\",\"@id\":\"https:\/\/www.solidrenner.com\/#website\",\"url\":\"https:\/\/www.solidrenner.com\/\",\"name\":\"Solid Renner\",\"description\":\"Le vernici per il parquet di Renner Italia\",\"potentialAction\":[{\"@type\":\"SearchAction\",\"target\":{\"@type\":\"EntryPoint\",\"urlTemplate\":\"https:\/\/www.solidrenner.com\/?s={search_term_string}\"},\"query-input\":{\"@type\":\"PropertyValueSpecification\",\"valueRequired\":true,\"valueName\":\"search_term_string\"}}],\"inLanguage\":\"es-ES\"}]}<\/script>\n<!-- \/ Yoast SEO plugin. -->","yoast_head_json":{"title":"HI-TECH QUALITY - Vernici Parquet Solid Renner","description":"Con Solid la qualit\u00e0 hi-tech del laboratorio di Renner Italia sbarca sul pianeta-posatori","robots":{"index":"index","follow":"follow","max-snippet":"max-snippet:-1","max-image-preview":"max-image-preview:large","max-video-preview":"max-video-preview:-1"},"canonical":"https:\/\/www.solidrenner.com\/parquet-hi-tech\/","og_locale":"es_ES","og_type":"article","og_title":"HI-TECH QUALITY - Vernici Parquet Solid Renner","og_description":"Con Solid la qualit\u00e0 hi-tech del laboratorio di Renner Italia sbarca sul pianeta-posatori","og_url":"https:\/\/www.solidrenner.com\/parquet-hi-tech\/","og_site_name":"Solid Renner","article_modified_time":"2020-03-18T11:41:41+00:00","twitter_card":"summary_large_image","twitter_misc":{"Est. reading time":"4 minutes"},"schema":{"@context":"https:\/\/schema.org","@graph":[{"@type":"WebPage","@id":"https:\/\/www.solidrenner.com\/parquet-hi-tech\/","url":"https:\/\/www.solidrenner.com\/parquet-hi-tech\/","name":"HI-TECH QUALITY - Vernici Parquet Solid Renner","isPartOf":{"@id":"https:\/\/www.solidrenner.com\/#website"},"datePublished":"2015-10-27T10:55:34+00:00","dateModified":"2020-03-18T11:41:41+00:00","description":"Con Solid la qualit\u00e0 hi-tech del laboratorio di Renner Italia sbarca sul pianeta-posatori","breadcrumb":{"@id":"https:\/\/www.solidrenner.com\/parquet-hi-tech\/#breadcrumb"},"inLanguage":"es-ES","potentialAction":[{"@type":"ReadAction","target":["https:\/\/www.solidrenner.com\/parquet-hi-tech\/"]}]},{"@type":"BreadcrumbList","@id":"https:\/\/www.solidrenner.com\/parquet-hi-tech\/#breadcrumb","itemListElement":[{"@type":"ListItem","position":1,"name":"Home","item":"https:\/\/www.solidrenner.com\/es\/"},{"@type":"ListItem","position":2,"name":"HI-TECH QUALITY"}]},{"@type":"WebSite","@id":"https:\/\/www.solidrenner.com\/#website","url":"https:\/\/www.solidrenner.com\/","name":"Solid Renner","description":"Le vernici per il parquet di Renner Italia","potentialAction":[{"@type":"SearchAction","target":{"@type":"EntryPoint","urlTemplate":"https:\/\/www.solidrenner.com\/?s={search_term_string}"},"query-input":{"@type":"PropertyValueSpecification","valueRequired":true,"valueName":"search_term_string"}}],"inLanguage":"es-ES"}]}},"_links":{"self":[{"href":"https:\/\/www.solidrenner.com\/es\/wp-json\/wp\/v2\/pages\/1687","targetHints":{"allow":["GET"]}}],"collection":[{"href":"https:\/\/www.solidrenner.com\/es\/wp-json\/wp\/v2\/pages"}],"about":[{"href":"https:\/\/www.solidrenner.com\/es\/wp-json\/wp\/v2\/types\/page"}],"author":[{"embeddable":true,"href":"https:\/\/www.solidrenner.com\/es\/wp-json\/wp\/v2\/users\/1"}],"replies":[{"embeddable":true,"href":"https:\/\/www.solidrenner.com\/es\/wp-json\/wp\/v2\/comments?post=1687"}],"version-history":[{"count":5,"href":"https:\/\/www.solidrenner.com\/es\/wp-json\/wp\/v2\/pages\/1687\/revisions"}],"predecessor-version":[{"id":4666,"href":"https:\/\/www.solidrenner.com\/es\/wp-json\/wp\/v2\/pages\/1687\/revisions\/4666"}],"wp:attachment":[{"href":"https:\/\/www.solidrenner.com\/es\/wp-json\/wp\/v2\/media?parent=1687"}],"curies":[{"name":"wp","href":"https:\/\/api.w.org\/{rel}","templated":true}]}}