{"id":1680,"date":"2015-10-27T11:37:28","date_gmt":"2015-10-27T10:37:28","guid":{"rendered":"https:\/\/www.solidrenner.com\/es\/vernici-per-pavimenti-100-per-cento-puliti\/"},"modified":"2018-03-07T21:54:08","modified_gmt":"2018-03-07T20:54:08","slug":"vernici-per-pavimenti-100-per-cento-puliti","status":"publish","type":"page","link":"https:\/\/www.solidrenner.com\/es\/vernici-per-pavimenti-100-per-cento-puliti\/","title":{"rendered":"100% LIMPIOS"},"content":{"rendered":"<div class=\"wpb-content-wrapper\">[vc_row fullwidth=&#8221;true&#8221; background_style=&#8221;full&#8221; el_class=&#8221;backgroundtop&#8221;][vc_column offset=&#8221;vc_col-xs-12&#8243; css=&#8221;.vc_custom_1445938100913{padding-top: 200px !important;}&#8221;][vc_custom_heading text=&#8221;100% LIMPIOS&#8221; font_container=&#8221;tag:h1|text_align:center|color:%23ffffff&#8221; google_fonts=&#8221;font_family:Raleway%3A100%2C200%2C300%2Cregular%2C500%2C600%2C700%2C800%2C900|font_style:800%20bold%20regular%3A800%3Anormal&#8221; el_class=&#8221;semheading&#8221;][vc_custom_heading text=&#8221;La filosof\u00eda verde de Renner Italia&#8221; font_container=&#8221;tag:h4|font_size:22|text_align:center|color:%23ffffff&#8221; google_fonts=&#8221;font_family:Raleway%3A100%2C200%2C300%2Cregular%2C500%2C600%2C700%2C800%2C900|font_style:600%20bold%20regular%3A600%3Anormal&#8221; el_class=&#8221;semsubheading&#8221;][vc_single_image image=&#8221;659&#8243; img_size=&#8221;full&#8221; alignment=&#8221;center&#8221; css_animation=&#8221;top-to-bottom&#8221; el_class=&#8221;logorennerlab&#8221;][vc_row_inner el_class=&#8221;prevnext&#8221;][vc_column_inner width=&#8221;1\/3&#8243;][vc_btn title=&#8221;VUELVA A LA P\u00c1GINA <strong>RENNERLAB ECOFRIENDLY<\/strong>&#8221; style=&#8221;flat&#8221; shape=&#8221;square&#8221; color=&#8221;green&#8221; align=&#8221;center&#8221; i_type=&#8221;entypo&#8221; i_icon_entypo=&#8221;entypo-icon entypo-icon-left-open-big&#8221; button_block=&#8221;true&#8221; add_icon=&#8221;true&#8221; link=&#8221;url:http%3A%2F%2Fsolidrenner.com%2Fes%2Frennerlab-ecofriendly%2F||&#8221; el_class=&#8221;buttonsolid&#8221;][\/vc_column_inner][vc_column_inner width=&#8221;1\/3&#8243;][\/vc_column_inner][vc_column_inner width=&#8221;1\/3&#8243;][vc_btn title=&#8221;VUELVA A LA P\u00c1GINA <strong>A LA MEDIDA DE LOS NI\u00d1OS<\/strong>&#8221; style=&#8221;flat&#8221; shape=&#8221;square&#8221; color=&#8221;green&#8221; align=&#8221;center&#8221; i_align=&#8221;right&#8221; i_type=&#8221;entypo&#8221; i_icon_entypo=&#8221;entypo-icon entypo-icon-right-open-big&#8221; button_block=&#8221;true&#8221; add_icon=&#8221;true&#8221; link=&#8221;url:http%3A%2F%2Fsolidrenner.com%2Fes%2Fa-misura-di-bambino%2F||&#8221; el_class=&#8221;buttonsolid&#8221;][\/vc_column_inner][\/vc_row_inner][\/vc_column][\/vc_row][vc_row css=&#8221;.vc_custom_1445874591287{padding-top: 30px !important;}&#8221;][vc_column css=&#8221;.vc_custom_1520456042304{padding-top: 30px !important;padding-bottom: 30px !important;}&#8221;][vc_column_text]El proyecto Rennerlab &#8211; Eco Friendly est\u00e1 incluido en un ciclo de producci\u00f3n que se aleja de las antiguas l\u00f3gicas.<br \/>\nDe hecho, en la producci\u00f3n de los barnices Renner Italia se utiliza exclusivamente energ\u00eda el\u00e9ctrica proveniente de fuentes renovables.<br \/>\nLas instalaciones donde nacen los productos Solid est\u00e1n alimentadas exclusivamente con energ\u00eda hidroel\u00e9ctrica, e\u00f3lica, solar y biomasa.<br \/>\nUna vez m\u00e1s, el objetivo verde de Renner Italia es reducir el impacto contaminante del sistema energ\u00e9tico y salvaguardar el medioambiente.<\/p>\n<p>Por ello la empresa ha logrado obtener el certificado G. O. (Garant\u00edas de Origen) y la marca &#8220;100% Energ\u00eda de Fuentes Renovables\u201d con la que confirma su propia elecci\u00f3n de sector.<\/p>\n<p>Una pol\u00edtica no improvisada que se fundamenta en los temas medioambientales.<\/p>\n<p>Desde sus or\u00edgenes, Renner Italia incentiva constantemente la investigaci\u00f3n sobre los productos al agua. Productos con baja emisi\u00f3n de compuestos org\u00e1nicos vol\u00e1tiles que aseguran excelentes prestaciones en resistencia y est\u00e9ticas. La propia misi\u00f3n de la empresa recuerda que en Renner Italia \u00absentimos el deber de salvaguardar el ecosistema\u00bb porque \u00absabemos sorprendernos con la belleza que nos rodea y queremos contribuir a mantenerla\u00bb.<\/p>\n<p>El camino verde que pasa por Minerbio (Bolonia) une el crecimiento industrial con la naturaleza de Renner Italia. Un recorrido necesario para nosotros.<br \/>\nHace algunos a\u00f1os lo descubri\u00f3 tambi\u00e9n el Ministerio de Medioambiente y Salvaguardia del Territorio y el Mar, quien premi\u00f3 a la empresa por su iniciativa \u201cEl ahorro energ\u00e9tico en la n\u00f3mina\u201d. La empresa se adjudic\u00f3 el premio Empresa Medioambiental 2012, concedido por el gobierno a las empresas que potencian el desarrollo sostenible, el respeto del medioambiente y la responsabilidad social.<br \/>\nRenner Italia fue la primera clasificada en la categor\u00eda &#8220;Mejor Gesti\u00f3n&#8221; por <em>\u00abhaber realizado un proyecto que incentiva la reducci\u00f3n de los consumos energ\u00e9ticos y redistribuye entre sus empleados el 50% del ahorro generado, a trav\u00e9s de la n\u00f3mina\u00bb.<\/em>[\/vc_column_text][\/vc_column][\/vc_row]\n<\/div>","protected":false},"excerpt":{"rendered":"<p>[vc_row fullwidth=&#8221;true&#8221; background_style=&#8221;full&#8221; el_class=&#8221;backgroundtop&#8221;][vc_column offset=&#8221;vc_col-xs-12&#8243; css=&#8221;.vc_custom_1445938100913{padding-top: 200px !important;}&#8221;][vc_custom_heading text=&#8221;100% LIMPIOS&#8221; font_container=&#8221;tag:h1|text_align:center|color:%23ffffff&#8221; google_fonts=&#8221;font_family:Raleway%3A100%2C200%2C300%2Cregular%2C500%2C600%2C700%2C800%2C900|font_style:800%20bold%20regular%3A800%3Anormal&#8221; el_class=&#8221;semheading&#8221;][vc_custom_heading text=&#8221;La filosof\u00eda verde de Renner Italia&#8221; font_container=&#8221;tag:h4|font_size:22|text_align:center|color:%23ffffff&#8221; google_fonts=&#8221;font_family:Raleway%3A100%2C200%2C300%2Cregular%2C500%2C600%2C700%2C800%2C900|font_style:600%20bold%20regular%3A600%3Anormal&#8221; el_class=&#8221;semsubheading&#8221;][vc_single_image image=&#8221;659&#8243; img_size=&#8221;full&#8221; alignment=&#8221;center&#8221; css_animation=&#8221;top-to-bottom&#8221; el_class=&#8221;logorennerlab&#8221;][vc_row_inner el_class=&#8221;prevnext&#8221;][vc_column_inner width=&#8221;1\/3&#8243;][vc_btn title=&#8221;VUELVA A LA P\u00c1GINA RENNERLAB ECOFRIENDLY&#8221; style=&#8221;flat&#8221; shape=&#8221;square&#8221; color=&#8221;green&#8221; align=&#8221;center&#8221; i_type=&#8221;entypo&#8221; i_icon_entypo=&#8221;entypo-icon entypo-icon-left-open-big&#8221; button_block=&#8221;true&#8221; add_icon=&#8221;true&#8221; link=&#8221;url:http%3A%2F%2Fsolidrenner.com%2Fes%2Frennerlab-ecofriendly%2F||&#8221; el_class=&#8221;buttonsolid&#8221;][\/vc_column_inner][vc_column_inner width=&#8221;1\/3&#8243;][\/vc_column_inner][vc_column_inner width=&#8221;1\/3&#8243;][vc_btn title=&#8221;VUELVA A LA P\u00c1GINA A LA MEDIDA [&hellip;]<\/p>\n","protected":false},"author":1,"featured_media":0,"parent":0,"menu_order":0,"comment_status":"closed","ping_status":"open","template":"","meta":{"footnotes":""},"class_list":["post-1680","page","type-page","status-publish","hentry"],"yoast_head":"<!-- This site is optimized with the Yoast SEO plugin v26.6 - https:\/\/yoast.com\/wordpress\/plugins\/seo\/ -->\n<title>100 PER CENTO PULITI - Vernici Parquet Solid Renner<\/title>\n<meta name=\"description\" content=\"La produzione delle vernici Renner Italia e delle vernici per pavimenti in legno Solid \u00e8 sostenuta da energia elettrica proveniente da fonti rinnovabili.\" \/>\n<meta name=\"robots\" content=\"index, follow, max-snippet:-1, max-image-preview:large, max-video-preview:-1\" \/>\n<link rel=\"canonical\" href=\"https:\/\/www.solidrenner.com\/es\/vernici-per-pavimenti-100-per-cento-puliti\/\" \/>\n<meta property=\"og:locale\" content=\"es_ES\" \/>\n<meta property=\"og:type\" content=\"article\" \/>\n<meta property=\"og:title\" content=\"100 PER CENTO PULITI - Vernici Parquet Solid Renner\" \/>\n<meta property=\"og:description\" content=\"La produzione delle vernici Renner Italia e delle vernici per pavimenti in legno Solid \u00e8 sostenuta da energia elettrica proveniente da fonti rinnovabili.\" \/>\n<meta property=\"og:url\" content=\"https:\/\/www.solidrenner.com\/es\/vernici-per-pavimenti-100-per-cento-puliti\/\" \/>\n<meta property=\"og:site_name\" content=\"Solid Renner\" \/>\n<meta property=\"article:modified_time\" content=\"2018-03-07T20:54:08+00:00\" \/>\n<meta name=\"twitter:card\" content=\"summary_large_image\" \/>\n<meta name=\"twitter:label1\" content=\"Est. reading time\" \/>\n\t<meta name=\"twitter:data1\" content=\"3 minutes\" \/>\n<script type=\"application\/ld+json\" class=\"yoast-schema-graph\">{\"@context\":\"https:\/\/schema.org\",\"@graph\":[{\"@type\":\"WebPage\",\"@id\":\"https:\/\/www.solidrenner.com\/es\/vernici-per-pavimenti-100-per-cento-puliti\/\",\"url\":\"https:\/\/www.solidrenner.com\/es\/vernici-per-pavimenti-100-per-cento-puliti\/\",\"name\":\"100 PER CENTO PULITI - Vernici Parquet Solid Renner\",\"isPartOf\":{\"@id\":\"https:\/\/www.solidrenner.com\/#website\"},\"datePublished\":\"2015-10-27T10:37:28+00:00\",\"dateModified\":\"2018-03-07T20:54:08+00:00\",\"description\":\"La produzione delle vernici Renner Italia e delle vernici per pavimenti in legno Solid \u00e8 sostenuta da energia elettrica proveniente da fonti rinnovabili.\",\"breadcrumb\":{\"@id\":\"https:\/\/www.solidrenner.com\/es\/vernici-per-pavimenti-100-per-cento-puliti\/#breadcrumb\"},\"inLanguage\":\"es-ES\",\"potentialAction\":[{\"@type\":\"ReadAction\",\"target\":[\"https:\/\/www.solidrenner.com\/es\/vernici-per-pavimenti-100-per-cento-puliti\/\"]}]},{\"@type\":\"BreadcrumbList\",\"@id\":\"https:\/\/www.solidrenner.com\/es\/vernici-per-pavimenti-100-per-cento-puliti\/#breadcrumb\",\"itemListElement\":[{\"@type\":\"ListItem\",\"position\":1,\"name\":\"Home\",\"item\":\"https:\/\/www.solidrenner.com\/es\/\"},{\"@type\":\"ListItem\",\"position\":2,\"name\":\"100% LIMPIOS\"}]},{\"@type\":\"WebSite\",\"@id\":\"https:\/\/www.solidrenner.com\/#website\",\"url\":\"https:\/\/www.solidrenner.com\/\",\"name\":\"Solid Renner\",\"description\":\"Le vernici per il parquet di Renner Italia\",\"potentialAction\":[{\"@type\":\"SearchAction\",\"target\":{\"@type\":\"EntryPoint\",\"urlTemplate\":\"https:\/\/www.solidrenner.com\/?s={search_term_string}\"},\"query-input\":{\"@type\":\"PropertyValueSpecification\",\"valueRequired\":true,\"valueName\":\"search_term_string\"}}],\"inLanguage\":\"es-ES\"}]}<\/script>\n<!-- \/ Yoast SEO plugin. -->","yoast_head_json":{"title":"100 PER CENTO PULITI - Vernici Parquet Solid Renner","description":"La produzione delle vernici Renner Italia e delle vernici per pavimenti in legno Solid \u00e8 sostenuta da energia elettrica proveniente da fonti rinnovabili.","robots":{"index":"index","follow":"follow","max-snippet":"max-snippet:-1","max-image-preview":"max-image-preview:large","max-video-preview":"max-video-preview:-1"},"canonical":"https:\/\/www.solidrenner.com\/es\/vernici-per-pavimenti-100-per-cento-puliti\/","og_locale":"es_ES","og_type":"article","og_title":"100 PER CENTO PULITI - Vernici Parquet Solid Renner","og_description":"La produzione delle vernici Renner Italia e delle vernici per pavimenti in legno Solid \u00e8 sostenuta da energia elettrica proveniente da fonti rinnovabili.","og_url":"https:\/\/www.solidrenner.com\/es\/vernici-per-pavimenti-100-per-cento-puliti\/","og_site_name":"Solid Renner","article_modified_time":"2018-03-07T20:54:08+00:00","twitter_card":"summary_large_image","twitter_misc":{"Est. reading time":"3 minutes"},"schema":{"@context":"https:\/\/schema.org","@graph":[{"@type":"WebPage","@id":"https:\/\/www.solidrenner.com\/es\/vernici-per-pavimenti-100-per-cento-puliti\/","url":"https:\/\/www.solidrenner.com\/es\/vernici-per-pavimenti-100-per-cento-puliti\/","name":"100 PER CENTO PULITI - Vernici Parquet Solid Renner","isPartOf":{"@id":"https:\/\/www.solidrenner.com\/#website"},"datePublished":"2015-10-27T10:37:28+00:00","dateModified":"2018-03-07T20:54:08+00:00","description":"La produzione delle vernici Renner Italia e delle vernici per pavimenti in legno Solid \u00e8 sostenuta da energia elettrica proveniente da fonti rinnovabili.","breadcrumb":{"@id":"https:\/\/www.solidrenner.com\/es\/vernici-per-pavimenti-100-per-cento-puliti\/#breadcrumb"},"inLanguage":"es-ES","potentialAction":[{"@type":"ReadAction","target":["https:\/\/www.solidrenner.com\/es\/vernici-per-pavimenti-100-per-cento-puliti\/"]}]},{"@type":"BreadcrumbList","@id":"https:\/\/www.solidrenner.com\/es\/vernici-per-pavimenti-100-per-cento-puliti\/#breadcrumb","itemListElement":[{"@type":"ListItem","position":1,"name":"Home","item":"https:\/\/www.solidrenner.com\/es\/"},{"@type":"ListItem","position":2,"name":"100% LIMPIOS"}]},{"@type":"WebSite","@id":"https:\/\/www.solidrenner.com\/#website","url":"https:\/\/www.solidrenner.com\/","name":"Solid Renner","description":"Le vernici per il parquet di Renner Italia","potentialAction":[{"@type":"SearchAction","target":{"@type":"EntryPoint","urlTemplate":"https:\/\/www.solidrenner.com\/?s={search_term_string}"},"query-input":{"@type":"PropertyValueSpecification","valueRequired":true,"valueName":"search_term_string"}}],"inLanguage":"es-ES"}]}},"_links":{"self":[{"href":"https:\/\/www.solidrenner.com\/es\/wp-json\/wp\/v2\/pages\/1680","targetHints":{"allow":["GET"]}}],"collection":[{"href":"https:\/\/www.solidrenner.com\/es\/wp-json\/wp\/v2\/pages"}],"about":[{"href":"https:\/\/www.solidrenner.com\/es\/wp-json\/wp\/v2\/types\/page"}],"author":[{"embeddable":true,"href":"https:\/\/www.solidrenner.com\/es\/wp-json\/wp\/v2\/users\/1"}],"replies":[{"embeddable":true,"href":"https:\/\/www.solidrenner.com\/es\/wp-json\/wp\/v2\/comments?post=1680"}],"version-history":[{"count":6,"href":"https:\/\/www.solidrenner.com\/es\/wp-json\/wp\/v2\/pages\/1680\/revisions"}],"predecessor-version":[{"id":2638,"href":"https:\/\/www.solidrenner.com\/es\/wp-json\/wp\/v2\/pages\/1680\/revisions\/2638"}],"wp:attachment":[{"href":"https:\/\/www.solidrenner.com\/es\/wp-json\/wp\/v2\/media?parent=1680"}],"curies":[{"name":"wp","href":"https:\/\/api.w.org\/{rel}","templated":true}]}}