{"id":1674,"date":"2015-10-27T09:17:55","date_gmt":"2015-10-27T08:17:55","guid":{"rendered":"https:\/\/www.solidrenner.com\/es\/intro-vernici-parquet-solid\/"},"modified":"2020-03-18T12:38:44","modified_gmt":"2020-03-18T11:38:44","slug":"intro-vernici-parquet-solid","status":"publish","type":"page","link":"https:\/\/www.solidrenner.com\/es\/intro-vernici-parquet-solid\/","title":{"rendered":"INTRODUCCI\u00d3N"},"content":{"rendered":"<div class=\"wpb-content-wrapper\">[vc_row fullwidth=&#8221;true&#8221; background_style=&#8221;full&#8221; el_class=&#8221;backgroundtop&#8221;][vc_column offset=&#8221;vc_col-xs-12&#8243; css=&#8221;.vc_custom_1445938100913{padding-top: 200px !important;}&#8221;][vc_custom_heading text=&#8221;SOLID&#8221; font_container=&#8221;tag:h1|text_align:center|color:%23333333&#8243; google_fonts=&#8221;font_family:Raleway%3A100%2C200%2C300%2Cregular%2C500%2C600%2C700%2C800%2C900|font_style:800%20bold%20regular%3A800%3Anormal&#8221; el_class=&#8221;semheading&#8221;][vc_custom_heading text=&#8221;El PARQU\u00c9 es siempre \u00fanico&#8221; font_container=&#8221;tag:h4|text_align:center|color:%23333333&#8243; google_fonts=&#8221;font_family:Raleway%3A100%2C200%2C300%2Cregular%2C500%2C600%2C700%2C800%2C900|font_style:600%20bold%20regular%3A600%3Anormal&#8221; el_class=&#8221;semsubheading&#8221; css=&#8221;.vc_custom_1584531443834{padding-bottom: 160px !important;}&#8221;][vc_row_inner el_class=&#8221;prevnext&#8221;][vc_column_inner width=&#8221;1\/3&#8243;][vc_btn title=&#8221;VUELVA A LA P\u00c1GINA <strong>HIGH TRAFFIC<\/strong>&#8221; style=&#8221;flat&#8221; shape=&#8221;square&#8221; color=&#8221;green&#8221; align=&#8221;center&#8221; i_type=&#8221;entypo&#8221; i_icon_entypo=&#8221;entypo-icon entypo-icon-left-open-big&#8221; button_block=&#8221;true&#8221; add_icon=&#8221;true&#8221; link=&#8221;url:http%3A%2F%2Fsolidrenner.com%2Fes%2Fhigh-traffic%2F||&#8221;][\/vc_column_inner][vc_column_inner width=&#8221;1\/3&#8243;][\/vc_column_inner][vc_column_inner width=&#8221;1\/3&#8243;][vc_btn title=&#8221;VUELVA A LA P\u00c1GINA <strong>GAMA<\/strong>&#8221; style=&#8221;flat&#8221; shape=&#8221;square&#8221; color=&#8221;green&#8221; align=&#8221;center&#8221; i_align=&#8221;right&#8221; i_type=&#8221;entypo&#8221; i_icon_entypo=&#8221;entypo-icon entypo-icon-right-open-big&#8221; button_block=&#8221;true&#8221; add_icon=&#8221;true&#8221; link=&#8221;url:%2Fes%2Fvernici-per-parquet%2F|||&#8221;][\/vc_column_inner][\/vc_row_inner][\/vc_column][\/vc_row][vc_row css=&#8221;.vc_custom_1445874591287{padding-top: 30px !important;}&#8221;][vc_column css=&#8221;.vc_custom_1520422136200{padding-top: 30px !important;padding-bottom: 30px !important;}&#8221;][vc_column_text css=&#8221;.vc_custom_1584531481408{margin-bottom: 0px !important;}&#8221;]Es uno de los materiales m\u00e1s familiares en los espacios donde vivimos. Sobre ellos caminan nuestras historias y aspiraciones. Por ello Renner Italia cuida con especial atenci\u00f3n la formulaci\u00f3n de la gama para parqu\u00e9.<\/p>\n<p>Solid es la l\u00ednea de barnices para parqu\u00e9 de Renner Italia. En los pavimentos de madera barnizados con Solid, conviven el dise\u00f1o italiano y la alta tecnolog\u00eda internacional. Cada producto es el resultado de la investigaci\u00f3n de nuestros laboratorios de alta tecnolog\u00eda.<\/p>\n<p>Los barnices UV, los fondos, los acabados, los aceites, las ceras y los detergentes Solid ensalzan la naturaleza de la madera aport\u00e1ndole al mismo tiempo una extraordinaria resistencia al tr\u00e1nsito, a los ara\u00f1azos, a los golpes y a los agentes qu\u00edmicos.<\/p>\n<p>Solid es el innovador sistema de soluciones para la est\u00e9tica, la aplicaci\u00f3n y el mantenimiento de los parqu\u00e9s nuevos o que se han de regenerar, conforme con las filosof\u00edas verdes m\u00e1s modernas de protecci\u00f3n del medioambiente.[\/vc_column_text][\/vc_column][\/vc_row]\n<\/div>","protected":false},"excerpt":{"rendered":"<p>[vc_row fullwidth=&#8221;true&#8221; background_style=&#8221;full&#8221; el_class=&#8221;backgroundtop&#8221;][vc_column offset=&#8221;vc_col-xs-12&#8243; css=&#8221;.vc_custom_1445938100913{padding-top: 200px !important;}&#8221;][vc_custom_heading text=&#8221;SOLID&#8221; font_container=&#8221;tag:h1|text_align:center|color:%23333333&#8243; google_fonts=&#8221;font_family:Raleway%3A100%2C200%2C300%2Cregular%2C500%2C600%2C700%2C800%2C900|font_style:800%20bold%20regular%3A800%3Anormal&#8221; el_class=&#8221;semheading&#8221;][vc_custom_heading text=&#8221;El PARQU\u00c9 es siempre \u00fanico&#8221; font_container=&#8221;tag:h4|text_align:center|color:%23333333&#8243; google_fonts=&#8221;font_family:Raleway%3A100%2C200%2C300%2Cregular%2C500%2C600%2C700%2C800%2C900|font_style:600%20bold%20regular%3A600%3Anormal&#8221; el_class=&#8221;semsubheading&#8221; css=&#8221;.vc_custom_1584531443834{padding-bottom: 160px !important;}&#8221;][vc_row_inner el_class=&#8221;prevnext&#8221;][vc_column_inner width=&#8221;1\/3&#8243;][vc_btn title=&#8221;VUELVA A LA P\u00c1GINA HIGH TRAFFIC&#8221; style=&#8221;flat&#8221; shape=&#8221;square&#8221; color=&#8221;green&#8221; align=&#8221;center&#8221; i_type=&#8221;entypo&#8221; i_icon_entypo=&#8221;entypo-icon entypo-icon-left-open-big&#8221; button_block=&#8221;true&#8221; add_icon=&#8221;true&#8221; link=&#8221;url:http%3A%2F%2Fsolidrenner.com%2Fes%2Fhigh-traffic%2F||&#8221;][\/vc_column_inner][vc_column_inner width=&#8221;1\/3&#8243;][\/vc_column_inner][vc_column_inner width=&#8221;1\/3&#8243;][vc_btn title=&#8221;VUELVA A LA P\u00c1GINA GAMA&#8221; style=&#8221;flat&#8221; shape=&#8221;square&#8221; color=&#8221;green&#8221; align=&#8221;center&#8221; i_align=&#8221;right&#8221; i_type=&#8221;entypo&#8221; i_icon_entypo=&#8221;entypo-icon [&hellip;]<\/p>\n","protected":false},"author":1,"featured_media":0,"parent":0,"menu_order":0,"comment_status":"closed","ping_status":"open","template":"","meta":{"footnotes":""},"class_list":["post-1674","page","type-page","status-publish","hentry"],"yoast_head":"<!-- This site is optimized with the Yoast SEO plugin v26.6 - https:\/\/yoast.com\/wordpress\/plugins\/seo\/ -->\n<title>INTRO - Vernici Parquet Solid Renner<\/title>\n<meta name=\"description\" content=\"I parquet sono tra le creazioni con cui pi\u00f9 si identificano i luoghi della nostra vita. Su di essi camminano le nostre storie e aspirazioni.\" \/>\n<meta name=\"robots\" content=\"index, follow, max-snippet:-1, max-image-preview:large, max-video-preview:-1\" \/>\n<link rel=\"canonical\" href=\"https:\/\/www.solidrenner.com\/parquet-unici\/\" \/>\n<meta property=\"og:locale\" content=\"es_ES\" \/>\n<meta property=\"og:type\" content=\"article\" \/>\n<meta property=\"og:title\" content=\"INTRO - Vernici Parquet Solid Renner\" \/>\n<meta property=\"og:description\" content=\"I parquet sono tra le creazioni con cui pi\u00f9 si identificano i luoghi della nostra vita. Su di essi camminano le nostre storie e aspirazioni.\" \/>\n<meta property=\"og:url\" content=\"https:\/\/www.solidrenner.com\/parquet-unici\/\" \/>\n<meta property=\"og:site_name\" content=\"Solid Renner\" \/>\n<meta property=\"article:modified_time\" content=\"2020-03-18T11:38:44+00:00\" \/>\n<meta name=\"twitter:card\" content=\"summary_large_image\" \/>\n<meta name=\"twitter:label1\" content=\"Est. reading time\" \/>\n\t<meta name=\"twitter:data1\" content=\"2 minutes\" \/>\n<script type=\"application\/ld+json\" class=\"yoast-schema-graph\">{\"@context\":\"https:\/\/schema.org\",\"@graph\":[{\"@type\":\"WebPage\",\"@id\":\"https:\/\/www.solidrenner.com\/parquet-unici\/\",\"url\":\"https:\/\/www.solidrenner.com\/parquet-unici\/\",\"name\":\"INTRO - Vernici Parquet Solid Renner\",\"isPartOf\":{\"@id\":\"https:\/\/www.solidrenner.com\/#website\"},\"datePublished\":\"2015-10-27T08:17:55+00:00\",\"dateModified\":\"2020-03-18T11:38:44+00:00\",\"description\":\"I parquet sono tra le creazioni con cui pi\u00f9 si identificano i luoghi della nostra vita. Su di essi camminano le nostre storie e aspirazioni.\",\"breadcrumb\":{\"@id\":\"https:\/\/www.solidrenner.com\/parquet-unici\/#breadcrumb\"},\"inLanguage\":\"es-ES\",\"potentialAction\":[{\"@type\":\"ReadAction\",\"target\":[\"https:\/\/www.solidrenner.com\/parquet-unici\/\"]}]},{\"@type\":\"BreadcrumbList\",\"@id\":\"https:\/\/www.solidrenner.com\/parquet-unici\/#breadcrumb\",\"itemListElement\":[{\"@type\":\"ListItem\",\"position\":1,\"name\":\"Home\",\"item\":\"https:\/\/www.solidrenner.com\/es\/\"},{\"@type\":\"ListItem\",\"position\":2,\"name\":\"INTRODUCCI\u00d3N\"}]},{\"@type\":\"WebSite\",\"@id\":\"https:\/\/www.solidrenner.com\/#website\",\"url\":\"https:\/\/www.solidrenner.com\/\",\"name\":\"Solid Renner\",\"description\":\"Le vernici per il parquet di Renner Italia\",\"potentialAction\":[{\"@type\":\"SearchAction\",\"target\":{\"@type\":\"EntryPoint\",\"urlTemplate\":\"https:\/\/www.solidrenner.com\/?s={search_term_string}\"},\"query-input\":{\"@type\":\"PropertyValueSpecification\",\"valueRequired\":true,\"valueName\":\"search_term_string\"}}],\"inLanguage\":\"es-ES\"}]}<\/script>\n<!-- \/ Yoast SEO plugin. -->","yoast_head_json":{"title":"INTRO - Vernici Parquet Solid Renner","description":"I parquet sono tra le creazioni con cui pi\u00f9 si identificano i luoghi della nostra vita. Su di essi camminano le nostre storie e aspirazioni.","robots":{"index":"index","follow":"follow","max-snippet":"max-snippet:-1","max-image-preview":"max-image-preview:large","max-video-preview":"max-video-preview:-1"},"canonical":"https:\/\/www.solidrenner.com\/parquet-unici\/","og_locale":"es_ES","og_type":"article","og_title":"INTRO - Vernici Parquet Solid Renner","og_description":"I parquet sono tra le creazioni con cui pi\u00f9 si identificano i luoghi della nostra vita. Su di essi camminano le nostre storie e aspirazioni.","og_url":"https:\/\/www.solidrenner.com\/parquet-unici\/","og_site_name":"Solid Renner","article_modified_time":"2020-03-18T11:38:44+00:00","twitter_card":"summary_large_image","twitter_misc":{"Est. reading time":"2 minutes"},"schema":{"@context":"https:\/\/schema.org","@graph":[{"@type":"WebPage","@id":"https:\/\/www.solidrenner.com\/parquet-unici\/","url":"https:\/\/www.solidrenner.com\/parquet-unici\/","name":"INTRO - Vernici Parquet Solid Renner","isPartOf":{"@id":"https:\/\/www.solidrenner.com\/#website"},"datePublished":"2015-10-27T08:17:55+00:00","dateModified":"2020-03-18T11:38:44+00:00","description":"I parquet sono tra le creazioni con cui pi\u00f9 si identificano i luoghi della nostra vita. Su di essi camminano le nostre storie e aspirazioni.","breadcrumb":{"@id":"https:\/\/www.solidrenner.com\/parquet-unici\/#breadcrumb"},"inLanguage":"es-ES","potentialAction":[{"@type":"ReadAction","target":["https:\/\/www.solidrenner.com\/parquet-unici\/"]}]},{"@type":"BreadcrumbList","@id":"https:\/\/www.solidrenner.com\/parquet-unici\/#breadcrumb","itemListElement":[{"@type":"ListItem","position":1,"name":"Home","item":"https:\/\/www.solidrenner.com\/es\/"},{"@type":"ListItem","position":2,"name":"INTRODUCCI\u00d3N"}]},{"@type":"WebSite","@id":"https:\/\/www.solidrenner.com\/#website","url":"https:\/\/www.solidrenner.com\/","name":"Solid Renner","description":"Le vernici per il parquet di Renner Italia","potentialAction":[{"@type":"SearchAction","target":{"@type":"EntryPoint","urlTemplate":"https:\/\/www.solidrenner.com\/?s={search_term_string}"},"query-input":{"@type":"PropertyValueSpecification","valueRequired":true,"valueName":"search_term_string"}}],"inLanguage":"es-ES"}]}},"_links":{"self":[{"href":"https:\/\/www.solidrenner.com\/es\/wp-json\/wp\/v2\/pages\/1674","targetHints":{"allow":["GET"]}}],"collection":[{"href":"https:\/\/www.solidrenner.com\/es\/wp-json\/wp\/v2\/pages"}],"about":[{"href":"https:\/\/www.solidrenner.com\/es\/wp-json\/wp\/v2\/types\/page"}],"author":[{"embeddable":true,"href":"https:\/\/www.solidrenner.com\/es\/wp-json\/wp\/v2\/users\/1"}],"replies":[{"embeddable":true,"href":"https:\/\/www.solidrenner.com\/es\/wp-json\/wp\/v2\/comments?post=1674"}],"version-history":[{"count":5,"href":"https:\/\/www.solidrenner.com\/es\/wp-json\/wp\/v2\/pages\/1674\/revisions"}],"predecessor-version":[{"id":4662,"href":"https:\/\/www.solidrenner.com\/es\/wp-json\/wp\/v2\/pages\/1674\/revisions\/4662"}],"wp:attachment":[{"href":"https:\/\/www.solidrenner.com\/es\/wp-json\/wp\/v2\/media?parent=1674"}],"curies":[{"name":"wp","href":"https:\/\/api.w.org\/{rel}","templated":true}]}}