{"id":1728,"date":"2015-10-27T13:15:54","date_gmt":"2015-10-27T12:15:54","guid":{"rendered":"https:\/\/www.solidrenner.com\/de\/la-buona-vernice\/"},"modified":"2018-03-08T08:25:18","modified_gmt":"2018-03-08T07:25:18","slug":"la-buona-vernice","status":"publish","type":"page","link":"https:\/\/www.solidrenner.com\/de\/la-buona-vernice\/","title":{"rendered":"DER GUTE LACK"},"content":{"rendered":"<div class=\"wpb-content-wrapper\">[vc_row fullwidth=&#8221;true&#8221; background_style=&#8221;full&#8221; el_class=&#8221;backgroundtop&#8221;][vc_column offset=&#8221;vc_col-xs-12&#8243; css=&#8221;.vc_custom_1445938100913{padding-top: 200px !important;}&#8221;][vc_custom_heading text=&#8221;DER GUTE LACK&#8221; font_container=&#8221;tag:h1|text_align:center|color:%23ffffff&#8221; google_fonts=&#8221;font_family:Raleway%3A100%2C200%2C300%2Cregular%2C500%2C600%2C700%2C800%2C900|font_style:800%20bold%20regular%3A800%3Anormal&#8221; el_class=&#8221;semheading&#8221;][vc_custom_heading text=&#8221;eine genaue Vorstellung von der Welt&#8221; font_container=&#8221;tag:h4|font_size:22|text_align:center|color:%23ffffff&#8221; google_fonts=&#8221;font_family:Raleway%3A100%2C200%2C300%2Cregular%2C500%2C600%2C700%2C800%2C900|font_style:600%20bold%20regular%3A600%3Anormal&#8221; el_class=&#8221;semsubheading&#8221; css=&#8221;.vc_custom_1477476197917{padding-bottom: 160px !important;}&#8221;][vc_row_inner el_class=&#8221;prevnext&#8221;][vc_column_inner width=&#8221;1\/3&#8243;][vc_btn title=&#8221;GEHE ZU <strong>UNSERE GESCHICHTE<\/strong>&#8221; style=&#8221;flat&#8221; shape=&#8221;square&#8221; color=&#8221;green&#8221; align=&#8221;center&#8221; i_type=&#8221;entypo&#8221; i_icon_entypo=&#8221;entypo-icon entypo-icon-left-open-big&#8221; button_block=&#8221;true&#8221; add_icon=&#8221;true&#8221; link=&#8221;url:http%3A%2F%2Fsolidrenner.com%2Fde%2Fla-nostra-storia%2F||&#8221; el_class=&#8221;buttonsolid&#8221;][\/vc_column_inner][vc_column_inner width=&#8221;1\/3&#8243;][\/vc_column_inner][vc_column_inner width=&#8221;1\/3&#8243;][vc_btn title=&#8221;GEHE ZU <strong>RENNER ITALIA<\/strong>&#8221; style=&#8221;flat&#8221; shape=&#8221;square&#8221; color=&#8221;green&#8221; align=&#8221;center&#8221; i_align=&#8221;right&#8221; i_type=&#8221;entypo&#8221; i_icon_entypo=&#8221;entypo-icon entypo-icon-right-open-big&#8221; button_block=&#8221;true&#8221; add_icon=&#8221;true&#8221; link=&#8221;url:http%3A%2F%2Fsolidrenner.com%2Fde%2Frenner-italia%2F||&#8221; el_class=&#8221;buttonsolid&#8221;][\/vc_column_inner][\/vc_row_inner][\/vc_column][\/vc_row][vc_row css=&#8221;.vc_custom_1445874591287{padding-top: 30px !important;}&#8221;][vc_column css=&#8221;.vc_custom_1445941782096{padding-top: 40px !important;}&#8221;][vc_column_text]Die Lacke der Reihe Solid sind, wie alle Rezepturen von Renner Italia, nach ethischen Grunds\u00e4tzen hergestellt.<\/p>\n<p>Schon allein unsere Beh\u00e4lter f\u00fcr Parkettlack k\u00fcnden davon. Der Firma und ihren Erzeugnissen liegen Ideen zugrunde, die auf der Entwicklung der Menschen, der Ehrlichkeit ihrer Meinungen und Verhaltensweisen und auf dem Sinn f\u00fcr Verantwortung gr\u00fcnden.<\/p>\n<p>Unser Unternehmen Renner Italia hat es sich zum Ziel gemacht, die Verteilung von Firmenwerten in Form von Wohlstand, Respekt und Freude zu realisieren und dabei auf Systeme der Solidarit\u00e4t, der \u00f6kologischen Nachhaltigkeit und der Aufwertung des Territoriums zu setzen.<\/p>\n<p>Die Mitarbeiter der gro\u00dfen Renner-Familie sind \u00fcberall auf der Welt damit besch\u00e4ftigt, eine gl\u00fcckliche Zukunft zu realisieren. Sie wissen, dass dies nur durch ein ethisches Verhalten m\u00f6glich ist.[\/vc_column_text][\/vc_column][\/vc_row][vc_row css=&#8221;.vc_custom_1445953532057{padding-top: 20px !important;}&#8221;][vc_column width=&#8221;1\/2&#8243;][vc_btn title=&#8221;Hier k\u00f6nnen Sie den Verhaltenskodex von Renner Italia lesen&#8221; style=&#8221;outline&#8221; shape=&#8221;square&#8221; color=&#8221;green&#8221; align=&#8221;center&#8221; button_block=&#8221;true&#8221; link=&#8221;url:http%3A%2F%2Frenneritalia.com%2Fde%2Fpages%2Fview%2Fcodice-etico||target:%20_blank&#8221;][\/vc_column][vc_column width=&#8221;1\/2&#8243;][vc_btn title=&#8221;Hier erhalten Sie Informationen zu Labuonavernice.it die soziale Verantwortung von Renner Italia&#8221; style=&#8221;outline&#8221; shape=&#8221;square&#8221; color=&#8221;green&#8221; align=&#8221;center&#8221; button_block=&#8221;true&#8221; link=&#8221;url:https%3A%2F%2Fwww.labuonavernice.it%2F||target:%20_blank&#8221;][\/vc_column][\/vc_row]\n<\/div>","protected":false},"excerpt":{"rendered":"<p>[vc_row fullwidth=&#8221;true&#8221; background_style=&#8221;full&#8221; el_class=&#8221;backgroundtop&#8221;][vc_column offset=&#8221;vc_col-xs-12&#8243; css=&#8221;.vc_custom_1445938100913{padding-top: 200px !important;}&#8221;][vc_custom_heading text=&#8221;DER GUTE LACK&#8221; font_container=&#8221;tag:h1|text_align:center|color:%23ffffff&#8221; google_fonts=&#8221;font_family:Raleway%3A100%2C200%2C300%2Cregular%2C500%2C600%2C700%2C800%2C900|font_style:800%20bold%20regular%3A800%3Anormal&#8221; el_class=&#8221;semheading&#8221;][vc_custom_heading text=&#8221;eine genaue Vorstellung von der Welt&#8221; font_container=&#8221;tag:h4|font_size:22|text_align:center|color:%23ffffff&#8221; google_fonts=&#8221;font_family:Raleway%3A100%2C200%2C300%2Cregular%2C500%2C600%2C700%2C800%2C900|font_style:600%20bold%20regular%3A600%3Anormal&#8221; el_class=&#8221;semsubheading&#8221; css=&#8221;.vc_custom_1477476197917{padding-bottom: 160px !important;}&#8221;][vc_row_inner el_class=&#8221;prevnext&#8221;][vc_column_inner width=&#8221;1\/3&#8243;][vc_btn title=&#8221;GEHE ZU UNSERE GESCHICHTE&#8221; style=&#8221;flat&#8221; shape=&#8221;square&#8221; color=&#8221;green&#8221; align=&#8221;center&#8221; i_type=&#8221;entypo&#8221; i_icon_entypo=&#8221;entypo-icon entypo-icon-left-open-big&#8221; button_block=&#8221;true&#8221; add_icon=&#8221;true&#8221; link=&#8221;url:http%3A%2F%2Fsolidrenner.com%2Fde%2Fla-nostra-storia%2F||&#8221; el_class=&#8221;buttonsolid&#8221;][\/vc_column_inner][vc_column_inner width=&#8221;1\/3&#8243;][\/vc_column_inner][vc_column_inner width=&#8221;1\/3&#8243;][vc_btn title=&#8221;GEHE ZU RENNER ITALIA&#8221; style=&#8221;flat&#8221; shape=&#8221;square&#8221; color=&#8221;green&#8221; align=&#8221;center&#8221; i_align=&#8221;right&#8221; i_type=&#8221;entypo&#8221; [&hellip;]<\/p>\n","protected":false},"author":1,"featured_media":0,"parent":0,"menu_order":0,"comment_status":"closed","ping_status":"open","template":"","meta":{"footnotes":""},"class_list":["post-1728","page","type-page","status-publish","hentry"],"yoast_head":"<!-- This site is optimized with the Yoast SEO plugin v26.6 - https:\/\/yoast.com\/wordpress\/plugins\/seo\/ -->\n<title>LA BUONA VERNICE - Vernici Parquet Solid Renner<\/title>\n<meta name=\"description\" content=\"La Buona Vernice un\u2019idea che mira alla crescita delle persone, all\u2019onest\u00e0 delle opinioni e dei comportamenti, al senso di responsabilit\u00e0\" \/>\n<meta name=\"robots\" content=\"index, follow, max-snippet:-1, max-image-preview:large, max-video-preview:-1\" \/>\n<link rel=\"canonical\" href=\"https:\/\/www.solidrenner.com\/de\/la-buona-vernice\/\" \/>\n<meta property=\"og:locale\" content=\"de_DE\" \/>\n<meta property=\"og:type\" content=\"article\" \/>\n<meta property=\"og:title\" content=\"LA BUONA VERNICE - Vernici Parquet Solid Renner\" \/>\n<meta property=\"og:description\" content=\"La Buona Vernice un\u2019idea che mira alla crescita delle persone, all\u2019onest\u00e0 delle opinioni e dei comportamenti, al senso di responsabilit\u00e0\" \/>\n<meta property=\"og:url\" content=\"https:\/\/www.solidrenner.com\/de\/la-buona-vernice\/\" \/>\n<meta property=\"og:site_name\" content=\"Solid Renner\" \/>\n<meta property=\"article:modified_time\" content=\"2018-03-08T07:25:18+00:00\" \/>\n<meta name=\"twitter:card\" content=\"summary_large_image\" \/>\n<meta name=\"twitter:label1\" content=\"Est. reading time\" \/>\n\t<meta name=\"twitter:data1\" content=\"2 minutes\" \/>\n<script type=\"application\/ld+json\" class=\"yoast-schema-graph\">{\"@context\":\"https:\/\/schema.org\",\"@graph\":[{\"@type\":\"WebPage\",\"@id\":\"https:\/\/www.solidrenner.com\/de\/la-buona-vernice\/\",\"url\":\"https:\/\/www.solidrenner.com\/de\/la-buona-vernice\/\",\"name\":\"LA BUONA VERNICE - Vernici Parquet Solid Renner\",\"isPartOf\":{\"@id\":\"https:\/\/www.solidrenner.com\/#website\"},\"datePublished\":\"2015-10-27T12:15:54+00:00\",\"dateModified\":\"2018-03-08T07:25:18+00:00\",\"description\":\"La Buona Vernice un\u2019idea che mira alla crescita delle persone, all\u2019onest\u00e0 delle opinioni e dei comportamenti, al senso di responsabilit\u00e0\",\"breadcrumb\":{\"@id\":\"https:\/\/www.solidrenner.com\/de\/la-buona-vernice\/#breadcrumb\"},\"inLanguage\":\"de-DE\",\"potentialAction\":[{\"@type\":\"ReadAction\",\"target\":[\"https:\/\/www.solidrenner.com\/de\/la-buona-vernice\/\"]}]},{\"@type\":\"BreadcrumbList\",\"@id\":\"https:\/\/www.solidrenner.com\/de\/la-buona-vernice\/#breadcrumb\",\"itemListElement\":[{\"@type\":\"ListItem\",\"position\":1,\"name\":\"Home\",\"item\":\"https:\/\/www.solidrenner.com\/de\/\"},{\"@type\":\"ListItem\",\"position\":2,\"name\":\"DER GUTE LACK\"}]},{\"@type\":\"WebSite\",\"@id\":\"https:\/\/www.solidrenner.com\/#website\",\"url\":\"https:\/\/www.solidrenner.com\/\",\"name\":\"Solid Renner\",\"description\":\"Le vernici per il parquet di Renner Italia\",\"potentialAction\":[{\"@type\":\"SearchAction\",\"target\":{\"@type\":\"EntryPoint\",\"urlTemplate\":\"https:\/\/www.solidrenner.com\/?s={search_term_string}\"},\"query-input\":{\"@type\":\"PropertyValueSpecification\",\"valueRequired\":true,\"valueName\":\"search_term_string\"}}],\"inLanguage\":\"de-DE\"}]}<\/script>\n<!-- \/ Yoast SEO plugin. -->","yoast_head_json":{"title":"LA BUONA VERNICE - Vernici Parquet Solid Renner","description":"La Buona Vernice un\u2019idea che mira alla crescita delle persone, all\u2019onest\u00e0 delle opinioni e dei comportamenti, al senso di responsabilit\u00e0","robots":{"index":"index","follow":"follow","max-snippet":"max-snippet:-1","max-image-preview":"max-image-preview:large","max-video-preview":"max-video-preview:-1"},"canonical":"https:\/\/www.solidrenner.com\/de\/la-buona-vernice\/","og_locale":"de_DE","og_type":"article","og_title":"LA BUONA VERNICE - Vernici Parquet Solid Renner","og_description":"La Buona Vernice un\u2019idea che mira alla crescita delle persone, all\u2019onest\u00e0 delle opinioni e dei comportamenti, al senso di responsabilit\u00e0","og_url":"https:\/\/www.solidrenner.com\/de\/la-buona-vernice\/","og_site_name":"Solid Renner","article_modified_time":"2018-03-08T07:25:18+00:00","twitter_card":"summary_large_image","twitter_misc":{"Est. reading time":"2 minutes"},"schema":{"@context":"https:\/\/schema.org","@graph":[{"@type":"WebPage","@id":"https:\/\/www.solidrenner.com\/de\/la-buona-vernice\/","url":"https:\/\/www.solidrenner.com\/de\/la-buona-vernice\/","name":"LA BUONA VERNICE - Vernici Parquet Solid Renner","isPartOf":{"@id":"https:\/\/www.solidrenner.com\/#website"},"datePublished":"2015-10-27T12:15:54+00:00","dateModified":"2018-03-08T07:25:18+00:00","description":"La Buona Vernice un\u2019idea che mira alla crescita delle persone, all\u2019onest\u00e0 delle opinioni e dei comportamenti, al senso di responsabilit\u00e0","breadcrumb":{"@id":"https:\/\/www.solidrenner.com\/de\/la-buona-vernice\/#breadcrumb"},"inLanguage":"de-DE","potentialAction":[{"@type":"ReadAction","target":["https:\/\/www.solidrenner.com\/de\/la-buona-vernice\/"]}]},{"@type":"BreadcrumbList","@id":"https:\/\/www.solidrenner.com\/de\/la-buona-vernice\/#breadcrumb","itemListElement":[{"@type":"ListItem","position":1,"name":"Home","item":"https:\/\/www.solidrenner.com\/de\/"},{"@type":"ListItem","position":2,"name":"DER GUTE LACK"}]},{"@type":"WebSite","@id":"https:\/\/www.solidrenner.com\/#website","url":"https:\/\/www.solidrenner.com\/","name":"Solid Renner","description":"Le vernici per il parquet di Renner Italia","potentialAction":[{"@type":"SearchAction","target":{"@type":"EntryPoint","urlTemplate":"https:\/\/www.solidrenner.com\/?s={search_term_string}"},"query-input":{"@type":"PropertyValueSpecification","valueRequired":true,"valueName":"search_term_string"}}],"inLanguage":"de-DE"}]}},"_links":{"self":[{"href":"https:\/\/www.solidrenner.com\/de\/wp-json\/wp\/v2\/pages\/1728","targetHints":{"allow":["GET"]}}],"collection":[{"href":"https:\/\/www.solidrenner.com\/de\/wp-json\/wp\/v2\/pages"}],"about":[{"href":"https:\/\/www.solidrenner.com\/de\/wp-json\/wp\/v2\/types\/page"}],"author":[{"embeddable":true,"href":"https:\/\/www.solidrenner.com\/de\/wp-json\/wp\/v2\/users\/1"}],"replies":[{"embeddable":true,"href":"https:\/\/www.solidrenner.com\/de\/wp-json\/wp\/v2\/comments?post=1728"}],"version-history":[{"count":6,"href":"https:\/\/www.solidrenner.com\/de\/wp-json\/wp\/v2\/pages\/1728\/revisions"}],"predecessor-version":[{"id":2702,"href":"https:\/\/www.solidrenner.com\/de\/wp-json\/wp\/v2\/pages\/1728\/revisions\/2702"}],"wp:attachment":[{"href":"https:\/\/www.solidrenner.com\/de\/wp-json\/wp\/v2\/media?parent=1728"}],"curies":[{"name":"wp","href":"https:\/\/api.w.org\/{rel}","templated":true}]}}