{"id":1725,"date":"2015-10-27T13:08:14","date_gmt":"2015-10-27T12:08:14","guid":{"rendered":"https:\/\/www.solidrenner.com\/de\/storia-renner-italia\/"},"modified":"2018-03-08T08:19:33","modified_gmt":"2018-03-08T07:19:33","slug":"storia-renner-italia","status":"publish","type":"page","link":"https:\/\/www.solidrenner.com\/de\/storia-renner-italia\/","title":{"rendered":"UNSERE GESCHICHTE"},"content":{"rendered":"<div class=\"wpb-content-wrapper\">[vc_row fullwidth=&#8221;true&#8221; background_style=&#8221;full&#8221; el_class=&#8221;backgroundtop&#8221;][vc_column offset=&#8221;vc_col-xs-12&#8243; css=&#8221;.vc_custom_1445938100913{padding-top: 200px !important;}&#8221;][vc_custom_heading text=&#8221;UNSERE GESCHICHTE&#8221; font_container=&#8221;tag:h1|text_align:center|color:%23ffffff&#8221; google_fonts=&#8221;font_family:Raleway%3A100%2C200%2C300%2Cregular%2C500%2C600%2C700%2C800%2C900|font_style:800%20bold%20regular%3A800%3Anormal&#8221; el_class=&#8221;semheading&#8221;][vc_custom_heading text=&#8221;der lange Weg unserer Beschichtung&#8221; font_container=&#8221;tag:h4|font_size:22|text_align:center|color:%23ffffff&#8221; google_fonts=&#8221;font_family:Raleway%3A100%2C200%2C300%2Cregular%2C500%2C600%2C700%2C800%2C900|font_style:600%20bold%20regular%3A600%3Anormal&#8221; el_class=&#8221;semsubheading&#8221; css=&#8221;.vc_custom_1477476956592{padding-bottom: 160px !important;}&#8221;][vc_row_inner el_class=&#8221;prevnext&#8221;][vc_column_inner width=&#8221;1\/3&#8243;][vc_btn title=&#8221;GEHE ZU <strong>RENNER ITALIA<\/strong>&#8221; style=&#8221;flat&#8221; shape=&#8221;square&#8221; color=&#8221;green&#8221; align=&#8221;center&#8221; i_type=&#8221;entypo&#8221; i_icon_entypo=&#8221;entypo-icon entypo-icon-left-open-big&#8221; button_block=&#8221;true&#8221; add_icon=&#8221;true&#8221; link=&#8221;url:http%3A%2F%2Fsolidrenner.com%2Fde%2Frenner-italia%2F||&#8221; el_class=&#8221;buttonsolid&#8221;][\/vc_column_inner][vc_column_inner width=&#8221;1\/3&#8243;][\/vc_column_inner][vc_column_inner width=&#8221;1\/3&#8243;][vc_btn title=&#8221;GEHE ZU <strong>DER GUTE LACK<\/strong>&#8221; style=&#8221;flat&#8221; shape=&#8221;square&#8221; color=&#8221;green&#8221; align=&#8221;center&#8221; i_align=&#8221;right&#8221; i_type=&#8221;entypo&#8221; i_icon_entypo=&#8221;entypo-icon entypo-icon-right-open-big&#8221; button_block=&#8221;true&#8221; add_icon=&#8221;true&#8221; link=&#8221;url:http%3A%2F%2Fsolidrenner.com%2Fde%2Fla-buona-vernice%2F||&#8221; el_class=&#8221;buttonsolid&#8221;][\/vc_column_inner][\/vc_row_inner][\/vc_column][\/vc_row][vc_row css=&#8221;.vc_custom_1445874591287{padding-top: 30px !important;}&#8221;][vc_column width=&#8221;5\/6&#8243; css=&#8221;.vc_custom_1445941782096{padding-top: 40px !important;}&#8221;][vc_custom_heading text=&#8221;DIE ANF\u00c4NGE&#8221; font_container=&#8221;tag:h2|font_size:30|text_align:left|color:%23595959|line_height:1&#8243; google_fonts=&#8221;font_family:Raleway%3A100%2C200%2C300%2Cregular%2C500%2C600%2C700%2C800%2C900|font_style:800%20bold%20regular%3A800%3Anormal&#8221;][vc_column_text]Es geschah im Juli 2003. Lindo Aldrovandi wurde in jenem Monat vom multinationalen Konzern gek\u00fcndigt, der seine Firma \u00fcbernommen hatte. Dieser Schritt kam etwas \u00fcberraschend, florierte doch der Handel mit Holzlacken in der Branche w\u00e4hrend der Leitung des aktuellen Gesch\u00e4ftsf\u00fchrers der Renner Italia (von 36 Milliarden alter Lire auf 100 Millionen Euro nach der W\u00e4hrungsunion), und die Firma arbeitete gewinnbringend. Aldrovandi verstand es, sich den Weg zu den ausl\u00e4ndischen M\u00e4rkten zu bahnen, er revolutionierte die gesamte Branche mit Rezepturen f\u00fcr Wasserlacke und arbeitete mit angesehenen Chemikern aus aller Welt zusammen. Damals waren Holzlacke noch haupts\u00e4chlich synonym mit L\u00f6sungsmitteln. Kurz und gut, jene Firma war im Jahr 2003 eine Erfolgsgeschichte.[\/vc_column_text][\/vc_column][vc_column width=&#8221;1\/6&#8243;][\/vc_column][\/vc_row][vc_row css=&#8221;.vc_custom_1445874591287{padding-top: 30px !important;}&#8221;][vc_column width=&#8221;1\/6&#8243;][\/vc_column][vc_column width=&#8221;5\/6&#8243; css=&#8221;.vc_custom_1445941782096{padding-top: 40px !important;}&#8221;][vc_custom_heading text=&#8221;DER TIEFE FALL&#8221; font_container=&#8221;tag:h2|font_size:30|text_align:left|color:%23595959|line_height:1&#8243; google_fonts=&#8221;font_family:Raleway%3A100%2C200%2C300%2Cregular%2C500%2C600%2C700%2C800%2C900|font_style:800%20bold%20regular%3A800%3Anormal&#8221;][vc_column_text]Aber das gen\u00fcgte dem neuen multinationalen Eigent\u00fcmer offensichtlich nicht. Die neuen Besitzer aus den USA hatten andere Ideen und entmachteten den Gesch\u00e4ftsf\u00fchrer de facto. Der Konflikt erreichte den H\u00f6hepunkt mit dem K\u00fcndigungsschreiben f\u00fcr Aldrovandi. Ein schwieriger Moment, voller Spannung und Bitterkeit. Der Unternehmer fand sich jedoch nicht damit ab. Und machte weiter.[\/vc_column_text][\/vc_column][\/vc_row][vc_row css=&#8221;.vc_custom_1445874591287{padding-top: 30px !important;}&#8221;][vc_column width=&#8221;5\/6&#8243; css=&#8221;.vc_custom_1445941782096{padding-top: 40px !important;}&#8221;][vc_custom_heading text=&#8221;DIE WIEDERGEBURT&#8221; font_container=&#8221;tag:h2|font_size:30|text_align:left|color:%23595959|line_height:1&#8243; google_fonts=&#8221;font_family:Raleway%3A100%2C200%2C300%2Cregular%2C500%2C600%2C700%2C800%2C900|font_style:800%20bold%20regular%3A800%3Anormal&#8221;][vc_column_text]Im darauffolgenden Monat traf er eine Vereinbarung mit den Erben von Giancarlo Cocchi, dem Gr\u00fcnder seines ehemaligen Unternehmens. Dieses ist gr\u00f6\u00dfter Aktion\u00e4r der Renner Sayerlack, ein brasilianisches Unternehmen mit Know-how im Bereich Holzlacke und Marktf\u00fchrer in S\u00fcdamerika.<\/p>\n<p>Aus der Vereinbarung der Familie Cocchi und Alexandre Cenacchi ging die Renner Italia hervor. Gesch\u00e4ftsf\u00fchrer wurde, wie konnte es anders sein, Lindo Aldrovandi.[\/vc_column_text][\/vc_column][vc_column width=&#8221;1\/6&#8243;][\/vc_column][\/vc_row][vc_row css=&#8221;.vc_custom_1445874591287{padding-top: 30px !important;}&#8221;][vc_column width=&#8221;1\/6&#8243;][\/vc_column][vc_column width=&#8221;5\/6&#8243; css=&#8221;.vc_custom_1445941782096{padding-top: 40px !important;}&#8221;][vc_custom_heading text=&#8221;DIE TREUEN GEF\u00c4HRTEN&#8221; font_container=&#8221;tag:h2|font_size:30|text_align:left|color:%23595959|line_height:1&#8243; google_fonts=&#8221;font_family:Raleway%3A100%2C200%2C300%2Cregular%2C500%2C600%2C700%2C800%2C900|font_style:800%20bold%20regular%3A800%3Anormal&#8221;][vc_column_text]Bereits im Herbst 2003 beschlie\u00dfen einige treue Mitarbeiter, zu k\u00fcndigen und sich dem Projekt von Aldrovandi anzuschlie\u00dfen. Die Chemiker des Forschungslabors f\u00fcr Lacke auf Wasserbasis sind die ersten, die der neugegr\u00fcndete Firma das Vertrauen schenken. Die Er\u00f6ffnung des neuen Werks erfolgt im Januar 2004 in Minerbio (Bologna). Da sind seit dem Laufpass durch die Amerikaner gerade einmal f\u00fcnf Monate vergangen&#8230;<\/p>\n<p>In den ersten Monaten nach Gr\u00fcndung der Firma k\u00fcndigen Dutzende Angestellte der fr\u00fcheren Firma ihre Stellen, um Aldrovandi und seiner Renner Italia zu folgen, die sich in der Zwischenzeit bereits einen festen Platz in der Holzlackindustrie erobert hat und ein Exzellenzunternehmen der italienischen Chemie repr\u00e4sentiert. Dies entgeht auch dem angesehenen Institut f\u00fcr Business Information Databank \u2013 Cerved Group nicht, das der Renner Italia in den Jahren 2011, 2012 und 2014 die Auszeichnung \u201cCompany to Watch\u201d im Sektor der Industrielacke verleiht.[\/vc_column_text][\/vc_column][\/vc_row][vc_row css=&#8221;.vc_custom_1445874591287{padding-top: 30px !important;}&#8221;][vc_column width=&#8221;5\/6&#8243; css=&#8221;.vc_custom_1445941782096{padding-top: 40px !important;}&#8221;][vc_custom_heading text=&#8221;DIE ERSTEN ZEHN JAHRE&#8221; font_container=&#8221;tag:h2|font_size:30|text_align:left|color:%23595959|line_height:1&#8243; google_fonts=&#8221;font_family:Raleway%3A100%2C200%2C300%2Cregular%2C500%2C600%2C700%2C800%2C900|font_style:800%20bold%20regular%3A800%3Anormal&#8221;][vc_column_text]Im Laufe der ersten zehn Jahre scheint die gesamte Renner Italia die Unempfindlichkeit Aldrovandis gegen\u00fcber erlittener Ungerechtigkeit verinnerlicht zu haben. Die Firma erfreut sich gro\u00dfen Zuspruchs, nicht nur vonseiten der Angestellten, die 2015 auf 250 anwachsen, sondern auch von Kundenseite. In der Zwischenzeit l\u00e4sst Aldrovandi keine Gelegenheit aus, die Branche zu revolutionieren.<\/p>\n<p>Seit dem Jahr 2009 kann man seine Handschrift auch in den Arbeitsbeziehungen und der sozialen Verantwortung des Unternehmens erkennen, was insbesondere das Umweltengagement und die Gehaltsbedingungen der Angestellten von Renner Italia anbetrifft.<\/p>\n<p>So zahlt Renner Italia auf Betreiben von Aldrovandi seit Gr\u00fcndung den 14. Monatslohn (den nicht einmal die Gewerkschaft Cnl vorsieht). Seit 2009 l\u00e4uft in Minerbio eine Initiative f\u00fcr die Verteilung von Teilen des Gewinns. Seit 2012 erhalten die Angestellten von Renner Italia in ihren Gehaltsabrechnungen auch 50% der Energieeinsparungen verrechnet.<\/p>\n<p>Zu unseren Initiativen zur Vermeidung von Energie- und Materialverschwendung tragen alle Mitarbeiter von Renner Italia in ihren t\u00e4glichen Verrichtungen bei. Im Jahr 2013 kam jedem Angestellten von Renner ein Bonus von 2.150 \u20ac, im Jahr 2014 von 3.500 \u20ac und 2015 von 2.750 \u20ac zugute.<\/p>\n<p>Ende 2012 wird die Renner Italia-Initiative &#8220;Ein Monatsgehalt mehr gegen die Krise&#8221; mit der angesehenen Auszeichnung &#8220;Premio Impresa Ambiente&#8221; geehrt, die vom Ministerium f\u00fcr Umwelt und der Handelskammer Rom vergeben wird.[\/vc_column_text][\/vc_column][vc_column width=&#8221;1\/6&#8243;][\/vc_column][\/vc_row][vc_row css=&#8221;.vc_custom_1445874591287{padding-top: 30px !important;}&#8221;][vc_column width=&#8221;1\/6&#8243;][\/vc_column][vc_column width=&#8221;5\/6&#8243; css=&#8221;.vc_custom_1445941782096{padding-top: 40px !important;}&#8221;][vc_custom_heading text=&#8221;RENNER ITALIA UND LINDO ALDROVANDI&#8221; font_container=&#8221;tag:h2|font_size:30|text_align:left|color:%23595959|line_height:1&#8243; google_fonts=&#8221;font_family:Raleway%3A100%2C200%2C300%2Cregular%2C500%2C600%2C700%2C800%2C900|font_style:800%20bold%20regular%3A800%3Anormal&#8221;][vc_column_text]Die Geschichte von Renner ist die Geschichte von Lindo Aldrovandi, einem Unternehmer, der der arbeitssamen emilianischen Provinz entspringt und schon immer von einem Wertesystem bester italienischer Wesensart angetrieben wurde.<\/p>\n<p>Sohn eines als Partisan aktiven Carabiniere und einer Hausfrau war er in der Lage, sich von einem schweren Schlag zu erholen und daraus Kraft und Lehren zu sch\u00f6pfen.<\/p>\n<p>Nicht zuletzt, um eine solidarische Firma mit ausgepr\u00e4gt ethischer Dimension und transparenter Leitung zu gr\u00fcnden. [\/vc_column_text][\/vc_column][\/vc_row]\n<\/div>","protected":false},"excerpt":{"rendered":"<p>[vc_row fullwidth=&#8221;true&#8221; background_style=&#8221;full&#8221; el_class=&#8221;backgroundtop&#8221;][vc_column offset=&#8221;vc_col-xs-12&#8243; css=&#8221;.vc_custom_1445938100913{padding-top: 200px !important;}&#8221;][vc_custom_heading text=&#8221;UNSERE GESCHICHTE&#8221; font_container=&#8221;tag:h1|text_align:center|color:%23ffffff&#8221; google_fonts=&#8221;font_family:Raleway%3A100%2C200%2C300%2Cregular%2C500%2C600%2C700%2C800%2C900|font_style:800%20bold%20regular%3A800%3Anormal&#8221; el_class=&#8221;semheading&#8221;][vc_custom_heading text=&#8221;der lange Weg unserer Beschichtung&#8221; font_container=&#8221;tag:h4|font_size:22|text_align:center|color:%23ffffff&#8221; google_fonts=&#8221;font_family:Raleway%3A100%2C200%2C300%2Cregular%2C500%2C600%2C700%2C800%2C900|font_style:600%20bold%20regular%3A600%3Anormal&#8221; el_class=&#8221;semsubheading&#8221; css=&#8221;.vc_custom_1477476956592{padding-bottom: 160px !important;}&#8221;][vc_row_inner el_class=&#8221;prevnext&#8221;][vc_column_inner width=&#8221;1\/3&#8243;][vc_btn title=&#8221;GEHE ZU RENNER ITALIA&#8221; style=&#8221;flat&#8221; shape=&#8221;square&#8221; color=&#8221;green&#8221; align=&#8221;center&#8221; i_type=&#8221;entypo&#8221; i_icon_entypo=&#8221;entypo-icon entypo-icon-left-open-big&#8221; button_block=&#8221;true&#8221; add_icon=&#8221;true&#8221; link=&#8221;url:http%3A%2F%2Fsolidrenner.com%2Fde%2Frenner-italia%2F||&#8221; el_class=&#8221;buttonsolid&#8221;][\/vc_column_inner][vc_column_inner width=&#8221;1\/3&#8243;][\/vc_column_inner][vc_column_inner width=&#8221;1\/3&#8243;][vc_btn title=&#8221;GEHE ZU DER GUTE LACK&#8221; style=&#8221;flat&#8221; shape=&#8221;square&#8221; color=&#8221;green&#8221; align=&#8221;center&#8221; i_align=&#8221;right&#8221; i_type=&#8221;entypo&#8221; i_icon_entypo=&#8221;entypo-icon [&hellip;]<\/p>\n","protected":false},"author":1,"featured_media":0,"parent":0,"menu_order":0,"comment_status":"closed","ping_status":"open","template":"","meta":{"footnotes":""},"class_list":["post-1725","page","type-page","status-publish","hentry"],"yoast_head":"<!-- This site is optimized with the Yoast SEO plugin v26.6 - https:\/\/yoast.com\/wordpress\/plugins\/seo\/ -->\n<title>LA NOSTRA STORIA - Vernici Parquet Solid Renner<\/title>\n<meta name=\"description\" content=\"La storia di Renner Italia \u00e8 la storia di un imprenditore nato nella laboriosa provincia emiliana e nutrito da un sistema di valori dell\u2019italianit\u00e0 migliore\" \/>\n<meta name=\"robots\" content=\"index, follow, max-snippet:-1, max-image-preview:large, max-video-preview:-1\" \/>\n<link rel=\"canonical\" href=\"https:\/\/www.solidrenner.com\/de\/storia-renner-italia\/\" \/>\n<meta property=\"og:locale\" content=\"de_DE\" \/>\n<meta property=\"og:type\" content=\"article\" \/>\n<meta property=\"og:title\" content=\"LA NOSTRA STORIA - Vernici Parquet Solid Renner\" \/>\n<meta property=\"og:description\" content=\"La storia di Renner Italia \u00e8 la storia di un imprenditore nato nella laboriosa provincia emiliana e nutrito da un sistema di valori dell\u2019italianit\u00e0 migliore\" \/>\n<meta property=\"og:url\" content=\"https:\/\/www.solidrenner.com\/de\/storia-renner-italia\/\" \/>\n<meta property=\"og:site_name\" content=\"Solid Renner\" \/>\n<meta property=\"article:modified_time\" content=\"2018-03-08T07:19:33+00:00\" \/>\n<meta name=\"twitter:card\" content=\"summary_large_image\" \/>\n<meta name=\"twitter:label1\" content=\"Est. reading time\" \/>\n\t<meta name=\"twitter:data1\" content=\"7 minutes\" \/>\n<script type=\"application\/ld+json\" class=\"yoast-schema-graph\">{\"@context\":\"https:\/\/schema.org\",\"@graph\":[{\"@type\":\"WebPage\",\"@id\":\"https:\/\/www.solidrenner.com\/de\/storia-renner-italia\/\",\"url\":\"https:\/\/www.solidrenner.com\/de\/storia-renner-italia\/\",\"name\":\"LA NOSTRA STORIA - Vernici Parquet Solid Renner\",\"isPartOf\":{\"@id\":\"https:\/\/www.solidrenner.com\/#website\"},\"datePublished\":\"2015-10-27T12:08:14+00:00\",\"dateModified\":\"2018-03-08T07:19:33+00:00\",\"description\":\"La storia di Renner Italia \u00e8 la storia di un imprenditore nato nella laboriosa provincia emiliana e nutrito da un sistema di valori dell\u2019italianit\u00e0 migliore\",\"breadcrumb\":{\"@id\":\"https:\/\/www.solidrenner.com\/de\/storia-renner-italia\/#breadcrumb\"},\"inLanguage\":\"de-DE\",\"potentialAction\":[{\"@type\":\"ReadAction\",\"target\":[\"https:\/\/www.solidrenner.com\/de\/storia-renner-italia\/\"]}]},{\"@type\":\"BreadcrumbList\",\"@id\":\"https:\/\/www.solidrenner.com\/de\/storia-renner-italia\/#breadcrumb\",\"itemListElement\":[{\"@type\":\"ListItem\",\"position\":1,\"name\":\"Home\",\"item\":\"https:\/\/www.solidrenner.com\/de\/\"},{\"@type\":\"ListItem\",\"position\":2,\"name\":\"UNSERE GESCHICHTE\"}]},{\"@type\":\"WebSite\",\"@id\":\"https:\/\/www.solidrenner.com\/#website\",\"url\":\"https:\/\/www.solidrenner.com\/\",\"name\":\"Solid Renner\",\"description\":\"Le vernici per il parquet di Renner Italia\",\"potentialAction\":[{\"@type\":\"SearchAction\",\"target\":{\"@type\":\"EntryPoint\",\"urlTemplate\":\"https:\/\/www.solidrenner.com\/?s={search_term_string}\"},\"query-input\":{\"@type\":\"PropertyValueSpecification\",\"valueRequired\":true,\"valueName\":\"search_term_string\"}}],\"inLanguage\":\"de-DE\"}]}<\/script>\n<!-- \/ Yoast SEO plugin. -->","yoast_head_json":{"title":"LA NOSTRA STORIA - Vernici Parquet Solid Renner","description":"La storia di Renner Italia \u00e8 la storia di un imprenditore nato nella laboriosa provincia emiliana e nutrito da un sistema di valori dell\u2019italianit\u00e0 migliore","robots":{"index":"index","follow":"follow","max-snippet":"max-snippet:-1","max-image-preview":"max-image-preview:large","max-video-preview":"max-video-preview:-1"},"canonical":"https:\/\/www.solidrenner.com\/de\/storia-renner-italia\/","og_locale":"de_DE","og_type":"article","og_title":"LA NOSTRA STORIA - Vernici Parquet Solid Renner","og_description":"La storia di Renner Italia \u00e8 la storia di un imprenditore nato nella laboriosa provincia emiliana e nutrito da un sistema di valori dell\u2019italianit\u00e0 migliore","og_url":"https:\/\/www.solidrenner.com\/de\/storia-renner-italia\/","og_site_name":"Solid Renner","article_modified_time":"2018-03-08T07:19:33+00:00","twitter_card":"summary_large_image","twitter_misc":{"Est. reading time":"7 minutes"},"schema":{"@context":"https:\/\/schema.org","@graph":[{"@type":"WebPage","@id":"https:\/\/www.solidrenner.com\/de\/storia-renner-italia\/","url":"https:\/\/www.solidrenner.com\/de\/storia-renner-italia\/","name":"LA NOSTRA STORIA - Vernici Parquet Solid Renner","isPartOf":{"@id":"https:\/\/www.solidrenner.com\/#website"},"datePublished":"2015-10-27T12:08:14+00:00","dateModified":"2018-03-08T07:19:33+00:00","description":"La storia di Renner Italia \u00e8 la storia di un imprenditore nato nella laboriosa provincia emiliana e nutrito da un sistema di valori dell\u2019italianit\u00e0 migliore","breadcrumb":{"@id":"https:\/\/www.solidrenner.com\/de\/storia-renner-italia\/#breadcrumb"},"inLanguage":"de-DE","potentialAction":[{"@type":"ReadAction","target":["https:\/\/www.solidrenner.com\/de\/storia-renner-italia\/"]}]},{"@type":"BreadcrumbList","@id":"https:\/\/www.solidrenner.com\/de\/storia-renner-italia\/#breadcrumb","itemListElement":[{"@type":"ListItem","position":1,"name":"Home","item":"https:\/\/www.solidrenner.com\/de\/"},{"@type":"ListItem","position":2,"name":"UNSERE GESCHICHTE"}]},{"@type":"WebSite","@id":"https:\/\/www.solidrenner.com\/#website","url":"https:\/\/www.solidrenner.com\/","name":"Solid Renner","description":"Le vernici per il parquet di Renner Italia","potentialAction":[{"@type":"SearchAction","target":{"@type":"EntryPoint","urlTemplate":"https:\/\/www.solidrenner.com\/?s={search_term_string}"},"query-input":{"@type":"PropertyValueSpecification","valueRequired":true,"valueName":"search_term_string"}}],"inLanguage":"de-DE"}]}},"_links":{"self":[{"href":"https:\/\/www.solidrenner.com\/de\/wp-json\/wp\/v2\/pages\/1725","targetHints":{"allow":["GET"]}}],"collection":[{"href":"https:\/\/www.solidrenner.com\/de\/wp-json\/wp\/v2\/pages"}],"about":[{"href":"https:\/\/www.solidrenner.com\/de\/wp-json\/wp\/v2\/types\/page"}],"author":[{"embeddable":true,"href":"https:\/\/www.solidrenner.com\/de\/wp-json\/wp\/v2\/users\/1"}],"replies":[{"embeddable":true,"href":"https:\/\/www.solidrenner.com\/de\/wp-json\/wp\/v2\/comments?post=1725"}],"version-history":[{"count":5,"href":"https:\/\/www.solidrenner.com\/de\/wp-json\/wp\/v2\/pages\/1725\/revisions"}],"predecessor-version":[{"id":2688,"href":"https:\/\/www.solidrenner.com\/de\/wp-json\/wp\/v2\/pages\/1725\/revisions\/2688"}],"wp:attachment":[{"href":"https:\/\/www.solidrenner.com\/de\/wp-json\/wp\/v2\/media?parent=1725"}],"curies":[{"name":"wp","href":"https:\/\/api.w.org\/{rel}","templated":true}]}}