{"id":1723,"date":"2015-10-27T12:56:30","date_gmt":"2015-10-27T11:56:30","guid":{"rendered":"https:\/\/www.solidrenner.com\/de\/renner-italia\/"},"modified":"2018-03-08T07:46:26","modified_gmt":"2018-03-08T06:46:26","slug":"renner-italia","status":"publish","type":"page","link":"https:\/\/www.solidrenner.com\/de\/renner-italia\/","title":{"rendered":"RENNER ITALIA"},"content":{"rendered":"<div class=\"wpb-content-wrapper\">[vc_row fullwidth=&#8221;true&#8221; background_style=&#8221;full&#8221; el_class=&#8221;backgroundtop&#8221;][vc_column offset=&#8221;vc_col-xs-12&#8243; css=&#8221;.vc_custom_1445938100913{padding-top: 200px !important;}&#8221;][vc_custom_heading text=&#8221;RENNER ITALIA&#8221; font_container=&#8221;tag:h1|text_align:center|color:%23ffffff&#8221; google_fonts=&#8221;font_family:Raleway%3A100%2C200%2C300%2Cregular%2C500%2C600%2C700%2C800%2C900|font_style:800%20bold%20regular%3A800%3Anormal&#8221; el_class=&#8221;semheading&#8221;][vc_custom_heading text=&#8221;Hi-Tech-Beschichtungen f\u00fcr Holz&#8221; font_container=&#8221;tag:h4|font_size:22|text_align:center|color:%23ffffff&#8221; google_fonts=&#8221;font_family:Raleway%3A100%2C200%2C300%2Cregular%2C500%2C600%2C700%2C800%2C900|font_style:600%20bold%20regular%3A600%3Anormal&#8221; el_class=&#8221;semsubheading&#8221; css=&#8221;.vc_custom_1477476628019{padding-bottom: 160px !important;}&#8221;][vc_row_inner el_class=&#8221;prevnext&#8221;][vc_column_inner width=&#8221;1\/3&#8243;][vc_btn title=&#8221;GEHE ZU <strong>DER GUTE LACK<\/strong>&#8221; style=&#8221;flat&#8221; shape=&#8221;square&#8221; color=&#8221;green&#8221; align=&#8221;center&#8221; i_type=&#8221;entypo&#8221; i_icon_entypo=&#8221;entypo-icon entypo-icon-left-open-big&#8221; button_block=&#8221;true&#8221; add_icon=&#8221;true&#8221; link=&#8221;url:http%3A%2F%2Fsolidrenner.com%2Fde%2Fla-buona-vernice%2F||&#8221; el_class=&#8221;buttonsolid&#8221;][\/vc_column_inner][vc_column_inner width=&#8221;1\/3&#8243;][\/vc_column_inner][vc_column_inner width=&#8221;1\/3&#8243;][vc_btn title=&#8221;GEHE ZU <strong>UNSERE GESCHICHTE<\/strong>&#8221; style=&#8221;flat&#8221; shape=&#8221;square&#8221; color=&#8221;green&#8221; align=&#8221;center&#8221; i_align=&#8221;right&#8221; i_type=&#8221;entypo&#8221; i_icon_entypo=&#8221;entypo-icon entypo-icon-right-open-big&#8221; button_block=&#8221;true&#8221; add_icon=&#8221;true&#8221; link=&#8221;url:http%3A%2F%2Fsolidrenner.com%2Fde%2Fla-nostra-storia%2F||&#8221; el_class=&#8221;buttonsolid&#8221;][\/vc_column_inner][\/vc_row_inner][\/vc_column][\/vc_row][vc_row css=&#8221;.vc_custom_1445874591287{padding-top: 30px !important;}&#8221;][vc_column][vc_column_text]Die Parkettlacke Solid werden von Renner Italia hergestellt, ein multinationaler Konzern f\u00fcr Holzlacke mit Sitz in Minerbio (Bologna).<br \/>\nRenner Italia ist ein stark expandierendes Unternehmen mit \u00f6kologischer Ausrichtung, dessen Rezepturen f\u00fcr Holzlacke allen Qualit\u00e4tsbestimmungen vollauf gerecht werden.<\/p>\n<p>Renner Italia ist Teil des Konzerns Renner Herrmann.<\/p>\n<p>Mit fast einem Jahrhundert Geschichte besitzt der Konzern Renner Herrmann mittlerweile eine internationale Dimension und beliefert unterschiedlichste Branchen.<\/p>\n<p>Der Gr\u00fcndungsstein der Renner Herrmann S.A. wurde in Porto Alegre, Brasilien, gelegt, wo sich noch heute der Stammsitz des Unternehmens befindet.<\/p>\n<p>Anfangs konzentrierte sich die T\u00e4tigkeit der Firma ausschlie\u00dflich auf die Rezeptur und Produktion von Holzlacken, ein Sektor, der auch heute noch die ma\u00dfgebliche Umsatzquelle der Gruppe ausmacht.<\/p>\n<p>Heute z\u00e4hlt Renner Herrmann S.A. 2000 Angestellte und genie\u00dft einen hervorragenden Ruf in sehr unterschiedlichen Marktsegmenten wie Metallverpackungen, Wiederaufforstung, Milcherzeugnissen, M\u00f6bel und Bauholz.<\/p>\n<p>Mit 10 Werken in 6 L\u00e4ndern und \u00fcber Vertriebskan\u00e4le, die in 65 Nationen pr\u00e4sent sind, zeichnen sich die Unternehmen der Renner Herrmann S.A. nicht f\u00fcr die unleugbare Qualit\u00e4t ihrer Produkte, sondern auch die \u00f6kologische Nachhaltigkeit derselben aus.<\/p>\n<p>Entdecken Sie das Produktsortiment von Renner Italia[\/vc_column_text][\/vc_column][\/vc_row][vc_row][vc_column width=&#8221;1\/3&#8243;][vc_single_image image=&#8221;733&#8243; img_size=&#8221;full&#8221; alignment=&#8221;center&#8221; onclick=&#8221;custom_link&#8221; img_link_target=&#8221;_blank&#8221; css_animation=&#8221;top-to-bottom&#8221; link=&#8221;http:\/\/renneritalia.com\/&#8221; el_class=&#8221;logolink&#8221;][\/vc_column][vc_column width=&#8221;1\/3&#8243;][vc_single_image image=&#8221;735&#8243; img_size=&#8221;full&#8221; alignment=&#8221;center&#8221; onclick=&#8221;custom_link&#8221; img_link_target=&#8221;_blank&#8221; css_animation=&#8221;top-to-bottom&#8221; link=&#8221;http:\/\/vernicifirewall.it\/&#8221; el_class=&#8221;logolink&#8221;][\/vc_column][vc_column width=&#8221;1\/3&#8243;][vc_single_image image=&#8221;736&#8243; img_size=&#8221;full&#8221; alignment=&#8221;center&#8221; onclick=&#8221;custom_link&#8221; img_link_target=&#8221;_blank&#8221; css_animation=&#8221;top-to-bottom&#8221; link=&#8221;http:\/\/vernicirioverde.it\/&#8221; el_class=&#8221;logolink&#8221;][\/vc_column][\/vc_row]\n<\/div>","protected":false},"excerpt":{"rendered":"<p>[vc_row fullwidth=&#8221;true&#8221; background_style=&#8221;full&#8221; el_class=&#8221;backgroundtop&#8221;][vc_column offset=&#8221;vc_col-xs-12&#8243; css=&#8221;.vc_custom_1445938100913{padding-top: 200px !important;}&#8221;][vc_custom_heading text=&#8221;RENNER ITALIA&#8221; font_container=&#8221;tag:h1|text_align:center|color:%23ffffff&#8221; google_fonts=&#8221;font_family:Raleway%3A100%2C200%2C300%2Cregular%2C500%2C600%2C700%2C800%2C900|font_style:800%20bold%20regular%3A800%3Anormal&#8221; el_class=&#8221;semheading&#8221;][vc_custom_heading text=&#8221;Hi-Tech-Beschichtungen f\u00fcr Holz&#8221; font_container=&#8221;tag:h4|font_size:22|text_align:center|color:%23ffffff&#8221; google_fonts=&#8221;font_family:Raleway%3A100%2C200%2C300%2Cregular%2C500%2C600%2C700%2C800%2C900|font_style:600%20bold%20regular%3A600%3Anormal&#8221; el_class=&#8221;semsubheading&#8221; css=&#8221;.vc_custom_1477476628019{padding-bottom: 160px !important;}&#8221;][vc_row_inner el_class=&#8221;prevnext&#8221;][vc_column_inner width=&#8221;1\/3&#8243;][vc_btn title=&#8221;GEHE ZU DER GUTE LACK&#8221; style=&#8221;flat&#8221; shape=&#8221;square&#8221; color=&#8221;green&#8221; align=&#8221;center&#8221; i_type=&#8221;entypo&#8221; i_icon_entypo=&#8221;entypo-icon entypo-icon-left-open-big&#8221; button_block=&#8221;true&#8221; add_icon=&#8221;true&#8221; link=&#8221;url:http%3A%2F%2Fsolidrenner.com%2Fde%2Fla-buona-vernice%2F||&#8221; el_class=&#8221;buttonsolid&#8221;][\/vc_column_inner][vc_column_inner width=&#8221;1\/3&#8243;][\/vc_column_inner][vc_column_inner width=&#8221;1\/3&#8243;][vc_btn title=&#8221;GEHE ZU UNSERE GESCHICHTE&#8221; style=&#8221;flat&#8221; shape=&#8221;square&#8221; color=&#8221;green&#8221; align=&#8221;center&#8221; i_align=&#8221;right&#8221; i_type=&#8221;entypo&#8221; i_icon_entypo=&#8221;entypo-icon entypo-icon-right-open-big&#8221; button_block=&#8221;true&#8221; [&hellip;]<\/p>\n","protected":false},"author":1,"featured_media":0,"parent":0,"menu_order":0,"comment_status":"closed","ping_status":"open","template":"","meta":{"footnotes":""},"class_list":["post-1723","page","type-page","status-publish","hentry"],"yoast_head":"<!-- This site is optimized with the Yoast SEO plugin v26.6 - https:\/\/yoast.com\/wordpress\/plugins\/seo\/ -->\n<title>RENNER ITALIA - Vernici Parquet Solid Renner<\/title>\n<meta name=\"description\" content=\"Renner Italia \u00e8 un\u2019 azienda con una profonda vocazione ambientalista che formula vernici per legno rispondendo ai requisiti della qualit\u00e0 totale\" \/>\n<meta name=\"robots\" content=\"index, follow, max-snippet:-1, max-image-preview:large, max-video-preview:-1\" \/>\n<link rel=\"canonical\" href=\"https:\/\/www.solidrenner.com\/renner-italia\/\" \/>\n<meta property=\"og:locale\" content=\"de_DE\" \/>\n<meta property=\"og:type\" content=\"article\" \/>\n<meta property=\"og:title\" content=\"RENNER ITALIA - Vernici Parquet Solid Renner\" \/>\n<meta property=\"og:description\" content=\"Renner Italia \u00e8 un\u2019 azienda con una profonda vocazione ambientalista che formula vernici per legno rispondendo ai requisiti della qualit\u00e0 totale\" \/>\n<meta property=\"og:url\" content=\"https:\/\/www.solidrenner.com\/renner-italia\/\" \/>\n<meta property=\"og:site_name\" content=\"Solid Renner\" \/>\n<meta property=\"article:modified_time\" content=\"2018-03-08T06:46:26+00:00\" \/>\n<meta name=\"twitter:card\" content=\"summary_large_image\" \/>\n<meta name=\"twitter:label1\" content=\"Est. reading time\" \/>\n\t<meta name=\"twitter:data1\" content=\"3 minutes\" \/>\n<script type=\"application\/ld+json\" class=\"yoast-schema-graph\">{\"@context\":\"https:\/\/schema.org\",\"@graph\":[{\"@type\":\"WebPage\",\"@id\":\"https:\/\/www.solidrenner.com\/renner-italia\/\",\"url\":\"https:\/\/www.solidrenner.com\/renner-italia\/\",\"name\":\"RENNER ITALIA - Vernici Parquet Solid Renner\",\"isPartOf\":{\"@id\":\"https:\/\/www.solidrenner.com\/#website\"},\"datePublished\":\"2015-10-27T11:56:30+00:00\",\"dateModified\":\"2018-03-08T06:46:26+00:00\",\"description\":\"Renner Italia \u00e8 un\u2019 azienda con una profonda vocazione ambientalista che formula vernici per legno rispondendo ai requisiti della qualit\u00e0 totale\",\"breadcrumb\":{\"@id\":\"https:\/\/www.solidrenner.com\/renner-italia\/#breadcrumb\"},\"inLanguage\":\"de-DE\",\"potentialAction\":[{\"@type\":\"ReadAction\",\"target\":[\"https:\/\/www.solidrenner.com\/renner-italia\/\"]}]},{\"@type\":\"BreadcrumbList\",\"@id\":\"https:\/\/www.solidrenner.com\/renner-italia\/#breadcrumb\",\"itemListElement\":[{\"@type\":\"ListItem\",\"position\":1,\"name\":\"Home\",\"item\":\"https:\/\/www.solidrenner.com\/de\/\"},{\"@type\":\"ListItem\",\"position\":2,\"name\":\"RENNER ITALIA\"}]},{\"@type\":\"WebSite\",\"@id\":\"https:\/\/www.solidrenner.com\/#website\",\"url\":\"https:\/\/www.solidrenner.com\/\",\"name\":\"Solid Renner\",\"description\":\"Le vernici per il parquet di Renner Italia\",\"potentialAction\":[{\"@type\":\"SearchAction\",\"target\":{\"@type\":\"EntryPoint\",\"urlTemplate\":\"https:\/\/www.solidrenner.com\/?s={search_term_string}\"},\"query-input\":{\"@type\":\"PropertyValueSpecification\",\"valueRequired\":true,\"valueName\":\"search_term_string\"}}],\"inLanguage\":\"de-DE\"}]}<\/script>\n<!-- \/ Yoast SEO plugin. -->","yoast_head_json":{"title":"RENNER ITALIA - Vernici Parquet Solid Renner","description":"Renner Italia \u00e8 un\u2019 azienda con una profonda vocazione ambientalista che formula vernici per legno rispondendo ai requisiti della qualit\u00e0 totale","robots":{"index":"index","follow":"follow","max-snippet":"max-snippet:-1","max-image-preview":"max-image-preview:large","max-video-preview":"max-video-preview:-1"},"canonical":"https:\/\/www.solidrenner.com\/renner-italia\/","og_locale":"de_DE","og_type":"article","og_title":"RENNER ITALIA - Vernici Parquet Solid Renner","og_description":"Renner Italia \u00e8 un\u2019 azienda con una profonda vocazione ambientalista che formula vernici per legno rispondendo ai requisiti della qualit\u00e0 totale","og_url":"https:\/\/www.solidrenner.com\/renner-italia\/","og_site_name":"Solid Renner","article_modified_time":"2018-03-08T06:46:26+00:00","twitter_card":"summary_large_image","twitter_misc":{"Est. reading time":"3 minutes"},"schema":{"@context":"https:\/\/schema.org","@graph":[{"@type":"WebPage","@id":"https:\/\/www.solidrenner.com\/renner-italia\/","url":"https:\/\/www.solidrenner.com\/renner-italia\/","name":"RENNER ITALIA - Vernici Parquet Solid Renner","isPartOf":{"@id":"https:\/\/www.solidrenner.com\/#website"},"datePublished":"2015-10-27T11:56:30+00:00","dateModified":"2018-03-08T06:46:26+00:00","description":"Renner Italia \u00e8 un\u2019 azienda con una profonda vocazione ambientalista che formula vernici per legno rispondendo ai requisiti della qualit\u00e0 totale","breadcrumb":{"@id":"https:\/\/www.solidrenner.com\/renner-italia\/#breadcrumb"},"inLanguage":"de-DE","potentialAction":[{"@type":"ReadAction","target":["https:\/\/www.solidrenner.com\/renner-italia\/"]}]},{"@type":"BreadcrumbList","@id":"https:\/\/www.solidrenner.com\/renner-italia\/#breadcrumb","itemListElement":[{"@type":"ListItem","position":1,"name":"Home","item":"https:\/\/www.solidrenner.com\/de\/"},{"@type":"ListItem","position":2,"name":"RENNER ITALIA"}]},{"@type":"WebSite","@id":"https:\/\/www.solidrenner.com\/#website","url":"https:\/\/www.solidrenner.com\/","name":"Solid Renner","description":"Le vernici per il parquet di Renner Italia","potentialAction":[{"@type":"SearchAction","target":{"@type":"EntryPoint","urlTemplate":"https:\/\/www.solidrenner.com\/?s={search_term_string}"},"query-input":{"@type":"PropertyValueSpecification","valueRequired":true,"valueName":"search_term_string"}}],"inLanguage":"de-DE"}]}},"_links":{"self":[{"href":"https:\/\/www.solidrenner.com\/de\/wp-json\/wp\/v2\/pages\/1723","targetHints":{"allow":["GET"]}}],"collection":[{"href":"https:\/\/www.solidrenner.com\/de\/wp-json\/wp\/v2\/pages"}],"about":[{"href":"https:\/\/www.solidrenner.com\/de\/wp-json\/wp\/v2\/types\/page"}],"author":[{"embeddable":true,"href":"https:\/\/www.solidrenner.com\/de\/wp-json\/wp\/v2\/users\/1"}],"replies":[{"embeddable":true,"href":"https:\/\/www.solidrenner.com\/de\/wp-json\/wp\/v2\/comments?post=1723"}],"version-history":[{"count":4,"href":"https:\/\/www.solidrenner.com\/de\/wp-json\/wp\/v2\/pages\/1723\/revisions"}],"predecessor-version":[{"id":2682,"href":"https:\/\/www.solidrenner.com\/de\/wp-json\/wp\/v2\/pages\/1723\/revisions\/2682"}],"wp:attachment":[{"href":"https:\/\/www.solidrenner.com\/de\/wp-json\/wp\/v2\/media?parent=1723"}],"curies":[{"name":"wp","href":"https:\/\/api.w.org\/{rel}","templated":true}]}}