{"id":1717,"date":"2015-10-27T11:55:34","date_gmt":"2015-10-27T10:55:34","guid":{"rendered":"https:\/\/www.solidrenner.com\/de\/hi-tech-quality\/"},"modified":"2018-03-08T07:26:40","modified_gmt":"2018-03-08T06:26:40","slug":"hi-tech-quality","status":"publish","type":"page","link":"https:\/\/www.solidrenner.com\/de\/hi-tech-quality\/","title":{"rendered":"HI-TECH QUALITY"},"content":{"rendered":"<div class=\"wpb-content-wrapper\">[vc_row fullwidth=&#8221;true&#8221; background_style=&#8221;full&#8221; el_class=&#8221;backgroundtop&#8221;][vc_column offset=&#8221;vc_col-xs-12&#8243; css=&#8221;.vc_custom_1445938100913{padding-top: 200px !important;}&#8221;][vc_custom_heading text=&#8221;HI-TECH QUALITY&#8221; font_container=&#8221;tag:h1|text_align:center|color:%23ffffff&#8221; google_fonts=&#8221;font_family:Raleway%3A100%2C200%2C300%2Cregular%2C500%2C600%2C700%2C800%2C900|font_style:800%20bold%20regular%3A800%3Anormal&#8221; el_class=&#8221;semheading&#8221;][vc_custom_heading text=&#8221;chemie made in Italy&#8221; font_container=&#8221;tag:h4|font_size:22|text_align:center|color:%23ffffff&#8221; google_fonts=&#8221;font_family:Raleway%3A100%2C200%2C300%2Cregular%2C500%2C600%2C700%2C800%2C900|font_style:600%20bold%20regular%3A600%3Anormal&#8221; el_class=&#8221;semsubheading&#8221;][vc_single_image image=&#8221;706&#8243; img_size=&#8221;full&#8221; alignment=&#8221;center&#8221; css_animation=&#8221;top-to-bottom&#8221; el_class=&#8221;logorennerlab&#8221;][vc_row_inner el_class=&#8221;prevnext&#8221;][vc_column_inner width=&#8221;1\/3&#8243;][vc_btn title=&#8221;GEHE ZU <strong>KINDGERECHT<\/strong>&#8221; style=&#8221;flat&#8221; shape=&#8221;square&#8221; color=&#8221;green&#8221; align=&#8221;center&#8221; i_type=&#8221;entypo&#8221; i_icon_entypo=&#8221;entypo-icon entypo-icon-left-open-big&#8221; button_block=&#8221;true&#8221; add_icon=&#8221;true&#8221; link=&#8221;url:http%3A%2F%2Fsolidrenner.com%2Fde%2Fa-misura-di-bambino%2F||&#8221; el_class=&#8221;buttonsolid&#8221;][\/vc_column_inner][vc_column_inner width=&#8221;1\/3&#8243;][\/vc_column_inner][vc_column_inner width=&#8221;1\/3&#8243;][vc_btn title=&#8221;GEHE ZU <strong>UV+ PROTECTION<\/strong>&#8221; style=&#8221;flat&#8221; shape=&#8221;square&#8221; color=&#8221;green&#8221; align=&#8221;center&#8221; i_align=&#8221;right&#8221; i_type=&#8221;entypo&#8221; i_icon_entypo=&#8221;entypo-icon entypo-icon-right-open-big&#8221; button_block=&#8221;true&#8221; add_icon=&#8221;true&#8221; link=&#8221;url:http%3A%2F%2Fsolidrenner.com%2Fde%2Fuv-protection%2F||&#8221; el_class=&#8221;buttonsolid&#8221;][\/vc_column_inner][\/vc_row_inner][\/vc_column][\/vc_row][vc_row css=&#8221;.vc_custom_1445874591287{padding-top: 30px !important;}&#8221;][vc_column][vc_column_text]Mit Solid kommt die Hi-Tech-Qualit\u00e4t aus dem Renner-Labor in der Welt der Verleger an.<\/p>\n<p>Unsere Abteilung Forschung und Entwicklung ist auf die Versch\u00f6nerung und Bewahrung aller Holzarten unter allen Bedingungen, Leistungsanforderungen und \u00e4sthetischen Anspr\u00fcchen spezialisiert und z\u00e4hlt heute 40 der besten Forscher auf Weltniveau.<\/p>\n<p>Jeden Tag sind unsere Chemiker mit dem Studium und dem Experimentieren innovativer Produkte besch\u00e4ftigt, insbesondere in der komplexesten und umfassendsten Produktionssparte, den Wasserlacken und UV-geh\u00e4rteten Lacken.<br \/>\nDie Chemiker von Renner Italia arbeiten st\u00e4ndig eng mit Fachleuten f\u00fcr Farben und Lacke zusammen und beziehen aus diesem Dialog Anreize bei der Rezeptur von Produkten, die die Erwartungen der Kunden nicht nur erf\u00fcllen, sondern \u00fcbertreffen.<\/p>\n<p>In der wissenschaftlichen Methode unserer Chemiker liegt auch das Geheimnis der Ultraresistenz unserer Lacke begr\u00fcndet.<br \/>\nSeit Gr\u00fcndung von Renner Italia sind unsere Wissenschaftler f\u00fcr ihre strengen und rigorosen Untersuchungen bekannt, die weltweit beispiellos sind.<br \/>\nJeder Lack wird bei uns zu einem h\u00f6heren Zweck studiert, getestet und gefertigt, auf dass sich mit der Zeit die Sch\u00f6nheit unserer Holzl\u00f6sungen herauskristallisiert.<br \/>\nDaher sind unsere Rezepturen h\u00f6chster Ausdruck der \u00c4sthetik, Dauerhaftigkeit und Nachhaltigkeit.<\/p>\n<p>Um unseren Endkunden maximale Wahlfreiheit zu garantieren, gliedert sich die Produktion von Renner Italia in f\u00fcnf gro\u00dfe Holzlack-Sortimente.<\/p>\n<ul>\n<li>Lacke auf Wasserbasis f\u00fcr Parkett Marke Solid (f\u00fcr neue oder zu renovierende Holzfu\u00dfb\u00f6den), speziell f\u00fcr den Verleger.<\/li>\n<li>Feuerfeste Lacke Firewall: Ein Sortiment feuerfester Lacke, die Sicherheit und h\u00f6chste \u00e4sthetische Standards garantieren.<\/li>\n<li>Lacke auf Wasserbasis Aquaris (f\u00fcr Holzfu\u00dfb\u00f6den in Au\u00dfen- und Innenbereichen) f\u00fcr gewerbliche Nutzer, vom Handwerk bis zur Gro\u00dfindustrie.<\/li>\n<li>Lacke mit L\u00f6sungsmitteln Marke Synthesis (f\u00fcr Holzfu\u00dfb\u00f6den in Au\u00dfen- und Innenbereichen) haupts\u00e4chlich f\u00fcr professionelle und industrielle Nutzer.<\/li>\n<li>Lacke Rio Verde: Ein Sortiment f\u00fcr den Endkunden und den Handwerker; Diese Reihe verbindet professionelle Leistungen mit Anwenderfreundlichkeit.<\/li>\n<\/ul>\n<p>Renner Italia produziert auch:<\/p>\n<ul>\n<li>Farbstoffe auf Wasser- und L\u00f6sungsmittelbasis, f\u00fcr die spezielle und allgemeine Verwendung.<\/li>\n<li>Zusatzstoffe, Erg\u00e4nzungsmittel und Hilfsprodukte auf Wasser- und L\u00f6sungsmittelbasis.<\/li>\n<li>Polyurethan-Verd\u00fcnnungsmittel, Polyester, Nitro und synthetische Stoffe.<\/li>\n<\/ul>\n<p>Und mit den manuellen und computerisierten Farbmischsystemen Color System f\u00fcr Lacke auf Wasser- und L\u00f6sungsmittelbasis gelingt die Herstellung jedes Schmelzfarbtons.<\/p>\n<p>Mit der Hi-Tech Quality-Formel f\u00fcr seine Rezepturen ist Renner Italia eine Exzellenz f\u00fcr die Chemie Made in Italy geworden, die in der ganzen Welt anerkannt ist.[\/vc_column_text][\/vc_column][\/vc_row]\n<\/div>","protected":false},"excerpt":{"rendered":"<p>[vc_row fullwidth=&#8221;true&#8221; background_style=&#8221;full&#8221; el_class=&#8221;backgroundtop&#8221;][vc_column offset=&#8221;vc_col-xs-12&#8243; css=&#8221;.vc_custom_1445938100913{padding-top: 200px !important;}&#8221;][vc_custom_heading text=&#8221;HI-TECH QUALITY&#8221; font_container=&#8221;tag:h1|text_align:center|color:%23ffffff&#8221; google_fonts=&#8221;font_family:Raleway%3A100%2C200%2C300%2Cregular%2C500%2C600%2C700%2C800%2C900|font_style:800%20bold%20regular%3A800%3Anormal&#8221; el_class=&#8221;semheading&#8221;][vc_custom_heading text=&#8221;chemie made in Italy&#8221; font_container=&#8221;tag:h4|font_size:22|text_align:center|color:%23ffffff&#8221; google_fonts=&#8221;font_family:Raleway%3A100%2C200%2C300%2Cregular%2C500%2C600%2C700%2C800%2C900|font_style:600%20bold%20regular%3A600%3Anormal&#8221; el_class=&#8221;semsubheading&#8221;][vc_single_image image=&#8221;706&#8243; img_size=&#8221;full&#8221; alignment=&#8221;center&#8221; css_animation=&#8221;top-to-bottom&#8221; el_class=&#8221;logorennerlab&#8221;][vc_row_inner el_class=&#8221;prevnext&#8221;][vc_column_inner width=&#8221;1\/3&#8243;][vc_btn title=&#8221;GEHE ZU KINDGERECHT&#8221; style=&#8221;flat&#8221; shape=&#8221;square&#8221; color=&#8221;green&#8221; align=&#8221;center&#8221; i_type=&#8221;entypo&#8221; i_icon_entypo=&#8221;entypo-icon entypo-icon-left-open-big&#8221; button_block=&#8221;true&#8221; add_icon=&#8221;true&#8221; link=&#8221;url:http%3A%2F%2Fsolidrenner.com%2Fde%2Fa-misura-di-bambino%2F||&#8221; el_class=&#8221;buttonsolid&#8221;][\/vc_column_inner][vc_column_inner width=&#8221;1\/3&#8243;][\/vc_column_inner][vc_column_inner width=&#8221;1\/3&#8243;][vc_btn title=&#8221;GEHE ZU UV+ PROTECTION&#8221; style=&#8221;flat&#8221; shape=&#8221;square&#8221; color=&#8221;green&#8221; align=&#8221;center&#8221; i_align=&#8221;right&#8221; i_type=&#8221;entypo&#8221; i_icon_entypo=&#8221;entypo-icon entypo-icon-right-open-big&#8221; [&hellip;]<\/p>\n","protected":false},"author":1,"featured_media":0,"parent":0,"menu_order":0,"comment_status":"closed","ping_status":"open","template":"","meta":{"footnotes":""},"class_list":["post-1717","page","type-page","status-publish","hentry"],"yoast_head":"<!-- This site is optimized with the Yoast SEO plugin v26.6 - https:\/\/yoast.com\/wordpress\/plugins\/seo\/ -->\n<title>HI-TECH QUALITY - Vernici Parquet Solid Renner<\/title>\n<meta name=\"description\" content=\"Con Solid la qualit\u00e0 hi-tech del laboratorio di Renner Italia sbarca sul pianeta-posatori\" \/>\n<meta name=\"robots\" content=\"index, follow, max-snippet:-1, max-image-preview:large, max-video-preview:-1\" \/>\n<link rel=\"canonical\" href=\"https:\/\/www.solidrenner.com\/parquet-hi-tech\/\" \/>\n<meta property=\"og:locale\" content=\"de_DE\" \/>\n<meta property=\"og:type\" content=\"article\" \/>\n<meta property=\"og:title\" content=\"HI-TECH QUALITY - Vernici Parquet Solid Renner\" \/>\n<meta property=\"og:description\" content=\"Con Solid la qualit\u00e0 hi-tech del laboratorio di Renner Italia sbarca sul pianeta-posatori\" \/>\n<meta property=\"og:url\" content=\"https:\/\/www.solidrenner.com\/parquet-hi-tech\/\" \/>\n<meta property=\"og:site_name\" content=\"Solid Renner\" \/>\n<meta property=\"article:modified_time\" content=\"2018-03-08T06:26:40+00:00\" \/>\n<meta name=\"twitter:card\" content=\"summary_large_image\" \/>\n<meta name=\"twitter:label1\" content=\"Est. reading time\" \/>\n\t<meta name=\"twitter:data1\" content=\"3 minutes\" \/>\n<script type=\"application\/ld+json\" class=\"yoast-schema-graph\">{\"@context\":\"https:\/\/schema.org\",\"@graph\":[{\"@type\":\"WebPage\",\"@id\":\"https:\/\/www.solidrenner.com\/parquet-hi-tech\/\",\"url\":\"https:\/\/www.solidrenner.com\/parquet-hi-tech\/\",\"name\":\"HI-TECH QUALITY - Vernici Parquet Solid Renner\",\"isPartOf\":{\"@id\":\"https:\/\/www.solidrenner.com\/#website\"},\"datePublished\":\"2015-10-27T10:55:34+00:00\",\"dateModified\":\"2018-03-08T06:26:40+00:00\",\"description\":\"Con Solid la qualit\u00e0 hi-tech del laboratorio di Renner Italia sbarca sul pianeta-posatori\",\"breadcrumb\":{\"@id\":\"https:\/\/www.solidrenner.com\/parquet-hi-tech\/#breadcrumb\"},\"inLanguage\":\"de-DE\",\"potentialAction\":[{\"@type\":\"ReadAction\",\"target\":[\"https:\/\/www.solidrenner.com\/parquet-hi-tech\/\"]}]},{\"@type\":\"BreadcrumbList\",\"@id\":\"https:\/\/www.solidrenner.com\/parquet-hi-tech\/#breadcrumb\",\"itemListElement\":[{\"@type\":\"ListItem\",\"position\":1,\"name\":\"Home\",\"item\":\"https:\/\/www.solidrenner.com\/de\/\"},{\"@type\":\"ListItem\",\"position\":2,\"name\":\"HI-TECH QUALITY\"}]},{\"@type\":\"WebSite\",\"@id\":\"https:\/\/www.solidrenner.com\/#website\",\"url\":\"https:\/\/www.solidrenner.com\/\",\"name\":\"Solid Renner\",\"description\":\"Le vernici per il parquet di Renner Italia\",\"potentialAction\":[{\"@type\":\"SearchAction\",\"target\":{\"@type\":\"EntryPoint\",\"urlTemplate\":\"https:\/\/www.solidrenner.com\/?s={search_term_string}\"},\"query-input\":{\"@type\":\"PropertyValueSpecification\",\"valueRequired\":true,\"valueName\":\"search_term_string\"}}],\"inLanguage\":\"de-DE\"}]}<\/script>\n<!-- \/ Yoast SEO plugin. -->","yoast_head_json":{"title":"HI-TECH QUALITY - Vernici Parquet Solid Renner","description":"Con Solid la qualit\u00e0 hi-tech del laboratorio di Renner Italia sbarca sul pianeta-posatori","robots":{"index":"index","follow":"follow","max-snippet":"max-snippet:-1","max-image-preview":"max-image-preview:large","max-video-preview":"max-video-preview:-1"},"canonical":"https:\/\/www.solidrenner.com\/parquet-hi-tech\/","og_locale":"de_DE","og_type":"article","og_title":"HI-TECH QUALITY - Vernici Parquet Solid Renner","og_description":"Con Solid la qualit\u00e0 hi-tech del laboratorio di Renner Italia sbarca sul pianeta-posatori","og_url":"https:\/\/www.solidrenner.com\/parquet-hi-tech\/","og_site_name":"Solid Renner","article_modified_time":"2018-03-08T06:26:40+00:00","twitter_card":"summary_large_image","twitter_misc":{"Est. reading time":"3 minutes"},"schema":{"@context":"https:\/\/schema.org","@graph":[{"@type":"WebPage","@id":"https:\/\/www.solidrenner.com\/parquet-hi-tech\/","url":"https:\/\/www.solidrenner.com\/parquet-hi-tech\/","name":"HI-TECH QUALITY - Vernici Parquet Solid Renner","isPartOf":{"@id":"https:\/\/www.solidrenner.com\/#website"},"datePublished":"2015-10-27T10:55:34+00:00","dateModified":"2018-03-08T06:26:40+00:00","description":"Con Solid la qualit\u00e0 hi-tech del laboratorio di Renner Italia sbarca sul pianeta-posatori","breadcrumb":{"@id":"https:\/\/www.solidrenner.com\/parquet-hi-tech\/#breadcrumb"},"inLanguage":"de-DE","potentialAction":[{"@type":"ReadAction","target":["https:\/\/www.solidrenner.com\/parquet-hi-tech\/"]}]},{"@type":"BreadcrumbList","@id":"https:\/\/www.solidrenner.com\/parquet-hi-tech\/#breadcrumb","itemListElement":[{"@type":"ListItem","position":1,"name":"Home","item":"https:\/\/www.solidrenner.com\/de\/"},{"@type":"ListItem","position":2,"name":"HI-TECH QUALITY"}]},{"@type":"WebSite","@id":"https:\/\/www.solidrenner.com\/#website","url":"https:\/\/www.solidrenner.com\/","name":"Solid Renner","description":"Le vernici per il parquet di Renner Italia","potentialAction":[{"@type":"SearchAction","target":{"@type":"EntryPoint","urlTemplate":"https:\/\/www.solidrenner.com\/?s={search_term_string}"},"query-input":{"@type":"PropertyValueSpecification","valueRequired":true,"valueName":"search_term_string"}}],"inLanguage":"de-DE"}]}},"_links":{"self":[{"href":"https:\/\/www.solidrenner.com\/de\/wp-json\/wp\/v2\/pages\/1717","targetHints":{"allow":["GET"]}}],"collection":[{"href":"https:\/\/www.solidrenner.com\/de\/wp-json\/wp\/v2\/pages"}],"about":[{"href":"https:\/\/www.solidrenner.com\/de\/wp-json\/wp\/v2\/types\/page"}],"author":[{"embeddable":true,"href":"https:\/\/www.solidrenner.com\/de\/wp-json\/wp\/v2\/users\/1"}],"replies":[{"embeddable":true,"href":"https:\/\/www.solidrenner.com\/de\/wp-json\/wp\/v2\/comments?post=1717"}],"version-history":[{"count":4,"href":"https:\/\/www.solidrenner.com\/de\/wp-json\/wp\/v2\/pages\/1717\/revisions"}],"predecessor-version":[{"id":2655,"href":"https:\/\/www.solidrenner.com\/de\/wp-json\/wp\/v2\/pages\/1717\/revisions\/2655"}],"wp:attachment":[{"href":"https:\/\/www.solidrenner.com\/de\/wp-json\/wp\/v2\/media?parent=1717"}],"curies":[{"name":"wp","href":"https:\/\/api.w.org\/{rel}","templated":true}]}}