{"id":1712,"date":"2015-10-27T11:37:28","date_gmt":"2015-10-27T10:37:28","guid":{"rendered":"https:\/\/www.solidrenner.com\/de\/vernici-per-pavimenti-100-per-cento-puliti\/"},"modified":"2018-03-07T21:53:31","modified_gmt":"2018-03-07T20:53:31","slug":"vernici-per-pavimenti-100-per-cento-puliti","status":"publish","type":"page","link":"https:\/\/www.solidrenner.com\/de\/vernici-per-pavimenti-100-per-cento-puliti\/","title":{"rendered":"100% REIN"},"content":{"rendered":"<div class=\"wpb-content-wrapper\">[vc_row fullwidth=&#8221;true&#8221; background_style=&#8221;full&#8221; el_class=&#8221;backgroundtop&#8221;][vc_column offset=&#8221;vc_col-xs-12&#8243; css=&#8221;.vc_custom_1445938100913{padding-top: 200px !important;}&#8221;][vc_custom_heading text=&#8221;100% REIN&#8221; font_container=&#8221;tag:h1|text_align:center|color:%23ffffff&#8221; google_fonts=&#8221;font_family:Raleway%3A100%2C200%2C300%2Cregular%2C500%2C600%2C700%2C800%2C900|font_style:800%20bold%20regular%3A800%3Anormal&#8221; el_class=&#8221;semheading&#8221;][vc_custom_heading text=&#8221;la filosofia green di Renner Italia&#8221; font_container=&#8221;tag:h4|font_size:22|text_align:center|color:%23ffffff&#8221; google_fonts=&#8221;font_family:Raleway%3A100%2C200%2C300%2Cregular%2C500%2C600%2C700%2C800%2C900|font_style:600%20bold%20regular%3A600%3Anormal&#8221; el_class=&#8221;semsubheading&#8221;][vc_single_image image=&#8221;659&#8243; img_size=&#8221;full&#8221; alignment=&#8221;center&#8221; css_animation=&#8221;top-to-bottom&#8221; el_class=&#8221;logorennerlab&#8221;][vc_row_inner el_class=&#8221;prevnext&#8221;][vc_column_inner width=&#8221;1\/3&#8243;][vc_btn title=&#8221;VAI A <strong>RENNERLAB ECOFRIENDLY<\/strong>&#8221; style=&#8221;flat&#8221; shape=&#8221;square&#8221; color=&#8221;green&#8221; align=&#8221;center&#8221; i_type=&#8221;entypo&#8221; i_icon_entypo=&#8221;entypo-icon entypo-icon-left-open-big&#8221; button_block=&#8221;true&#8221; add_icon=&#8221;true&#8221; link=&#8221;url:http%3A%2F%2Fsolidrenner.com%2Frennerlab-ecofriendly%2F||&#8221; el_class=&#8221;buttonsolid&#8221;][\/vc_column_inner][vc_column_inner width=&#8221;1\/3&#8243;][\/vc_column_inner][vc_column_inner width=&#8221;1\/3&#8243;][vc_btn title=&#8221;VAI A <strong>A MISURA DI BAMBINO<\/strong>&#8221; style=&#8221;flat&#8221; shape=&#8221;square&#8221; color=&#8221;green&#8221; align=&#8221;center&#8221; i_align=&#8221;right&#8221; i_type=&#8221;entypo&#8221; i_icon_entypo=&#8221;entypo-icon entypo-icon-right-open-big&#8221; button_block=&#8221;true&#8221; add_icon=&#8221;true&#8221; link=&#8221;url:http%3A%2F%2Fsolidrenner.com%2Fa-misura-di-bambino%2F||&#8221; el_class=&#8221;buttonsolid&#8221;][\/vc_column_inner][\/vc_row_inner][\/vc_column][\/vc_row][vc_row css=&#8221;.vc_custom_1445874591287{padding-top: 30px !important;}&#8221;][vc_column css=&#8221;.vc_custom_1520456004685{padding-top: 30px !important;padding-bottom: 30px !important;}&#8221;][vc_column_text]Das Projekt Rennerlab &#8211; Eco Friendly ist Teil eines Produktionszyklus, der sich von \u00fcberkommenen Logiken g\u00e4nzlich verabschiedet hat.<br \/>\nSo wird bei der Produktion von Renner-Lacken ausschlie\u00dflich elektrischer Strom aus erneuerbaren Energiequellen verwendet.<br \/>\nDie Anlagen, in denen Solid-Beh\u00e4lter gefertigt werden, werden ausschlie\u00dflich von Wasser-, Wind-, Sonnen- und Biomasse-Energie gespeist.<br \/>\nRenner Italia verfolgt auch hier das \u00f6kologische Ziel, den Schadstoffaussto\u00df des Energiesystems zu senken und die Umwelt zu sch\u00fctzen.<\/p>\n<p>Daher wurde dem Unternehmen die Zertifizierung G. O. (Garanzie di Origine-Ursprungsgarantien) und die Marke &#8220;100% Energie aus Erneuerbaren Quellen\u201d verliehen, wodurch noch einmal verdeutlicht wird, wof\u00fcr unsere Produkte stehen.<\/p>\n<p>Dabei entspringt unsere \u00f6kologische Politik keineswegs einer Laune:<\/p>\n<p>Seit Gr\u00fcndung treibt Renner Italia unaufh\u00f6rlich die Forschung von wasserbasierten Lacken voran. Wir stehen f\u00fcr Produkte mit geringer Emission organischer, fl\u00fcchtiger Verbindungen, die au\u00dferordentliche Leistungen in Festigkeit und \u00c4sthetik erbringen. \u00d6kologisches Engagement ist in unserer Firmenphilosophie festgeschrieben: <em>&#8220;Wir f\u00fchlen uns verpflichtet, unseren Beitrag zur Rettung des \u00d6kosystems zu leisten&#8221;, weil &#8220;wir Ehrfurcht vor der Sch\u00f6nheit der uns umgebenden Natur empfinden und einen Beitrag zu ihrer Erhaltung leisten wollen&#8221;.<\/em><\/p>\n<p>Der von uns eingeschlagene gr\u00fcne Weg geht von Minerbio (Bologna) aus und verbindet das industrielle Wachstum mit dem Respekt f\u00fcr die Natur. Ein notwendiger Weg, wie wir finden.<br \/>\nVor ein paar Jahren ist dies auch dem Ministerium f\u00fcr Umwelt und Bewahrung des Territoriums und des Meeres aufgefallen, das unsere Firma f\u00fcr die Initiative &#8220;Il risparmio energetico in busta paga&#8221; (etwa: Die eingesparte Energie in der Gehaltsabrechnung) ausgezeichnet hat. So hat unser Unternehmen sich auch den von der Regierung ausgelobten Premio Impresa Ambiente 2012 f\u00fcr Firmen gesichert, die nachhaltige Entwicklung, Umweltschutz und soziale Verantwortung unterst\u00fctzen.<br \/>\nRenner Italia hat hier den ersten Preis in der Kategorie &#8220;Beste Verwaltung&#8221; erhalten, weil <em>&#8220;es ein beispielhaftes Projekt zur Eind\u00e4mmung des Energiekonsums auf den Weg gebracht hat, das 50% der erzielten Einsparungen auf die Angestellten in der Gehaltsabrechnung umverteilt.&#8221;<\/em>[\/vc_column_text][\/vc_column][\/vc_row]\n<\/div>","protected":false},"excerpt":{"rendered":"<p>[vc_row fullwidth=&#8221;true&#8221; background_style=&#8221;full&#8221; el_class=&#8221;backgroundtop&#8221;][vc_column offset=&#8221;vc_col-xs-12&#8243; css=&#8221;.vc_custom_1445938100913{padding-top: 200px !important;}&#8221;][vc_custom_heading text=&#8221;100% REIN&#8221; font_container=&#8221;tag:h1|text_align:center|color:%23ffffff&#8221; google_fonts=&#8221;font_family:Raleway%3A100%2C200%2C300%2Cregular%2C500%2C600%2C700%2C800%2C900|font_style:800%20bold%20regular%3A800%3Anormal&#8221; el_class=&#8221;semheading&#8221;][vc_custom_heading text=&#8221;la filosofia green di Renner Italia&#8221; font_container=&#8221;tag:h4|font_size:22|text_align:center|color:%23ffffff&#8221; google_fonts=&#8221;font_family:Raleway%3A100%2C200%2C300%2Cregular%2C500%2C600%2C700%2C800%2C900|font_style:600%20bold%20regular%3A600%3Anormal&#8221; el_class=&#8221;semsubheading&#8221;][vc_single_image image=&#8221;659&#8243; img_size=&#8221;full&#8221; alignment=&#8221;center&#8221; css_animation=&#8221;top-to-bottom&#8221; el_class=&#8221;logorennerlab&#8221;][vc_row_inner el_class=&#8221;prevnext&#8221;][vc_column_inner width=&#8221;1\/3&#8243;][vc_btn title=&#8221;VAI A RENNERLAB ECOFRIENDLY&#8221; style=&#8221;flat&#8221; shape=&#8221;square&#8221; color=&#8221;green&#8221; align=&#8221;center&#8221; i_type=&#8221;entypo&#8221; i_icon_entypo=&#8221;entypo-icon entypo-icon-left-open-big&#8221; button_block=&#8221;true&#8221; add_icon=&#8221;true&#8221; link=&#8221;url:http%3A%2F%2Fsolidrenner.com%2Frennerlab-ecofriendly%2F||&#8221; el_class=&#8221;buttonsolid&#8221;][\/vc_column_inner][vc_column_inner width=&#8221;1\/3&#8243;][\/vc_column_inner][vc_column_inner width=&#8221;1\/3&#8243;][vc_btn title=&#8221;VAI A A MISURA DI BAMBINO&#8221; style=&#8221;flat&#8221; shape=&#8221;square&#8221; color=&#8221;green&#8221; [&hellip;]<\/p>\n","protected":false},"author":1,"featured_media":0,"parent":0,"menu_order":0,"comment_status":"closed","ping_status":"open","template":"","meta":{"footnotes":""},"class_list":["post-1712","page","type-page","status-publish","hentry"],"yoast_head":"<!-- This site is optimized with the Yoast SEO plugin v26.6 - https:\/\/yoast.com\/wordpress\/plugins\/seo\/ -->\n<title>100 PER CENTO PULITI - Vernici Parquet Solid Renner<\/title>\n<meta name=\"description\" content=\"La produzione delle vernici Renner Italia e delle vernici per pavimenti in legno Solid \u00e8 sostenuta da energia elettrica proveniente da fonti rinnovabili.\" \/>\n<meta name=\"robots\" content=\"index, follow, max-snippet:-1, max-image-preview:large, max-video-preview:-1\" \/>\n<link rel=\"canonical\" href=\"https:\/\/www.solidrenner.com\/de\/vernici-per-pavimenti-100-per-cento-puliti\/\" \/>\n<meta property=\"og:locale\" content=\"de_DE\" \/>\n<meta property=\"og:type\" content=\"article\" \/>\n<meta property=\"og:title\" content=\"100 PER CENTO PULITI - Vernici Parquet Solid Renner\" \/>\n<meta property=\"og:description\" content=\"La produzione delle vernici Renner Italia e delle vernici per pavimenti in legno Solid \u00e8 sostenuta da energia elettrica proveniente da fonti rinnovabili.\" \/>\n<meta property=\"og:url\" content=\"https:\/\/www.solidrenner.com\/de\/vernici-per-pavimenti-100-per-cento-puliti\/\" \/>\n<meta property=\"og:site_name\" content=\"Solid Renner\" \/>\n<meta property=\"article:modified_time\" content=\"2018-03-07T20:53:31+00:00\" \/>\n<meta name=\"twitter:card\" content=\"summary_large_image\" \/>\n<meta name=\"twitter:label1\" content=\"Est. reading time\" \/>\n\t<meta name=\"twitter:data1\" content=\"3 minutes\" \/>\n<script type=\"application\/ld+json\" class=\"yoast-schema-graph\">{\"@context\":\"https:\/\/schema.org\",\"@graph\":[{\"@type\":\"WebPage\",\"@id\":\"https:\/\/www.solidrenner.com\/de\/vernici-per-pavimenti-100-per-cento-puliti\/\",\"url\":\"https:\/\/www.solidrenner.com\/de\/vernici-per-pavimenti-100-per-cento-puliti\/\",\"name\":\"100 PER CENTO PULITI - Vernici Parquet Solid Renner\",\"isPartOf\":{\"@id\":\"https:\/\/www.solidrenner.com\/#website\"},\"datePublished\":\"2015-10-27T10:37:28+00:00\",\"dateModified\":\"2018-03-07T20:53:31+00:00\",\"description\":\"La produzione delle vernici Renner Italia e delle vernici per pavimenti in legno Solid \u00e8 sostenuta da energia elettrica proveniente da fonti rinnovabili.\",\"breadcrumb\":{\"@id\":\"https:\/\/www.solidrenner.com\/de\/vernici-per-pavimenti-100-per-cento-puliti\/#breadcrumb\"},\"inLanguage\":\"de-DE\",\"potentialAction\":[{\"@type\":\"ReadAction\",\"target\":[\"https:\/\/www.solidrenner.com\/de\/vernici-per-pavimenti-100-per-cento-puliti\/\"]}]},{\"@type\":\"BreadcrumbList\",\"@id\":\"https:\/\/www.solidrenner.com\/de\/vernici-per-pavimenti-100-per-cento-puliti\/#breadcrumb\",\"itemListElement\":[{\"@type\":\"ListItem\",\"position\":1,\"name\":\"Home\",\"item\":\"https:\/\/www.solidrenner.com\/de\/\"},{\"@type\":\"ListItem\",\"position\":2,\"name\":\"100% REIN\"}]},{\"@type\":\"WebSite\",\"@id\":\"https:\/\/www.solidrenner.com\/#website\",\"url\":\"https:\/\/www.solidrenner.com\/\",\"name\":\"Solid Renner\",\"description\":\"Le vernici per il parquet di Renner Italia\",\"potentialAction\":[{\"@type\":\"SearchAction\",\"target\":{\"@type\":\"EntryPoint\",\"urlTemplate\":\"https:\/\/www.solidrenner.com\/?s={search_term_string}\"},\"query-input\":{\"@type\":\"PropertyValueSpecification\",\"valueRequired\":true,\"valueName\":\"search_term_string\"}}],\"inLanguage\":\"de-DE\"}]}<\/script>\n<!-- \/ Yoast SEO plugin. -->","yoast_head_json":{"title":"100 PER CENTO PULITI - Vernici Parquet Solid Renner","description":"La produzione delle vernici Renner Italia e delle vernici per pavimenti in legno Solid \u00e8 sostenuta da energia elettrica proveniente da fonti rinnovabili.","robots":{"index":"index","follow":"follow","max-snippet":"max-snippet:-1","max-image-preview":"max-image-preview:large","max-video-preview":"max-video-preview:-1"},"canonical":"https:\/\/www.solidrenner.com\/de\/vernici-per-pavimenti-100-per-cento-puliti\/","og_locale":"de_DE","og_type":"article","og_title":"100 PER CENTO PULITI - Vernici Parquet Solid Renner","og_description":"La produzione delle vernici Renner Italia e delle vernici per pavimenti in legno Solid \u00e8 sostenuta da energia elettrica proveniente da fonti rinnovabili.","og_url":"https:\/\/www.solidrenner.com\/de\/vernici-per-pavimenti-100-per-cento-puliti\/","og_site_name":"Solid Renner","article_modified_time":"2018-03-07T20:53:31+00:00","twitter_card":"summary_large_image","twitter_misc":{"Est. reading time":"3 minutes"},"schema":{"@context":"https:\/\/schema.org","@graph":[{"@type":"WebPage","@id":"https:\/\/www.solidrenner.com\/de\/vernici-per-pavimenti-100-per-cento-puliti\/","url":"https:\/\/www.solidrenner.com\/de\/vernici-per-pavimenti-100-per-cento-puliti\/","name":"100 PER CENTO PULITI - Vernici Parquet Solid Renner","isPartOf":{"@id":"https:\/\/www.solidrenner.com\/#website"},"datePublished":"2015-10-27T10:37:28+00:00","dateModified":"2018-03-07T20:53:31+00:00","description":"La produzione delle vernici Renner Italia e delle vernici per pavimenti in legno Solid \u00e8 sostenuta da energia elettrica proveniente da fonti rinnovabili.","breadcrumb":{"@id":"https:\/\/www.solidrenner.com\/de\/vernici-per-pavimenti-100-per-cento-puliti\/#breadcrumb"},"inLanguage":"de-DE","potentialAction":[{"@type":"ReadAction","target":["https:\/\/www.solidrenner.com\/de\/vernici-per-pavimenti-100-per-cento-puliti\/"]}]},{"@type":"BreadcrumbList","@id":"https:\/\/www.solidrenner.com\/de\/vernici-per-pavimenti-100-per-cento-puliti\/#breadcrumb","itemListElement":[{"@type":"ListItem","position":1,"name":"Home","item":"https:\/\/www.solidrenner.com\/de\/"},{"@type":"ListItem","position":2,"name":"100% REIN"}]},{"@type":"WebSite","@id":"https:\/\/www.solidrenner.com\/#website","url":"https:\/\/www.solidrenner.com\/","name":"Solid Renner","description":"Le vernici per il parquet di Renner Italia","potentialAction":[{"@type":"SearchAction","target":{"@type":"EntryPoint","urlTemplate":"https:\/\/www.solidrenner.com\/?s={search_term_string}"},"query-input":{"@type":"PropertyValueSpecification","valueRequired":true,"valueName":"search_term_string"}}],"inLanguage":"de-DE"}]}},"_links":{"self":[{"href":"https:\/\/www.solidrenner.com\/de\/wp-json\/wp\/v2\/pages\/1712","targetHints":{"allow":["GET"]}}],"collection":[{"href":"https:\/\/www.solidrenner.com\/de\/wp-json\/wp\/v2\/pages"}],"about":[{"href":"https:\/\/www.solidrenner.com\/de\/wp-json\/wp\/v2\/types\/page"}],"author":[{"embeddable":true,"href":"https:\/\/www.solidrenner.com\/de\/wp-json\/wp\/v2\/users\/1"}],"replies":[{"embeddable":true,"href":"https:\/\/www.solidrenner.com\/de\/wp-json\/wp\/v2\/comments?post=1712"}],"version-history":[{"count":4,"href":"https:\/\/www.solidrenner.com\/de\/wp-json\/wp\/v2\/pages\/1712\/revisions"}],"predecessor-version":[{"id":2637,"href":"https:\/\/www.solidrenner.com\/de\/wp-json\/wp\/v2\/pages\/1712\/revisions\/2637"}],"wp:attachment":[{"href":"https:\/\/www.solidrenner.com\/de\/wp-json\/wp\/v2\/media?parent=1712"}],"curies":[{"name":"wp","href":"https:\/\/api.w.org\/{rel}","templated":true}]}}