{"id":1710,"date":"2015-10-27T09:32:11","date_gmt":"2015-10-27T08:32:11","guid":{"rendered":"https:\/\/www.solidrenner.com\/de\/rennerlab-ecofriendly\/"},"modified":"2018-03-07T21:40:48","modified_gmt":"2018-03-07T20:40:48","slug":"rennerlab-ecofriendly","status":"publish","type":"page","link":"https:\/\/www.solidrenner.com\/de\/rennerlab-ecofriendly\/","title":{"rendered":"RENNERLAB ECOFRIENDLY"},"content":{"rendered":"<div class=\"wpb-content-wrapper\">[vc_row fullwidth=&#8221;true&#8221; background_style=&#8221;full&#8221; el_class=&#8221;backgroundtop&#8221;][vc_column offset=&#8221;vc_col-xs-12&#8243; css=&#8221;.vc_custom_1445938100913{padding-top: 200px !important;}&#8221;][vc_custom_heading text=&#8221;RENNERLAB ECOFRIENDLY&#8221; font_container=&#8221;tag:h1|text_align:center|color:%23ffffff&#8221; google_fonts=&#8221;font_family:Raleway%3A100%2C200%2C300%2Cregular%2C500%2C600%2C700%2C800%2C900|font_style:800%20bold%20regular%3A800%3Anormal&#8221; el_class=&#8221;semheading&#8221;][vc_custom_heading text=&#8221;Die Green Philosophy von Renner Italia&#8221; font_container=&#8221;tag:h4|font_size:22|text_align:center|color:%23ffffff&#8221; google_fonts=&#8221;font_family:Raleway%3A100%2C200%2C300%2Cregular%2C500%2C600%2C700%2C800%2C900|font_style:600%20bold%20regular%3A600%3Anormal&#8221; el_class=&#8221;semsubheading&#8221;][vc_single_image image=&#8221;659&#8243; img_size=&#8221;full&#8221; alignment=&#8221;center&#8221; css_animation=&#8221;top-to-bottom&#8221; el_class=&#8221;logorennerlab&#8221;][vc_row_inner el_class=&#8221;prevnext&#8221;][vc_column_inner width=&#8221;1\/3&#8243;][vc_btn title=&#8221;GEHE ZU <strong>PRODUKTSORTIMENT<\/strong>&#8221; style=&#8221;flat&#8221; shape=&#8221;square&#8221; color=&#8221;green&#8221; align=&#8221;center&#8221; i_type=&#8221;entypo&#8221; i_icon_entypo=&#8221;entypo-icon entypo-icon-left-open-big&#8221; button_block=&#8221;true&#8221; add_icon=&#8221;true&#8221; link=&#8221;url:http%3A%2F%2Fsolidrenner.com%2Fde%2Fgamma%2F||&#8221; el_class=&#8221;buttonsolid&#8221;][\/vc_column_inner][vc_column_inner width=&#8221;1\/3&#8243;][\/vc_column_inner][vc_column_inner width=&#8221;1\/3&#8243;][vc_btn title=&#8221;GEHE ZU <strong>100% REIN<\/strong>&#8221; style=&#8221;flat&#8221; shape=&#8221;square&#8221; color=&#8221;green&#8221; align=&#8221;center&#8221; i_align=&#8221;right&#8221; i_type=&#8221;entypo&#8221; i_icon_entypo=&#8221;entypo-icon entypo-icon-right-open-big&#8221; button_block=&#8221;true&#8221; add_icon=&#8221;true&#8221; link=&#8221;url:http%3A%2F%2Fsolidrenner.com%2Fde%2Fvernici-per-pavimenti-100-per-cento-puliti%2F||&#8221; el_class=&#8221;buttonsolid&#8221;][\/vc_column_inner][\/vc_row_inner][\/vc_column][\/vc_row][vc_row css=&#8221;.vc_custom_1445874591287{padding-top: 30px !important;}&#8221;][vc_column css=&#8221;.vc_custom_1520455236881{padding-top: 30px !important;padding-bottom: 30px !important;}&#8221;][vc_column_text css=&#8221;.vc_custom_1520455229566{margin-bottom: 0px !important;}&#8221;]Solid ist eine Reihe von Parkett-Lacken, die umwelt- und Verleger-freundlich ist. Solid-Lacke sind aus Wasserbasis hergestellt, was sie f\u00fcr Mensch und Umwelt vertr\u00e4glich macht, so dass Anwender und Bewohner gleicherma\u00dfen profitieren.<\/p>\n<p>Wir sind uns bewusst, welche wichtige Rolle der Industrie bei der Herausforderung der Eind\u00e4mmung des Klimawandels zukommt. Daher haben unsere Chemiker 95% der L\u00f6sungsmitteld\u00e4mpfe eliminiert und die zu Dekorations- und Holzschutzszwecken verbliebenen vollst\u00e4ndig giftfrei gemacht.<\/p>\n<p>Die umweltfreundliche Technologie der Solid-Reihe ist Ergebnis der Leitlinien des Projekts Rennerlab &#8211; Eco Friendly. Das Bestreben des Projekts Rennerlab &#8211; Eco Friendly ist es, Menschen, die sich f\u00fcr Holz als pr\u00e4gendes Element ihrer Heime entscheiden, ein gesundes Wohnen zu erm\u00f6glichen.<\/p>\n<p>Daf\u00fcr hat sich das Projekt Rennerlab &#8211; Eco Friendly folgende Ziele gesteckt:<\/p>\n<ul>\n<li>Senkung der Emissionen<\/li>\n<li>Beseitigung von Schadstoffen<\/li>\n<li>Qualitativ bessere Innenluft<\/li>\n<li>Erzeugung von ges\u00fcnderen und lebenswerteren Wohnorten<\/li>\n<li>Beteiligung an Material- und Energieeinsparungsprogrammen<\/li>\n<\/ul>\n<p>Mit einer einfachen und effizienten Kommunikationsstrategie verfolgt Rennerlab &#8211; Eco Friendly auch den Zweck, dem Verbraucher im Dschungel der chemischen Produkte Orientierung zu bieten und auf Rezepturen auf Wasserbasis angesichts der wachsenden \u00f6kologischen Notwendigkeiten zu setzen.[\/vc_column_text][\/vc_column][\/vc_row]\n<\/div>","protected":false},"excerpt":{"rendered":"<p>[vc_row fullwidth=&#8221;true&#8221; background_style=&#8221;full&#8221; el_class=&#8221;backgroundtop&#8221;][vc_column offset=&#8221;vc_col-xs-12&#8243; css=&#8221;.vc_custom_1445938100913{padding-top: 200px !important;}&#8221;][vc_custom_heading text=&#8221;RENNERLAB ECOFRIENDLY&#8221; font_container=&#8221;tag:h1|text_align:center|color:%23ffffff&#8221; google_fonts=&#8221;font_family:Raleway%3A100%2C200%2C300%2Cregular%2C500%2C600%2C700%2C800%2C900|font_style:800%20bold%20regular%3A800%3Anormal&#8221; el_class=&#8221;semheading&#8221;][vc_custom_heading text=&#8221;Die Green Philosophy von Renner Italia&#8221; font_container=&#8221;tag:h4|font_size:22|text_align:center|color:%23ffffff&#8221; google_fonts=&#8221;font_family:Raleway%3A100%2C200%2C300%2Cregular%2C500%2C600%2C700%2C800%2C900|font_style:600%20bold%20regular%3A600%3Anormal&#8221; el_class=&#8221;semsubheading&#8221;][vc_single_image image=&#8221;659&#8243; img_size=&#8221;full&#8221; alignment=&#8221;center&#8221; css_animation=&#8221;top-to-bottom&#8221; el_class=&#8221;logorennerlab&#8221;][vc_row_inner el_class=&#8221;prevnext&#8221;][vc_column_inner width=&#8221;1\/3&#8243;][vc_btn title=&#8221;GEHE ZU PRODUKTSORTIMENT&#8221; style=&#8221;flat&#8221; shape=&#8221;square&#8221; color=&#8221;green&#8221; align=&#8221;center&#8221; i_type=&#8221;entypo&#8221; i_icon_entypo=&#8221;entypo-icon entypo-icon-left-open-big&#8221; button_block=&#8221;true&#8221; add_icon=&#8221;true&#8221; link=&#8221;url:http%3A%2F%2Fsolidrenner.com%2Fde%2Fgamma%2F||&#8221; el_class=&#8221;buttonsolid&#8221;][\/vc_column_inner][vc_column_inner width=&#8221;1\/3&#8243;][\/vc_column_inner][vc_column_inner width=&#8221;1\/3&#8243;][vc_btn title=&#8221;GEHE ZU 100% REIN&#8221; style=&#8221;flat&#8221; shape=&#8221;square&#8221; color=&#8221;green&#8221; align=&#8221;center&#8221; i_align=&#8221;right&#8221; i_type=&#8221;entypo&#8221; [&hellip;]<\/p>\n","protected":false},"author":1,"featured_media":0,"parent":0,"menu_order":0,"comment_status":"closed","ping_status":"open","template":"","meta":{"footnotes":""},"class_list":["post-1710","page","type-page","status-publish","hentry"],"yoast_head":"<!-- This site is optimized with the Yoast SEO plugin v26.6 - https:\/\/yoast.com\/wordpress\/plugins\/seo\/ -->\n<title>RENNERLAB ECOFRIENDLY - Vernici Parquet Solid Renner<\/title>\n<meta name=\"description\" content=\"Il progetto Rennerlab \u2013 Eco Friendly ha l\u2019ambizione di costruire un contesto salubre per chi sceglie il legno quale elemento costitutivo dei propri luoghi\" \/>\n<meta name=\"robots\" content=\"index, follow, max-snippet:-1, max-image-preview:large, max-video-preview:-1\" \/>\n<link rel=\"canonical\" href=\"https:\/\/www.solidrenner.com\/rennerlab-ecofriendly\/\" \/>\n<meta property=\"og:locale\" content=\"de_DE\" \/>\n<meta property=\"og:type\" content=\"article\" \/>\n<meta property=\"og:title\" content=\"RENNERLAB ECOFRIENDLY - Vernici Parquet Solid Renner\" \/>\n<meta property=\"og:description\" content=\"Il progetto Rennerlab \u2013 Eco Friendly ha l\u2019ambizione di costruire un contesto salubre per chi sceglie il legno quale elemento costitutivo dei propri luoghi\" \/>\n<meta property=\"og:url\" content=\"https:\/\/www.solidrenner.com\/rennerlab-ecofriendly\/\" \/>\n<meta property=\"og:site_name\" content=\"Solid Renner\" \/>\n<meta property=\"article:modified_time\" content=\"2018-03-07T20:40:48+00:00\" \/>\n<meta name=\"twitter:card\" content=\"summary_large_image\" \/>\n<meta name=\"twitter:label1\" content=\"Est. reading time\" \/>\n\t<meta name=\"twitter:data1\" content=\"2 minutes\" \/>\n<script type=\"application\/ld+json\" class=\"yoast-schema-graph\">{\"@context\":\"https:\/\/schema.org\",\"@graph\":[{\"@type\":\"WebPage\",\"@id\":\"https:\/\/www.solidrenner.com\/rennerlab-ecofriendly\/\",\"url\":\"https:\/\/www.solidrenner.com\/rennerlab-ecofriendly\/\",\"name\":\"RENNERLAB ECOFRIENDLY - Vernici Parquet Solid Renner\",\"isPartOf\":{\"@id\":\"https:\/\/www.solidrenner.com\/#website\"},\"datePublished\":\"2015-10-27T08:32:11+00:00\",\"dateModified\":\"2018-03-07T20:40:48+00:00\",\"description\":\"Il progetto Rennerlab \u2013 Eco Friendly ha l\u2019ambizione di costruire un contesto salubre per chi sceglie il legno quale elemento costitutivo dei propri luoghi\",\"breadcrumb\":{\"@id\":\"https:\/\/www.solidrenner.com\/rennerlab-ecofriendly\/#breadcrumb\"},\"inLanguage\":\"de-DE\",\"potentialAction\":[{\"@type\":\"ReadAction\",\"target\":[\"https:\/\/www.solidrenner.com\/rennerlab-ecofriendly\/\"]}]},{\"@type\":\"BreadcrumbList\",\"@id\":\"https:\/\/www.solidrenner.com\/rennerlab-ecofriendly\/#breadcrumb\",\"itemListElement\":[{\"@type\":\"ListItem\",\"position\":1,\"name\":\"Home\",\"item\":\"https:\/\/www.solidrenner.com\/de\/\"},{\"@type\":\"ListItem\",\"position\":2,\"name\":\"RENNERLAB ECOFRIENDLY\"}]},{\"@type\":\"WebSite\",\"@id\":\"https:\/\/www.solidrenner.com\/#website\",\"url\":\"https:\/\/www.solidrenner.com\/\",\"name\":\"Solid Renner\",\"description\":\"Le vernici per il parquet di Renner Italia\",\"potentialAction\":[{\"@type\":\"SearchAction\",\"target\":{\"@type\":\"EntryPoint\",\"urlTemplate\":\"https:\/\/www.solidrenner.com\/?s={search_term_string}\"},\"query-input\":{\"@type\":\"PropertyValueSpecification\",\"valueRequired\":true,\"valueName\":\"search_term_string\"}}],\"inLanguage\":\"de-DE\"}]}<\/script>\n<!-- \/ Yoast SEO plugin. -->","yoast_head_json":{"title":"RENNERLAB ECOFRIENDLY - Vernici Parquet Solid Renner","description":"Il progetto Rennerlab \u2013 Eco Friendly ha l\u2019ambizione di costruire un contesto salubre per chi sceglie il legno quale elemento costitutivo dei propri luoghi","robots":{"index":"index","follow":"follow","max-snippet":"max-snippet:-1","max-image-preview":"max-image-preview:large","max-video-preview":"max-video-preview:-1"},"canonical":"https:\/\/www.solidrenner.com\/rennerlab-ecofriendly\/","og_locale":"de_DE","og_type":"article","og_title":"RENNERLAB ECOFRIENDLY - Vernici Parquet Solid Renner","og_description":"Il progetto Rennerlab \u2013 Eco Friendly ha l\u2019ambizione di costruire un contesto salubre per chi sceglie il legno quale elemento costitutivo dei propri luoghi","og_url":"https:\/\/www.solidrenner.com\/rennerlab-ecofriendly\/","og_site_name":"Solid Renner","article_modified_time":"2018-03-07T20:40:48+00:00","twitter_card":"summary_large_image","twitter_misc":{"Est. reading time":"2 minutes"},"schema":{"@context":"https:\/\/schema.org","@graph":[{"@type":"WebPage","@id":"https:\/\/www.solidrenner.com\/rennerlab-ecofriendly\/","url":"https:\/\/www.solidrenner.com\/rennerlab-ecofriendly\/","name":"RENNERLAB ECOFRIENDLY - Vernici Parquet Solid Renner","isPartOf":{"@id":"https:\/\/www.solidrenner.com\/#website"},"datePublished":"2015-10-27T08:32:11+00:00","dateModified":"2018-03-07T20:40:48+00:00","description":"Il progetto Rennerlab \u2013 Eco Friendly ha l\u2019ambizione di costruire un contesto salubre per chi sceglie il legno quale elemento costitutivo dei propri luoghi","breadcrumb":{"@id":"https:\/\/www.solidrenner.com\/rennerlab-ecofriendly\/#breadcrumb"},"inLanguage":"de-DE","potentialAction":[{"@type":"ReadAction","target":["https:\/\/www.solidrenner.com\/rennerlab-ecofriendly\/"]}]},{"@type":"BreadcrumbList","@id":"https:\/\/www.solidrenner.com\/rennerlab-ecofriendly\/#breadcrumb","itemListElement":[{"@type":"ListItem","position":1,"name":"Home","item":"https:\/\/www.solidrenner.com\/de\/"},{"@type":"ListItem","position":2,"name":"RENNERLAB ECOFRIENDLY"}]},{"@type":"WebSite","@id":"https:\/\/www.solidrenner.com\/#website","url":"https:\/\/www.solidrenner.com\/","name":"Solid Renner","description":"Le vernici per il parquet di Renner Italia","potentialAction":[{"@type":"SearchAction","target":{"@type":"EntryPoint","urlTemplate":"https:\/\/www.solidrenner.com\/?s={search_term_string}"},"query-input":{"@type":"PropertyValueSpecification","valueRequired":true,"valueName":"search_term_string"}}],"inLanguage":"de-DE"}]}},"_links":{"self":[{"href":"https:\/\/www.solidrenner.com\/de\/wp-json\/wp\/v2\/pages\/1710","targetHints":{"allow":["GET"]}}],"collection":[{"href":"https:\/\/www.solidrenner.com\/de\/wp-json\/wp\/v2\/pages"}],"about":[{"href":"https:\/\/www.solidrenner.com\/de\/wp-json\/wp\/v2\/types\/page"}],"author":[{"embeddable":true,"href":"https:\/\/www.solidrenner.com\/de\/wp-json\/wp\/v2\/users\/1"}],"replies":[{"embeddable":true,"href":"https:\/\/www.solidrenner.com\/de\/wp-json\/wp\/v2\/comments?post=1710"}],"version-history":[{"count":5,"href":"https:\/\/www.solidrenner.com\/de\/wp-json\/wp\/v2\/pages\/1710\/revisions"}],"predecessor-version":[{"id":2631,"href":"https:\/\/www.solidrenner.com\/de\/wp-json\/wp\/v2\/pages\/1710\/revisions\/2631"}],"wp:attachment":[{"href":"https:\/\/www.solidrenner.com\/de\/wp-json\/wp\/v2\/media?parent=1710"}],"curies":[{"name":"wp","href":"https:\/\/api.w.org\/{rel}","templated":true}]}}