{"id":1708,"date":"2015-10-27T09:17:55","date_gmt":"2015-10-27T08:17:55","guid":{"rendered":"https:\/\/www.solidrenner.com\/de\/intro-vernici-parquet-solid\/"},"modified":"2018-03-07T12:21:08","modified_gmt":"2018-03-07T11:21:08","slug":"intro-vernici-parquet-solid","status":"publish","type":"page","link":"https:\/\/www.solidrenner.com\/de\/intro-vernici-parquet-solid\/","title":{"rendered":"INTRO"},"content":{"rendered":"<div class=\"wpb-content-wrapper\">[vc_row fullwidth=&#8221;true&#8221; background_style=&#8221;full&#8221; el_class=&#8221;backgroundtop&#8221;][vc_column offset=&#8221;vc_col-xs-12&#8243; css=&#8221;.vc_custom_1445938100913{padding-top: 200px !important;}&#8221;][vc_custom_heading text=&#8221;SOLID&#8221; font_container=&#8221;tag:h1|text_align:center|color:%23333333&#8243; google_fonts=&#8221;font_family:Raleway%3A100%2C200%2C300%2Cregular%2C500%2C600%2C700%2C800%2C900|font_style:800%20bold%20regular%3A800%3Anormal&#8221; el_class=&#8221;semheading&#8221;][vc_custom_heading text=&#8221;Jedes Parkett ist einzigartig&#8221; font_container=&#8221;tag:h4|text_align:center|color:%23333333&#8243; google_fonts=&#8221;font_family:Raleway%3A100%2C200%2C300%2Cregular%2C500%2C600%2C700%2C800%2C900|font_style:600%20bold%20regular%3A600%3Anormal&#8221; el_class=&#8221;semsubheading&#8221; css=&#8221;.vc_custom_1520421624404{padding-bottom: 160px !important;}&#8221;][vc_row_inner el_class=&#8221;prevnext&#8221;][vc_column_inner width=&#8221;1\/3&#8243;][vc_btn title=&#8221;GEHE ZU <strong>HIGH TRAFFIC<\/strong>&#8221; style=&#8221;flat&#8221; shape=&#8221;square&#8221; color=&#8221;green&#8221; align=&#8221;center&#8221; i_type=&#8221;entypo&#8221; i_icon_entypo=&#8221;entypo-icon entypo-icon-left-open-big&#8221; button_block=&#8221;true&#8221; add_icon=&#8221;true&#8221; link=&#8221;url:http%3A%2F%2Fsolidrenner.com%2Fde%2Fhigh-traffic%2F||&#8221;][\/vc_column_inner][vc_column_inner width=&#8221;1\/3&#8243;][\/vc_column_inner][vc_column_inner width=&#8221;1\/3&#8243;][vc_btn title=&#8221;GEHE ZU <strong>PRODUKTSORTIMENT<\/strong>&#8221; style=&#8221;flat&#8221; shape=&#8221;square&#8221; color=&#8221;green&#8221; align=&#8221;center&#8221; i_align=&#8221;right&#8221; i_type=&#8221;entypo&#8221; i_icon_entypo=&#8221;entypo-icon entypo-icon-right-open-big&#8221; button_block=&#8221;true&#8221; add_icon=&#8221;true&#8221; link=&#8221;url:http%3A%2F%2Fsolidrenner.com%2Fde%2Fvernici-per-parquet||&#8221;][\/vc_column_inner][\/vc_row_inner][\/vc_column][\/vc_row][vc_row css=&#8221;.vc_custom_1520421639224{padding-top: 30px !important;padding-bottom: 30px !important;}&#8221;][vc_column css=&#8221;.vc_custom_1445941782096{padding-top: 40px !important;}&#8221;][vc_column_text css=&#8221;.vc_custom_1520421661091{margin-bottom: 0px !important;}&#8221;]Parkettb\u00f6den geh\u00f6ren zu den Einrichtungsmerkmalen unserer Lebensorte, die uns am meisten in Erinnerung bleiben. Sie sind die B\u00fchne unserer Lebensgeschichten und W\u00fcnsche. Aus diesem Grund hat sich Renner Italien entschlossen, besondere Sorgfalt bei der Rezeptur seiner neuen Parkett-Reihe walten zu lassen.<\/p>\n<p>Solid ist eine Reihe von Parkett-Lacken Marke Renner Italia.<\/p>\n<p>Auf lackierten Holzb\u00f6den zelebriert Solid die Verm\u00e4hlung von italienischem Design und internationaler Spitzentechnologie. In jedem Produkt steckt die ganze Forschungserfahrung unserer Hi-Tech-Labors. Die UV-Lacke, Grundierungen, Beschichtungen, \u00d6le, Wachsmittel und Reinigungsmittel der Solid-Reihe heben die Nat\u00fcrlichkeit des Holzes hervor und verleihen ihm gleichzeitig eine au\u00dferordentliche Tritt-, Kratz- und Sto\u00dffestigkeit und hohe Resistenz gegen Chemikalien.<\/p>\n<p>Solid ist das modernste System von L\u00f6sungen f\u00fcr die Pflege, Verlegung und Bewahrung neuer oder nach den modernsten \u00f6kologischen Methoden instandzusetzender Parkettb\u00f6den.[\/vc_column_text][\/vc_column][\/vc_row]\n<\/div>","protected":false},"excerpt":{"rendered":"<p>[vc_row fullwidth=&#8221;true&#8221; background_style=&#8221;full&#8221; el_class=&#8221;backgroundtop&#8221;][vc_column offset=&#8221;vc_col-xs-12&#8243; css=&#8221;.vc_custom_1445938100913{padding-top: 200px !important;}&#8221;][vc_custom_heading text=&#8221;SOLID&#8221; font_container=&#8221;tag:h1|text_align:center|color:%23333333&#8243; google_fonts=&#8221;font_family:Raleway%3A100%2C200%2C300%2Cregular%2C500%2C600%2C700%2C800%2C900|font_style:800%20bold%20regular%3A800%3Anormal&#8221; el_class=&#8221;semheading&#8221;][vc_custom_heading text=&#8221;Jedes Parkett ist einzigartig&#8221; font_container=&#8221;tag:h4|text_align:center|color:%23333333&#8243; google_fonts=&#8221;font_family:Raleway%3A100%2C200%2C300%2Cregular%2C500%2C600%2C700%2C800%2C900|font_style:600%20bold%20regular%3A600%3Anormal&#8221; el_class=&#8221;semsubheading&#8221; css=&#8221;.vc_custom_1520421624404{padding-bottom: 160px !important;}&#8221;][vc_row_inner el_class=&#8221;prevnext&#8221;][vc_column_inner width=&#8221;1\/3&#8243;][vc_btn title=&#8221;GEHE ZU HIGH TRAFFIC&#8221; style=&#8221;flat&#8221; shape=&#8221;square&#8221; color=&#8221;green&#8221; align=&#8221;center&#8221; i_type=&#8221;entypo&#8221; i_icon_entypo=&#8221;entypo-icon entypo-icon-left-open-big&#8221; button_block=&#8221;true&#8221; add_icon=&#8221;true&#8221; link=&#8221;url:http%3A%2F%2Fsolidrenner.com%2Fde%2Fhigh-traffic%2F||&#8221;][\/vc_column_inner][vc_column_inner width=&#8221;1\/3&#8243;][\/vc_column_inner][vc_column_inner width=&#8221;1\/3&#8243;][vc_btn title=&#8221;GEHE ZU PRODUKTSORTIMENT&#8221; style=&#8221;flat&#8221; shape=&#8221;square&#8221; color=&#8221;green&#8221; align=&#8221;center&#8221; i_align=&#8221;right&#8221; i_type=&#8221;entypo&#8221; i_icon_entypo=&#8221;entypo-icon entypo-icon-right-open-big&#8221; button_block=&#8221;true&#8221; add_icon=&#8221;true&#8221; link=&#8221;url:http%3A%2F%2Fsolidrenner.com%2Fde%2Fvernici-per-parquet||&#8221;][\/vc_column_inner][\/vc_row_inner][\/vc_column][\/vc_row][vc_row css=&#8221;.vc_custom_1520421639224{padding-top: [&hellip;]<\/p>\n","protected":false},"author":1,"featured_media":0,"parent":0,"menu_order":0,"comment_status":"closed","ping_status":"open","template":"","meta":{"footnotes":""},"class_list":["post-1708","page","type-page","status-publish","hentry"],"yoast_head":"<!-- This site is optimized with the Yoast SEO plugin v26.6 - https:\/\/yoast.com\/wordpress\/plugins\/seo\/ -->\n<title>INTRO - Vernici Parquet Solid Renner<\/title>\n<meta name=\"description\" content=\"I parquet sono tra le creazioni con cui pi\u00f9 si identificano i luoghi della nostra vita. Su di essi camminano le nostre storie e aspirazioni.\" \/>\n<meta name=\"robots\" content=\"index, follow, max-snippet:-1, max-image-preview:large, max-video-preview:-1\" \/>\n<link rel=\"canonical\" href=\"https:\/\/www.solidrenner.com\/parquet-unici\/\" \/>\n<meta property=\"og:locale\" content=\"de_DE\" \/>\n<meta property=\"og:type\" content=\"article\" \/>\n<meta property=\"og:title\" content=\"INTRO - Vernici Parquet Solid Renner\" \/>\n<meta property=\"og:description\" content=\"I parquet sono tra le creazioni con cui pi\u00f9 si identificano i luoghi della nostra vita. Su di essi camminano le nostre storie e aspirazioni.\" \/>\n<meta property=\"og:url\" content=\"https:\/\/www.solidrenner.com\/parquet-unici\/\" \/>\n<meta property=\"og:site_name\" content=\"Solid Renner\" \/>\n<meta property=\"article:modified_time\" content=\"2018-03-07T11:21:08+00:00\" \/>\n<meta name=\"twitter:card\" content=\"summary_large_image\" \/>\n<meta name=\"twitter:label1\" content=\"Est. reading time\" \/>\n\t<meta name=\"twitter:data1\" content=\"2 minutes\" \/>\n<script type=\"application\/ld+json\" class=\"yoast-schema-graph\">{\"@context\":\"https:\/\/schema.org\",\"@graph\":[{\"@type\":\"WebPage\",\"@id\":\"https:\/\/www.solidrenner.com\/parquet-unici\/\",\"url\":\"https:\/\/www.solidrenner.com\/parquet-unici\/\",\"name\":\"INTRO - Vernici Parquet Solid Renner\",\"isPartOf\":{\"@id\":\"https:\/\/www.solidrenner.com\/#website\"},\"datePublished\":\"2015-10-27T08:17:55+00:00\",\"dateModified\":\"2018-03-07T11:21:08+00:00\",\"description\":\"I parquet sono tra le creazioni con cui pi\u00f9 si identificano i luoghi della nostra vita. Su di essi camminano le nostre storie e aspirazioni.\",\"breadcrumb\":{\"@id\":\"https:\/\/www.solidrenner.com\/parquet-unici\/#breadcrumb\"},\"inLanguage\":\"de-DE\",\"potentialAction\":[{\"@type\":\"ReadAction\",\"target\":[\"https:\/\/www.solidrenner.com\/parquet-unici\/\"]}]},{\"@type\":\"BreadcrumbList\",\"@id\":\"https:\/\/www.solidrenner.com\/parquet-unici\/#breadcrumb\",\"itemListElement\":[{\"@type\":\"ListItem\",\"position\":1,\"name\":\"Home\",\"item\":\"https:\/\/www.solidrenner.com\/de\/\"},{\"@type\":\"ListItem\",\"position\":2,\"name\":\"INTRO\"}]},{\"@type\":\"WebSite\",\"@id\":\"https:\/\/www.solidrenner.com\/#website\",\"url\":\"https:\/\/www.solidrenner.com\/\",\"name\":\"Solid Renner\",\"description\":\"Le vernici per il parquet di Renner Italia\",\"potentialAction\":[{\"@type\":\"SearchAction\",\"target\":{\"@type\":\"EntryPoint\",\"urlTemplate\":\"https:\/\/www.solidrenner.com\/?s={search_term_string}\"},\"query-input\":{\"@type\":\"PropertyValueSpecification\",\"valueRequired\":true,\"valueName\":\"search_term_string\"}}],\"inLanguage\":\"de-DE\"}]}<\/script>\n<!-- \/ Yoast SEO plugin. -->","yoast_head_json":{"title":"INTRO - Vernici Parquet Solid Renner","description":"I parquet sono tra le creazioni con cui pi\u00f9 si identificano i luoghi della nostra vita. Su di essi camminano le nostre storie e aspirazioni.","robots":{"index":"index","follow":"follow","max-snippet":"max-snippet:-1","max-image-preview":"max-image-preview:large","max-video-preview":"max-video-preview:-1"},"canonical":"https:\/\/www.solidrenner.com\/parquet-unici\/","og_locale":"de_DE","og_type":"article","og_title":"INTRO - Vernici Parquet Solid Renner","og_description":"I parquet sono tra le creazioni con cui pi\u00f9 si identificano i luoghi della nostra vita. Su di essi camminano le nostre storie e aspirazioni.","og_url":"https:\/\/www.solidrenner.com\/parquet-unici\/","og_site_name":"Solid Renner","article_modified_time":"2018-03-07T11:21:08+00:00","twitter_card":"summary_large_image","twitter_misc":{"Est. reading time":"2 minutes"},"schema":{"@context":"https:\/\/schema.org","@graph":[{"@type":"WebPage","@id":"https:\/\/www.solidrenner.com\/parquet-unici\/","url":"https:\/\/www.solidrenner.com\/parquet-unici\/","name":"INTRO - Vernici Parquet Solid Renner","isPartOf":{"@id":"https:\/\/www.solidrenner.com\/#website"},"datePublished":"2015-10-27T08:17:55+00:00","dateModified":"2018-03-07T11:21:08+00:00","description":"I parquet sono tra le creazioni con cui pi\u00f9 si identificano i luoghi della nostra vita. Su di essi camminano le nostre storie e aspirazioni.","breadcrumb":{"@id":"https:\/\/www.solidrenner.com\/parquet-unici\/#breadcrumb"},"inLanguage":"de-DE","potentialAction":[{"@type":"ReadAction","target":["https:\/\/www.solidrenner.com\/parquet-unici\/"]}]},{"@type":"BreadcrumbList","@id":"https:\/\/www.solidrenner.com\/parquet-unici\/#breadcrumb","itemListElement":[{"@type":"ListItem","position":1,"name":"Home","item":"https:\/\/www.solidrenner.com\/de\/"},{"@type":"ListItem","position":2,"name":"INTRO"}]},{"@type":"WebSite","@id":"https:\/\/www.solidrenner.com\/#website","url":"https:\/\/www.solidrenner.com\/","name":"Solid Renner","description":"Le vernici per il parquet di Renner Italia","potentialAction":[{"@type":"SearchAction","target":{"@type":"EntryPoint","urlTemplate":"https:\/\/www.solidrenner.com\/?s={search_term_string}"},"query-input":{"@type":"PropertyValueSpecification","valueRequired":true,"valueName":"search_term_string"}}],"inLanguage":"de-DE"}]}},"_links":{"self":[{"href":"https:\/\/www.solidrenner.com\/de\/wp-json\/wp\/v2\/pages\/1708","targetHints":{"allow":["GET"]}}],"collection":[{"href":"https:\/\/www.solidrenner.com\/de\/wp-json\/wp\/v2\/pages"}],"about":[{"href":"https:\/\/www.solidrenner.com\/de\/wp-json\/wp\/v2\/types\/page"}],"author":[{"embeddable":true,"href":"https:\/\/www.solidrenner.com\/de\/wp-json\/wp\/v2\/users\/1"}],"replies":[{"embeddable":true,"href":"https:\/\/www.solidrenner.com\/de\/wp-json\/wp\/v2\/comments?post=1708"}],"version-history":[{"count":5,"href":"https:\/\/www.solidrenner.com\/de\/wp-json\/wp\/v2\/pages\/1708\/revisions"}],"predecessor-version":[{"id":2609,"href":"https:\/\/www.solidrenner.com\/de\/wp-json\/wp\/v2\/pages\/1708\/revisions\/2609"}],"wp:attachment":[{"href":"https:\/\/www.solidrenner.com\/de\/wp-json\/wp\/v2\/media?parent=1708"}],"curies":[{"name":"wp","href":"https:\/\/api.w.org\/{rel}","templated":true}]}}